{"id":35716,"date":"2025-12-30T12:11:31","date_gmt":"2025-12-30T12:11:31","guid":{"rendered":"https:\/\/abadia-retuerta.com\/?page_id=35716"},"modified":"2026-01-16T11:47:27","modified_gmt":"2026-01-16T11:47:27","slug":"formulario-the-craft","status":"publish","type":"page","link":"https:\/\/abadia-retuerta.com\/en\/formulario-the-craft\/","title":{"rendered":"Formulario The Craft"},"content":{"rendered":"\t\t<div data-elementor-type=\"wp-page\" data-elementor-id=\"35716\" class=\"elementor elementor-35716\" data-elementor-post-type=\"page\">\n\t\t\t\t<div class=\"elementor-element elementor-element-61d6d02 e-con-full elementor-hidden-desktop elementor-hidden-tablet elementor-hidden-mobile e-flex e-con e-parent\" data-id=\"61d6d02\" data-element_type=\"container\" data-e-type=\"container\" data-settings=\"{&quot;background_background&quot;:&quot;classic&quot;,&quot;motion_fx_motion_fx_scrolling&quot;:&quot;yes&quot;,&quot;motion_fx_devices&quot;:[&quot;desktop&quot;,&quot;tablet&quot;,&quot;mobile&quot;]}\">\n\t\t<div class=\"elementor-element elementor-element-975e800 e-con-full e-flex e-con e-child\" data-id=\"975e800\" data-element_type=\"container\" data-e-type=\"container\">\n\t\t\t\t<div class=\"elementor-element elementor-element-4d55ed7 elementor-widget elementor-widget-heading\" data-id=\"4d55ed7\" data-element_type=\"widget\" data-e-type=\"widget\" data-widget_type=\"heading.default\">\n\t\t\t\t<div class=\"elementor-widget-container\">\n\t\t\t\t\t<h1 class=\"elementor-heading-title elementor-size-default\">The Craft<\/h1>\t\t\t\t<\/div>\n\t\t\t\t<\/div>\n\t\t\t\t<div class=\"elementor-element elementor-element-d8e6b00 elementor-widget elementor-widget-heading\" data-id=\"d8e6b00\" data-element_type=\"widget\" data-e-type=\"widget\" data-widget_type=\"heading.default\">\n\t\t\t\t<div class=\"elementor-widget-container\">\n\t\t\t\t\t<p class=\"elementor-heading-title elementor-size-default\">la casa de Abad\u00eda Retuerta en el coraz\u00f3n de Madrid<\/p>\t\t\t\t<\/div>\n\t\t\t\t<\/div>\n\t\t\t\t<\/div>\n\t\t\t\t<\/div>\n\t\t<div class=\"elementor-element elementor-element-3ac5fb5 e-flex e-con-boxed e-con e-parent\" data-id=\"3ac5fb5\" data-element_type=\"container\" data-e-type=\"container\">\n\t\t\t\t\t<div class=\"e-con-inner\">\n\t\t\t\t<div class=\"elementor-element elementor-element-535637e elementor-widget elementor-widget-heading\" data-id=\"535637e\" data-element_type=\"widget\" data-e-type=\"widget\" data-widget_type=\"heading.default\">\n\t\t\t\t<div class=\"elementor-widget-container\">\n\t\t\t\t\t<h1 class=\"elementor-heading-title elementor-size-default\">The Craft<\/h1>\t\t\t\t<\/div>\n\t\t\t\t<\/div>\n\t\t\t\t<div class=\"elementor-element elementor-element-fbb5c4a elementor-widget elementor-widget-heading\" data-id=\"fbb5c4a\" data-element_type=\"widget\" data-e-type=\"widget\" data-widget_type=\"heading.default\">\n\t\t\t\t<div class=\"elementor-widget-container\">\n\t\t\t\t\t<p class=\"elementor-heading-title elementor-size-default\">The Abad\u00eda Retuerta residence in the heart of Madrid<\/p>\t\t\t\t<\/div>\n\t\t\t\t<\/div>\n\t\t\t\t\t<\/div>\n\t\t\t\t<\/div>\n\t\t<div class=\"elementor-element elementor-element-600d1b3 e-flex e-con-boxed e-con e-parent\" data-id=\"600d1b3\" data-element_type=\"container\" data-e-type=\"container\">\n\t\t\t\t\t<div class=\"e-con-inner\">\n\t\t\t\t<div class=\"elementor-element elementor-element-e61a263 elementor-widget elementor-widget-text-editor\" data-id=\"e61a263\" data-element_type=\"widget\" data-e-type=\"widget\" data-widget_type=\"text-editor.default\">\n\t\t\t\t<div class=\"elementor-widget-container\">\n\t\t\t\t\t\t\t\t\t<h4>We would like to continue sharing unique moments with you.<\/h4>\t\t\t\t\t\t\t\t<\/div>\n\t\t\t\t<\/div>\n\t\t\t\t<div class=\"elementor-element elementor-element-b064966 elementor-widget elementor-widget-text-editor\" data-id=\"b064966\" data-element_type=\"widget\" data-e-type=\"widget\" data-widget_type=\"text-editor.default\">\n\t\t\t\t<div class=\"elementor-widget-container\">\n\t\t\t\t\t\t\t\t\t<p><span style=\"font-size: 12pt;\">Please fill in your details in the form below for further contact.<\/span><\/p>\t\t\t\t\t\t\t\t<\/div>\n\t\t\t\t<\/div>\n\t\t\t\t\t<\/div>\n\t\t\t\t<\/div>\n\t\t<div class=\"elementor-element elementor-element-8337008 e-flex e-con-boxed e-con e-parent\" data-id=\"8337008\" data-element_type=\"container\" data-e-type=\"container\">\n\t\t\t\t\t<div class=\"e-con-inner\">\n\t\t<div class=\"elementor-element elementor-element-e8675a6 e-con-full e-flex e-con e-child\" data-id=\"e8675a6\" data-element_type=\"container\" data-e-type=\"container\">\n\t\t\t\t<div class=\"elementor-element elementor-element-70173a3 elementor-widget elementor-widget-html\" data-id=\"70173a3\" data-element_type=\"widget\" data-e-type=\"widget\" data-widget_type=\"html.default\">\n\t\t\t\t<div class=\"elementor-widget-container\">\n\t\t\t\t\t    <script>\n        function timestamp() {\n            var response = document.getElementById(\"g-recaptcha-response\");\n            if (response == null || response.value.trim() == \"\") {\n                var elems = JSON.parse(document.getElementsByName(\"captcha_settings\")[0].value);\n                elems[\"ts\"] = JSON.stringify(new Date().getTime());\n                document.getElementsByName(\"captcha_settings\")[0].value = JSON.stringify(elems);\n            }\n        }\n        setInterval(timestamp, 500);\n    <\/script>\n    \n    <div class=\"form-container\">\n        <form action=\"https:\/\/webto.salesforce.com\/servlet\/servlet.WebToLead?encoding=UTF-8&orgId=00D1t000000Cn69\" method=\"POST\">\n            <input type=\"hidden\" name=\"oid\" value=\"00D1t000000Cn69\">\n            <input type=\"hidden\" name=\"retURL\" value=\"https:\/\/abadia-retuerta.com\/en\/formulario-the-craft\/?sff_success=1\">\n            <input type=\"hidden\" id=\"00N1t00000LYoc8\" name=\"00N1t00000LYoc8\" value=\"TheCraft\" \/>\n            <input type=\"hidden\" name=\"lead_source\" value=\"Visits The Craft\"\/>\n            <input type=\"hidden\" name=\"captcha_settings\" value='{\"keyname\":\"Abadia_Nueva_Web_11_2025_Bis\",\"fallback\":\"true\",\"orgId\":\"00D1t000000Cn69\",\"ts\":\"\"}'>\n            \n            <!-- IDIOMA (oculto) -->\n            <input type=\"hidden\" name=\"00N1t00000LYoc2\" id=\"00N1t00000LYoc2\" value=\"en_US\">\n\n            <!-- <input type=hidden name='captcha_settings' value='{\"keyname\":\"Abadia_Nueva_Web_09_2025\",\"fallback\":\"true\",\"orgId\":\"00D1t000000Cn69\",\"ts\":\"\"}'>-->\n\n            <!-- NOMBRE Y APELLIDOS -->\n            <div class=\"form-row\">\n                <div class=\"form-group\">\n                    <label class=\"title-sales-form-field\" for=\"first_name\">Name<\/label>\n                    <input id=\"first_name\" name=\"first_name\" type=\"text\">\n                <\/div>\n                <div class=\"form-group\">\n                    <label class=\"title-sales-form-field\" for=\"last_name\">Last Name<\/label>\n                    <input id=\"last_name\" name=\"last_name\" type=\"text\">\n                <\/div>\n            <\/div>\n\n            <!-- CORREO Y EMPRESA -->\n            <div class=\"form-row\">\n                <div class=\"form-group\">\n                    <label class=\"title-sales-form-field\" for=\"email\">Email<\/label>\n                    <input id=\"email\" name=\"email\" type=\"email\">\n                <\/div>\n                <div class=\"form-group\">\n                    <label class=\"title-sales-form-field\" for=\"company\">Company<\/label>\n                    <input id=\"company\" name=\"company\" type=\"text\" maxlength=\"40\">\n                <\/div>\n            <\/div>\n\n            <!-- POL\u00cdTICAS DE PRIVACIDAD -->\n            <div class=\"form-row full\">\n                <div class=\"form-group\">\n                    <label class=\"terms_and_policy\">\n                        <input id=\"00N1t00000LYobx\" name=\"00N1t00000LYobx\" type=\"checkbox\" value=\"1\">\n                        I have read                        <a href=\"https:\/\/abadiaretuerta2.adaurea.com\/politica-de-privacidad\/\" target=\"_blank\" rel=\"noopener\">Privacy Politic<\/a>\n                        of the site and the                        <a href=\"https:\/\/abadiaretuerta2.adaurea.com\/proteccion-de-datos\/\" target=\"_blank\" rel=\"noopener\">Term of Conditions<\/a>\n                        of my personal data                    <\/label>\n                <\/div>\n            <\/div>\n\n                <div class=\"form-row full\">\n        <div class=\"form-group\">\n            <div class=\"g-recaptcha\" data-sitekey=\"6LfTGAosAAAAAH8C609IOZjXKEkoFDc1QUQjbA3D\"><\/div>\n        <\/div>\n    <\/div>\n        <div class=\"form-submit-container\">\n        <input class=\"form-group-submit-button\" type=\"submit\" name=\"submit\" value=\"Submit\">\n    <\/div>\n                \n        <\/form>\n    <\/div>\n        <div id=\"sff-success-modal\" class=\"sff-modal\" aria-hidden=\"true\">\n        <div class=\"sff-modal__backdrop\" data-sff-close><\/div>\n\n        <div class=\"sff-modal__dialog\" role=\"dialog\" aria-modal=\"true\" aria-labelledby=\"sff-modal-title\">\n            <h3 id=\"sff-modal-title\" class=\"sff-modal__title\">\n                Message sent successfully            <\/h3>\n\n            <p id=\"sff-modal-message\" class=\"sff-modal__message\">\n                We have received your request for information successfully. We will contact you shortly.            <\/p>\n\n            <button type=\"button\" class=\"sff-modal__close\" data-sff-close>\n                Close            <\/button>\n        <\/div>\n    <\/div>\n    \n    \n\t\t\t\t<\/div>\n\t\t\t\t<\/div>\n\t\t\t\t<\/div>\n\t\t\t\t\t<\/div>\n\t\t\t\t<\/div>\n\t\t\t\t<\/div>\n\t\t","protected":false},"excerpt":{"rendered":"<p>The Craft la casa de Abad\u00eda Retuerta en el coraz\u00f3n de Madrid The Craft The Abad\u00eda Retuerta residence in the heart of Madrid We would like to continue sharing unique moments with you. Please fill in your details in the form below for further contact.<\/p>\n","protected":false},"author":106890,"featured_media":0,"parent":0,"menu_order":0,"comment_status":"closed","ping_status":"closed","template":"","meta":{"footnotes":""},"class_list":["post-35716","page","type-page","status-publish","hentry"],"acf":[],"_links":{"self":[{"href":"https:\/\/abadia-retuerta.com\/en\/wp-json\/wp\/v2\/pages\/35716","targetHints":{"allow":["GET"]}}],"collection":[{"href":"https:\/\/abadia-retuerta.com\/en\/wp-json\/wp\/v2\/pages"}],"about":[{"href":"https:\/\/abadia-retuerta.com\/en\/wp-json\/wp\/v2\/types\/page"}],"author":[{"embeddable":true,"href":"https:\/\/abadia-retuerta.com\/en\/wp-json\/wp\/v2\/users\/106890"}],"replies":[{"embeddable":true,"href":"https:\/\/abadia-retuerta.com\/en\/wp-json\/wp\/v2\/comments?post=35716"}],"version-history":[{"count":20,"href":"https:\/\/abadia-retuerta.com\/en\/wp-json\/wp\/v2\/pages\/35716\/revisions"}],"predecessor-version":[{"id":36146,"href":"https:\/\/abadia-retuerta.com\/en\/wp-json\/wp\/v2\/pages\/35716\/revisions\/36146"}],"wp:attachment":[{"href":"https:\/\/abadia-retuerta.com\/en\/wp-json\/wp\/v2\/media?parent=35716"}],"curies":[{"name":"wp","href":"https:\/\/api.w.org\/{rel}","templated":true}]}}