{"id":29402,"date":"2025-09-17T14:10:24","date_gmt":"2025-09-17T14:10:24","guid":{"rendered":"http:\/\/abadia-retuerta.com\/the-craft\/"},"modified":"2026-02-19T11:47:13","modified_gmt":"2026-02-19T11:47:13","slug":"the-craft","status":"publish","type":"page","link":"https:\/\/abadia-retuerta.com\/en\/the-craft\/","title":{"rendered":"The Craft"},"content":{"rendered":"\t\t<div data-elementor-type=\"wp-page\" data-elementor-id=\"29402\" class=\"elementor elementor-29402 elementor-25738\" data-elementor-post-type=\"page\">\n\t\t\t\t<div class=\"elementor-element elementor-element-76dea1e2 e-con-full e-flex e-con e-parent\" data-id=\"76dea1e2\" data-element_type=\"container\" data-e-type=\"container\" data-settings=\"{&quot;background_background&quot;:&quot;classic&quot;,&quot;motion_fx_motion_fx_scrolling&quot;:&quot;yes&quot;,&quot;motion_fx_devices&quot;:[&quot;desktop&quot;,&quot;tablet&quot;,&quot;mobile&quot;]}\">\n\t\t<div class=\"elementor-element elementor-element-7310a3dd e-con-full e-flex e-con e-child\" data-id=\"7310a3dd\" data-element_type=\"container\" data-e-type=\"container\">\n\t\t\t\t<div class=\"elementor-element elementor-element-11589617 elementor-widget elementor-widget-heading\" data-id=\"11589617\" data-element_type=\"widget\" data-e-type=\"widget\" data-widget_type=\"heading.default\">\n\t\t\t\t<div class=\"elementor-widget-container\">\n\t\t\t\t\t<h1 class=\"elementor-heading-title elementor-size-default\">The Craft<\/h1>\t\t\t\t<\/div>\n\t\t\t\t<\/div>\n\t\t\t\t<\/div>\n\t\t\t\t<\/div>\n\t\t<div class=\"elementor-element elementor-element-5ffb2be e-flex e-con-boxed e-con e-parent\" data-id=\"5ffb2be\" data-element_type=\"container\" data-e-type=\"container\" data-settings=\"{&quot;background_background&quot;:&quot;classic&quot;}\">\n\t\t\t\t\t<div class=\"e-con-inner\">\n\t\t<div class=\"elementor-element elementor-element-df0e2d2 e-flex e-con-boxed e-con e-child\" data-id=\"df0e2d2\" data-element_type=\"container\" data-e-type=\"container\">\n\t\t\t\t\t<div class=\"e-con-inner\">\n\t\t<div class=\"elementor-element elementor-element-92202e2 e-grid e-con-boxed e-con e-child\" data-id=\"92202e2\" data-element_type=\"container\" data-e-type=\"container\">\n\t\t\t\t\t<div class=\"e-con-inner\">\n\t\t<div class=\"elementor-element elementor-element-467d581 e-con-full e-flex e-con e-child\" data-id=\"467d581\" data-element_type=\"container\" data-e-type=\"container\">\n\t\t\t\t<div class=\"elementor-element elementor-element-570c210 elementor-widget elementor-widget-heading\" data-id=\"570c210\" data-element_type=\"widget\" data-e-type=\"widget\" data-widget_type=\"heading.default\">\n\t\t\t\t<div class=\"elementor-widget-container\">\n\t\t\t\t\t<h2 class=\"elementor-heading-title elementor-size-default\">The Craft, the home of Abad\u00eda Retuerta  \n<\/h2>\t\t\t\t<\/div>\n\t\t\t\t<\/div>\n\t\t\t\t<\/div>\n\t\t<div class=\"elementor-element elementor-element-26bcda6 e-con-full e-flex e-con e-child\" data-id=\"26bcda6\" data-element_type=\"container\" data-e-type=\"container\">\n\t\t\t\t<div class=\"elementor-element elementor-element-79e7e01 elementor-widget elementor-widget-text-editor\" data-id=\"79e7e01\" data-element_type=\"widget\" data-e-type=\"widget\" data-widget_type=\"text-editor.default\">\n\t\t\t\t<div class=\"elementor-widget-container\">\n\t\t\t\t\t\t\t\t\t<p class=\"no-plus\">A unique space that represents the Douro Valley in the heart of Madrid: a place where art, wine, gastronomy, creativity and ideas converge to create unique experiences.<\/p>\t\t\t\t\t\t\t\t<\/div>\n\t\t\t\t<\/div>\n\t\t\t\t<div class=\"elementor-element elementor-element-1dadd28 elementor-widget elementor-widget-text-editor\" data-id=\"1dadd28\" data-element_type=\"widget\" data-e-type=\"widget\" data-widget_type=\"text-editor.default\">\n\t\t\t\t<div class=\"elementor-widget-container\">\n\t\t\t\t\t\t\t\t\t<div class=\"ab-paragraph-text \"><p>Contact: <span data-teams=\"true\">thecraft@abadia-retuerta.es<\/span> or phone <span data-teams=\"true\">+34 600 402 094<\/span><\/p><\/div>\t\t\t\t\t\t\t\t<\/div>\n\t\t\t\t<\/div>\n\t\t\t\t<\/div>\n\t\t\t\t\t<\/div>\n\t\t\t\t<\/div>\n\t\t\t\t<div class=\"elementor-element elementor-element-fa1311b elementor-widget elementor-widget-button\" data-id=\"fa1311b\" data-element_type=\"widget\" data-e-type=\"widget\" data-widget_type=\"button.default\">\n\t\t\t\t<div class=\"elementor-widget-container\">\n\t\t\t\t\t\t\t\t\t<div class=\"elementor-button-wrapper\">\n\t\t\t\t\t<a class=\"elementor-button elementor-button-link elementor-size-sm\" href=\"https:\/\/abadia-retuerta.com\/wp-content\/uploads\/2026\/02\/The-Craft_El-valle-del-Duero-en-Madrid_-La-Casa-de-Abadia-Retuerta-2025.pdf\">\n\t\t\t\t\t\t<span class=\"elementor-button-content-wrapper\">\n\t\t\t\t\t\t\t\t\t<span class=\"elementor-button-text\">view dossier the craft<\/span>\n\t\t\t\t\t<\/span>\n\t\t\t\t\t<\/a>\n\t\t\t\t<\/div>\n\t\t\t\t\t\t\t\t<\/div>\n\t\t\t\t<\/div>\n\t\t\t\t\t<\/div>\n\t\t\t\t<\/div>\n\t\t\t\t\t<\/div>\n\t\t\t\t<\/div>\n\t\t<div class=\"elementor-element elementor-element-58b3c11b e-flex e-con-boxed e-con e-parent\" data-id=\"58b3c11b\" data-element_type=\"container\" data-e-type=\"container\">\n\t\t\t\t\t<div class=\"e-con-inner\">\n\t\t<div class=\"elementor-element elementor-element-1a42d324 e-flex e-con-boxed e-con e-child\" data-id=\"1a42d324\" data-element_type=\"container\" data-e-type=\"container\">\n\t\t\t\t\t<div class=\"e-con-inner\">\n\t\t<div class=\"elementor-element elementor-element-5f81a39b e-grid e-con-boxed e-con e-child\" data-id=\"5f81a39b\" data-element_type=\"container\" data-e-type=\"container\">\n\t\t\t\t\t<div class=\"e-con-inner\">\n\t\t<div class=\"elementor-element elementor-element-3fdc3be1 e-con-full e-flex e-con e-child\" data-id=\"3fdc3be1\" data-element_type=\"container\" data-e-type=\"container\">\n\t\t\t\t<div class=\"elementor-element elementor-element-1e9bae30 elementor-widget elementor-widget-text-editor\" data-id=\"1e9bae30\" data-element_type=\"widget\" data-e-type=\"widget\" data-widget_type=\"text-editor.default\">\n\t\t\t\t<div class=\"elementor-widget-container\">\n\t\t\t\t\t\t\t\t\t<p>Abad\u00eda Retuerta in Madrid<\/p>\t\t\t\t\t\t\t\t<\/div>\n\t\t\t\t<\/div>\n\t\t\t\t<div class=\"elementor-element elementor-element-6b0287f3 elementor-widget elementor-widget-heading\" data-id=\"6b0287f3\" data-element_type=\"widget\" data-e-type=\"widget\" data-widget_type=\"heading.default\">\n\t\t\t\t<div class=\"elementor-widget-container\">\n\t\t\t\t\t<h2 class=\"elementor-heading-title elementor-size-default\">An exclusive meeting point  \n<\/h2>\t\t\t\t<\/div>\n\t\t\t\t<\/div>\n\t\t\t\t<\/div>\n\t\t<div class=\"elementor-element elementor-element-2384e586 e-con-full e-flex e-con e-child\" data-id=\"2384e586\" data-element_type=\"container\" data-e-type=\"container\">\n\t\t\t\t<div class=\"elementor-element elementor-element-68c4f74b elementor-widget elementor-widget-text-editor\" data-id=\"68c4f74b\" data-element_type=\"widget\" data-e-type=\"widget\" data-widget_type=\"text-editor.default\">\n\t\t\t\t<div class=\"elementor-widget-container\">\n\t\t\t\t\t\t\t\t\t<p><strong>The Craft, located at Calle Fernando el Santo 20<\/strong>, in the heart of Madrid, is an ideal space for holding conferences, colloquiums, exhibitions, awards and a variety of exclusive events. A multidisciplinary space of <strong>160 square meters<\/strong>, located in a contemporary building of the capital. <\/p>\t\t\t\t\t\t\t\t<\/div>\n\t\t\t\t<\/div>\n\t\t\t\t<\/div>\n\t\t<div class=\"elementor-element elementor-element-5674c6fb e-con-full e-flex e-con e-child\" data-id=\"5674c6fb\" data-element_type=\"container\" data-e-type=\"container\">\n\t\t\t\t<div class=\"elementor-element elementor-element-3abc72a6 elementor-widget elementor-widget-text-editor\" data-id=\"3abc72a6\" data-element_type=\"widget\" data-e-type=\"widget\" data-widget_type=\"text-editor.default\">\n\t\t\t\t<div class=\"elementor-widget-container\">\n\t\t\t\t\t\t\t\t\t<div class=\"row no-margin\"><div class=\"ab-paragraph-text \"><p class=\"\">The space consists of <strong>two lounges equipped <\/strong>with imperial tables, <strong>perfect for corporate or private experiences<\/strong>; an office with state-of-the-art facilities and services; as well as an impressive kitchen island with an avant-garde design, perfectly conceived for culinary workshops, tastings with food and wine pairings or gastronomic demonstrations. Undoubtedly, a space of great versatility where innovation and style merge to transform each event into a memorable occasion. <\/p><\/div><\/div><div class=\"links\"> <\/div>\t\t\t\t\t\t\t\t<\/div>\n\t\t\t\t<\/div>\n\t\t\t\t<div class=\"elementor-element elementor-element-f2b1b2a elementor-mobile-align-center elementor-widget elementor-widget-button\" data-id=\"f2b1b2a\" data-element_type=\"widget\" data-e-type=\"widget\" data-widget_type=\"button.default\">\n\t\t\t\t<div class=\"elementor-widget-container\">\n\t\t\t\t\t\t\t\t\t<div class=\"elementor-button-wrapper\">\n\t\t\t\t\t<a class=\"elementor-button elementor-button-link elementor-size-sm\" href=\"#\">\n\t\t\t\t\t\t<span class=\"elementor-button-content-wrapper\">\n\t\t\t\t\t\t\t\t\t<span class=\"elementor-button-text\">See location<\/span>\n\t\t\t\t\t<\/span>\n\t\t\t\t\t<\/a>\n\t\t\t\t<\/div>\n\t\t\t\t\t\t\t\t<\/div>\n\t\t\t\t<\/div>\n\t\t\t\t<\/div>\n\t\t\t\t\t<\/div>\n\t\t\t\t<\/div>\n\t\t\t\t\t<\/div>\n\t\t\t\t<\/div>\n\t\t\t\t<div class=\"elementor-element elementor-element-33e7d5d1 elementor-widget elementor-widget-image\" data-id=\"33e7d5d1\" data-element_type=\"widget\" data-e-type=\"widget\" data-widget_type=\"image.default\">\n\t\t\t\t<div class=\"elementor-widget-container\">\n\t\t\t\t\t\t\t\t\t\t\t\t\t\t\t<img fetchpriority=\"high\" decoding=\"async\" width=\"800\" height=\"534\" src=\"https:\/\/abadia-retuerta.com\/wp-content\/uploads\/2025\/09\/image-70-1024x684.webp\" class=\"attachment-large size-large wp-image-29404\" alt=\"\" srcset=\"https:\/\/abadia-retuerta.com\/wp-content\/uploads\/2025\/09\/image-70-1024x684.webp 1024w, https:\/\/abadia-retuerta.com\/wp-content\/uploads\/2025\/09\/image-70-300x200.webp 300w, https:\/\/abadia-retuerta.com\/wp-content\/uploads\/2025\/09\/image-70-768x513.webp 768w, https:\/\/abadia-retuerta.com\/wp-content\/uploads\/2025\/09\/image-70-1536x1025.webp 1536w, https:\/\/abadia-retuerta.com\/wp-content\/uploads\/2025\/09\/image-70-2048x1367.webp 2048w, https:\/\/abadia-retuerta.com\/wp-content\/uploads\/2025\/09\/image-70-600x401.webp 600w\" sizes=\"(max-width: 800px) 100vw, 800px\" title=\"\">\t\t\t\t\t\t\t\t\t\t\t\t\t\t\t<\/div>\n\t\t\t\t<\/div>\n\t\t\t\t\t<\/div>\n\t\t\t\t<\/div>\n\t\t<div class=\"elementor-element elementor-element-ec1c334 e-flex e-con-boxed e-con e-parent\" data-id=\"ec1c334\" data-element_type=\"container\" data-e-type=\"container\" data-settings=\"{&quot;background_background&quot;:&quot;classic&quot;}\">\n\t\t\t\t\t<div class=\"e-con-inner\">\n\t\t<div class=\"elementor-element elementor-element-7a37f7d e-con-full e-flex e-con e-child\" data-id=\"7a37f7d\" data-element_type=\"container\" data-e-type=\"container\">\n\t\t\t\t<div class=\"elementor-element elementor-element-0ffcaff elementor-widget elementor-widget-heading\" data-id=\"0ffcaff\" data-element_type=\"widget\" data-e-type=\"widget\" data-widget_type=\"heading.default\">\n\t\t\t\t<div class=\"elementor-widget-container\">\n\t\t\t\t\t<h2 class=\"elementor-heading-title elementor-size-default\">An exquisite design\n<\/h2>\t\t\t\t<\/div>\n\t\t\t\t<\/div>\n\t\t\t\t<div class=\"elementor-element elementor-element-eb31f0d elementor-widget elementor-widget-text-editor\" data-id=\"eb31f0d\" data-element_type=\"widget\" data-e-type=\"widget\" data-widget_type=\"text-editor.default\">\n\t\t\t\t<div class=\"elementor-widget-container\">\n\t\t\t\t\t\t\t\t\t<p class=\"plus\">The Craft has been exquisitely decorated with a combination of artwork and designer furnishings, fusing functionality and aesthetics, creating a space with a unique artistic atmosphere.<\/p><p class=\"\">It features a meticulous selection of works of art that reflect the values of Abad\u00eda Retuerta and includes iconic pieces <strong>by Eduardo Chillida, Cristina Mej\u00edas, Lawrence Weiner, Mario Vald\u00e9s, Aurora Hernando<\/strong>, among others. This is a traveling collection, which will be renewed periodically to offer new artistic expressions. <\/p>\t\t\t\t\t\t\t\t<\/div>\n\t\t\t\t<\/div>\n\t\t\t\t<\/div>\n\t\t<div class=\"elementor-element elementor-element-28bc437 e-con-full e-flex e-con e-child\" data-id=\"28bc437\" data-element_type=\"container\" data-e-type=\"container\">\n\t\t\t\t<div class=\"elementor-element elementor-element-b9b1e9d elementor-widget elementor-widget-image\" data-id=\"b9b1e9d\" data-element_type=\"widget\" data-e-type=\"widget\" data-widget_type=\"image.default\">\n\t\t\t\t<div class=\"elementor-widget-container\">\n\t\t\t\t\t\t\t\t\t\t\t\t\t\t\t<img decoding=\"async\" width=\"2560\" height=\"1668\" src=\"https:\/\/abadia-retuerta.com\/wp-content\/uploads\/2025\/09\/image-71.webp\" class=\"attachment-full size-full wp-image-29405\" alt=\"\" srcset=\"https:\/\/abadia-retuerta.com\/wp-content\/uploads\/2025\/09\/image-71.webp 2560w, https:\/\/abadia-retuerta.com\/wp-content\/uploads\/2025\/09\/image-71-300x195.webp 300w, https:\/\/abadia-retuerta.com\/wp-content\/uploads\/2025\/09\/image-71-1024x667.webp 1024w, https:\/\/abadia-retuerta.com\/wp-content\/uploads\/2025\/09\/image-71-768x500.webp 768w, https:\/\/abadia-retuerta.com\/wp-content\/uploads\/2025\/09\/image-71-1536x1001.webp 1536w, https:\/\/abadia-retuerta.com\/wp-content\/uploads\/2025\/09\/image-71-2048x1334.webp 2048w, https:\/\/abadia-retuerta.com\/wp-content\/uploads\/2025\/09\/image-71-600x391.webp 600w\" sizes=\"(max-width: 2560px) 100vw, 2560px\" title=\"\">\t\t\t\t\t\t\t\t\t\t\t\t\t\t\t<\/div>\n\t\t\t\t<\/div>\n\t\t\t\t<\/div>\n\t\t\t\t\t<\/div>\n\t\t\t\t<\/div>\n\t\t<div class=\"elementor-element elementor-element-49963df e-flex e-con-boxed e-con e-parent\" data-id=\"49963df\" data-element_type=\"container\" data-e-type=\"container\" data-settings=\"{&quot;background_background&quot;:&quot;classic&quot;}\">\n\t\t\t\t\t<div class=\"e-con-inner\">\n\t\t<div class=\"elementor-element elementor-element-30c0ebc e-con-full e-flex e-con e-child\" data-id=\"30c0ebc\" data-element_type=\"container\" data-e-type=\"container\">\n\t\t\t\t<div class=\"elementor-element elementor-element-670cdc3 elementor-widget elementor-widget-image\" data-id=\"670cdc3\" data-element_type=\"widget\" data-e-type=\"widget\" data-widget_type=\"image.default\">\n\t\t\t\t<div class=\"elementor-widget-container\">\n\t\t\t\t\t\t\t\t\t\t\t\t\t\t\t<img decoding=\"async\" width=\"2560\" height=\"1709\" src=\"https:\/\/abadia-retuerta.com\/wp-content\/uploads\/2025\/09\/image-72.webp\" class=\"attachment-full size-full wp-image-29406\" alt=\"\" srcset=\"https:\/\/abadia-retuerta.com\/wp-content\/uploads\/2025\/09\/image-72.webp 2560w, https:\/\/abadia-retuerta.com\/wp-content\/uploads\/2025\/09\/image-72-300x200.webp 300w, https:\/\/abadia-retuerta.com\/wp-content\/uploads\/2025\/09\/image-72-1024x684.webp 1024w, https:\/\/abadia-retuerta.com\/wp-content\/uploads\/2025\/09\/image-72-768x513.webp 768w, https:\/\/abadia-retuerta.com\/wp-content\/uploads\/2025\/09\/image-72-1536x1025.webp 1536w, https:\/\/abadia-retuerta.com\/wp-content\/uploads\/2025\/09\/image-72-2048x1367.webp 2048w, https:\/\/abadia-retuerta.com\/wp-content\/uploads\/2025\/09\/image-72-600x401.webp 600w\" sizes=\"(max-width: 2560px) 100vw, 2560px\" title=\"\">\t\t\t\t\t\t\t\t\t\t\t\t\t\t\t<\/div>\n\t\t\t\t<\/div>\n\t\t\t\t<\/div>\n\t\t<div class=\"elementor-element elementor-element-6987247 e-con-full e-flex e-con e-child\" data-id=\"6987247\" data-element_type=\"container\" data-e-type=\"container\">\n\t\t\t\t<div class=\"elementor-element elementor-element-dbf3d1d elementor-widget elementor-widget-heading\" data-id=\"dbf3d1d\" data-element_type=\"widget\" data-e-type=\"widget\" data-widget_type=\"heading.default\">\n\t\t\t\t<div class=\"elementor-widget-container\">\n\t\t\t\t\t<h2 class=\"elementor-heading-title elementor-size-default\">Services<\/h2>\t\t\t\t<\/div>\n\t\t\t\t<\/div>\n\t\t\t\t<div class=\"elementor-element elementor-element-854dd1f elementor-widget elementor-widget-text-editor\" data-id=\"854dd1f\" data-element_type=\"widget\" data-e-type=\"widget\" data-widget_type=\"text-editor.default\">\n\t\t\t\t<div class=\"elementor-widget-container\">\n\t\t\t\t\t\t\t\t\t<p class=\"plus\"><strong>Concierge service<\/strong> for the coordination and organization of any type of corporate or private event.<\/p><p><strong>Catering service and external assembly.  <\/strong>We offer you a wide range of specialist companies of the highest level and quality.<\/p><p><strong>It has an office and kitchen island.<\/strong><\/p><p>Complete equipment for top management meetings, including audiovisual and communication equipment.<\/p><p><strong>Experiential events<\/strong> such as food and wine tastings, gastronomic demonstrations, culinary and creative workshops.<\/p>\t\t\t\t\t\t\t\t<\/div>\n\t\t\t\t<\/div>\n\t\t\t\t<\/div>\n\t\t\t\t\t<\/div>\n\t\t\t\t<\/div>\n\t\t<div class=\"elementor-element elementor-element-52d15fd5 e-flex e-con-boxed e-con e-parent\" data-id=\"52d15fd5\" data-element_type=\"container\" data-e-type=\"container\">\n\t\t\t\t\t<div class=\"e-con-inner\">\n\t\t<div class=\"elementor-element elementor-element-1440e397 e-flex e-con-boxed e-con e-child\" data-id=\"1440e397\" data-element_type=\"container\" data-e-type=\"container\">\n\t\t\t\t\t<div class=\"e-con-inner\">\n\t\t<div class=\"elementor-element elementor-element-6d6b6660 e-grid e-con-boxed e-con e-child\" data-id=\"6d6b6660\" data-element_type=\"container\" data-e-type=\"container\">\n\t\t\t\t\t<div class=\"e-con-inner\">\n\t\t\t\t<div class=\"elementor-element elementor-element-1ae2ef90 elementor-widget elementor-widget-heading\" data-id=\"1ae2ef90\" data-element_type=\"widget\" data-e-type=\"widget\" data-widget_type=\"heading.default\">\n\t\t\t\t<div class=\"elementor-widget-container\">\n\t\t\t\t\t<h2 class=\"elementor-heading-title elementor-size-default\">Enjoy Abad\u00eda Retuerta<\/h2>\t\t\t\t<\/div>\n\t\t\t\t<\/div>\n\t\t<div class=\"elementor-element elementor-element-68aad449 e-con-full e-flex e-con e-child\" data-id=\"68aad449\" data-element_type=\"container\" data-e-type=\"container\">\n\t\t\t\t<\/div>\n\t\t\t\t\t<\/div>\n\t\t\t\t<\/div>\n\t\t\t\t\t<\/div>\n\t\t\t\t<\/div>\n\t\t\t\t<div class=\"elementor-element elementor-element-57c1e18c elementor-pagination-type-bullets elementor-pagination-position-outside elementor-widget elementor-widget-n-carousel\" data-id=\"57c1e18c\" data-element_type=\"widget\" data-e-type=\"widget\" data-settings=\"{&quot;carousel_items&quot;:[{&quot;slide_title&quot;:&quot;Diapositiva n\\u00ba 1&quot;,&quot;_id&quot;:&quot;873ea1b&quot;},{&quot;slide_title&quot;:&quot;Diapositiva n\\u00ba 2&quot;,&quot;_id&quot;:&quot;1647eac&quot;},{&quot;slide_title&quot;:&quot;Diapositiva n\\u00ba 3&quot;,&quot;_id&quot;:&quot;f9ff54d&quot;}],&quot;slides_to_show&quot;:&quot;3&quot;,&quot;slides_to_show_tablet&quot;:&quot;2&quot;,&quot;slides_to_show_mobile&quot;:&quot;1&quot;,&quot;speed&quot;:500,&quot;pagination&quot;:&quot;bullets&quot;,&quot;image_spacing_custom&quot;:{&quot;unit&quot;:&quot;px&quot;,&quot;size&quot;:10,&quot;sizes&quot;:[]},&quot;image_spacing_custom_tablet&quot;:{&quot;unit&quot;:&quot;px&quot;,&quot;size&quot;:&quot;&quot;,&quot;sizes&quot;:[]},&quot;image_spacing_custom_mobile&quot;:{&quot;unit&quot;:&quot;px&quot;,&quot;size&quot;:&quot;&quot;,&quot;sizes&quot;:[]}}\" data-widget_type=\"nested-carousel.default\">\n\t\t\t\t<div class=\"elementor-widget-container\">\n\t\t\t\t\t\t\t<div class=\"e-n-carousel swiper\" role=\"region\" aria-roledescription=\"carousel\" aria-label=\"Carrusel\" dir=\"ltr\">\n\t\t\t<div class=\"swiper-wrapper\" aria-live=\"polite\">\n\t\t\t\t\t\t\t\t\t\t<div class=\"swiper-slide\" data-slide=\"1\" role=\"group\" aria-roledescription=\"slide\" aria-label=\"1 of 3\">\n\t\t\t\t\t\t\t<div class=\"elementor-element elementor-element-5a6a36b5 e-flex e-con-boxed e-con e-child\" data-id=\"5a6a36b5\" data-element_type=\"container\" data-e-type=\"container\">\n\t\t\t\t\t<div class=\"e-con-inner\">\n\t\t<div class=\"elementor-element elementor-element-34b331e5 e-con-full e-flex e-con e-child\" data-id=\"34b331e5\" data-element_type=\"container\" data-e-type=\"container\">\n\t\t<div class=\"elementor-element elementor-element-28eea8a3 e-con-full e-flex e-con e-child\" data-id=\"28eea8a3\" data-element_type=\"container\" data-e-type=\"container\">\n\t\t\t\t<\/div>\n\t\t\t\t<div class=\"elementor-element elementor-element-7243145c elementor-widget elementor-widget-heading\" data-id=\"7243145c\" data-element_type=\"widget\" data-e-type=\"widget\" data-widget_type=\"heading.default\">\n\t\t\t\t<div class=\"elementor-widget-container\">\n\t\t\t\t\t<h3 class=\"elementor-heading-title elementor-size-default\">Discover our hotel<\/h3>\t\t\t\t<\/div>\n\t\t\t\t<\/div>\n\t\t\t\t<\/div>\n\t\t\t\t\t<\/div>\n\t\t\t\t<\/div>\n\t\t\t\t\t\t\t\t<\/div>\n\t\t\t\t\t\t\t\t\t\t\t<div class=\"swiper-slide\" data-slide=\"2\" role=\"group\" aria-roledescription=\"slide\" aria-label=\"2 of 3\">\n\t\t\t\t\t\t\t<div class=\"elementor-element elementor-element-2bff2f1 e-con-full e-flex e-con e-child\" data-id=\"2bff2f1\" data-element_type=\"container\" data-e-type=\"container\">\n\t\t<div class=\"elementor-element elementor-element-7b663647 e-con-full e-flex e-con e-child\" data-id=\"7b663647\" data-element_type=\"container\" data-e-type=\"container\">\n\t\t\t\t<\/div>\n\t\t\t\t<div class=\"elementor-element elementor-element-415f8ed4 elementor-widget elementor-widget-heading\" data-id=\"415f8ed4\" data-element_type=\"widget\" data-e-type=\"widget\" data-widget_type=\"heading.default\">\n\t\t\t\t<div class=\"elementor-widget-container\">\n\t\t\t\t\t<h3 class=\"elementor-heading-title elementor-size-default\">Explore our winery<\/h3>\t\t\t\t<\/div>\n\t\t\t\t<\/div>\n\t\t\t\t<\/div>\n\t\t\t\t\t\t\t\t<\/div>\n\t\t\t\t\t\t\t\t\t\t\t<div class=\"swiper-slide\" data-slide=\"3\" role=\"group\" aria-roledescription=\"slide\" aria-label=\"3 of 3\">\n\t\t\t\t\t\t\t<div class=\"elementor-element elementor-element-54b5d172 e-flex e-con-boxed e-con e-child\" data-id=\"54b5d172\" data-element_type=\"container\" data-e-type=\"container\">\n\t\t\t\t\t<div class=\"e-con-inner\">\n\t\t<div class=\"elementor-element elementor-element-579e617d e-con-full e-flex e-con e-child\" data-id=\"579e617d\" data-element_type=\"container\" data-e-type=\"container\">\n\t\t<div class=\"elementor-element elementor-element-754f39d8 e-con-full e-flex e-con e-child\" data-id=\"754f39d8\" data-element_type=\"container\" data-e-type=\"container\">\n\t\t\t\t<\/div>\n\t\t\t\t<div class=\"elementor-element elementor-element-7752eb10 elementor-widget elementor-widget-heading\" data-id=\"7752eb10\" data-element_type=\"widget\" data-e-type=\"widget\" data-widget_type=\"heading.default\">\n\t\t\t\t<div class=\"elementor-widget-container\">\n\t\t\t\t\t<h3 class=\"elementor-heading-title elementor-size-default\">Enjoy Santuario Wellness &amp; Spa<\/h3>\t\t\t\t<\/div>\n\t\t\t\t<\/div>\n\t\t\t\t<\/div>\n\t\t\t\t\t<\/div>\n\t\t\t\t<\/div>\n\t\t\t\t\t\t\t\t<\/div>\n\t\t\t\t\t\t\t\t<\/div>\n\t\t<\/div>\n\t\t\t\t\t<div class=\"swiper-pagination\"><\/div>\n\t\t\t\t\t\t<\/div>\n\t\t\t\t<\/div>\n\t\t\t\t\t<\/div>\n\t\t\t\t<\/div>\n\t\t\t\t<\/div>\n\t\t","protected":false},"excerpt":{"rendered":"<p>The Craft The Craft, the home of Abad\u00eda Retuerta A unique space that represents the Douro Valley in the heart of Madrid: a place where art, wine, gastronomy, creativity and ideas converge to create unique experiences. Contact: thecraft@abadia-retuerta.es or phone +34 600 402 094 view dossier the craft Abad\u00eda Retuerta in Madrid An exclusive meeting [&hellip;]<\/p>\n","protected":false},"author":1,"featured_media":0,"parent":0,"menu_order":0,"comment_status":"closed","ping_status":"closed","template":"elementor_header_footer","meta":{"footnotes":""},"class_list":["post-29402","page","type-page","status-publish","hentry"],"acf":[],"_links":{"self":[{"href":"https:\/\/abadia-retuerta.com\/en\/wp-json\/wp\/v2\/pages\/29402","targetHints":{"allow":["GET"]}}],"collection":[{"href":"https:\/\/abadia-retuerta.com\/en\/wp-json\/wp\/v2\/pages"}],"about":[{"href":"https:\/\/abadia-retuerta.com\/en\/wp-json\/wp\/v2\/types\/page"}],"author":[{"embeddable":true,"href":"https:\/\/abadia-retuerta.com\/en\/wp-json\/wp\/v2\/users\/1"}],"replies":[{"embeddable":true,"href":"https:\/\/abadia-retuerta.com\/en\/wp-json\/wp\/v2\/comments?post=29402"}],"version-history":[{"count":10,"href":"https:\/\/abadia-retuerta.com\/en\/wp-json\/wp\/v2\/pages\/29402\/revisions"}],"predecessor-version":[{"id":39180,"href":"https:\/\/abadia-retuerta.com\/en\/wp-json\/wp\/v2\/pages\/29402\/revisions\/39180"}],"wp:attachment":[{"href":"https:\/\/abadia-retuerta.com\/en\/wp-json\/wp\/v2\/media?parent=29402"}],"curies":[{"name":"wp","href":"https:\/\/api.w.org\/{rel}","templated":true}]}}