{"id":28315,"date":"2025-06-10T08:45:06","date_gmt":"2025-06-10T08:45:06","guid":{"rendered":"http:\/\/abadia-retuerta.com\/2-cellar\/team\/"},"modified":"2025-11-09T17:31:39","modified_gmt":"2025-11-09T17:31:39","slug":"team","status":"publish","type":"page","link":"https:\/\/abadia-retuerta.com\/en\/cellar\/team\/","title":{"rendered":"Team"},"content":{"rendered":"\t\t<div data-elementor-type=\"wp-page\" data-elementor-id=\"28315\" class=\"elementor elementor-28315 elementor-500\" data-elementor-post-type=\"page\">\n\t\t\t\t<div class=\"elementor-element elementor-element-287704e5 e-con-full e-flex e-con e-parent\" data-id=\"287704e5\" data-element_type=\"container\" data-e-type=\"container\" data-settings=\"{&quot;background_background&quot;:&quot;classic&quot;,&quot;motion_fx_motion_fx_scrolling&quot;:&quot;yes&quot;,&quot;motion_fx_devices&quot;:[&quot;desktop&quot;,&quot;tablet&quot;,&quot;mobile&quot;]}\">\n\t\t<div class=\"elementor-element elementor-element-21592c0a e-con-full e-flex e-con e-child\" data-id=\"21592c0a\" data-element_type=\"container\" data-e-type=\"container\">\n\t\t\t\t<div class=\"elementor-element elementor-element-7826044d elementor-widget elementor-widget-heading\" data-id=\"7826044d\" data-element_type=\"widget\" data-e-type=\"widget\" data-widget_type=\"heading.default\">\n\t\t\t\t<div class=\"elementor-widget-container\">\n\t\t\t\t\t<h1 class=\"elementor-heading-title elementor-size-default\">Team<\/h1>\t\t\t\t<\/div>\n\t\t\t\t<\/div>\n\t\t\t\t<\/div>\n\t\t\t\t<\/div>\n\t\t<div class=\"elementor-element elementor-element-2fe72b7 e-flex e-con-boxed e-con e-parent\" data-id=\"2fe72b7\" data-element_type=\"container\" data-e-type=\"container\" data-settings=\"{&quot;background_background&quot;:&quot;classic&quot;}\">\n\t\t\t\t\t<div class=\"e-con-inner\">\n\t\t<div class=\"elementor-element elementor-element-4809d51 e-con-full e-flex e-con e-child\" data-id=\"4809d51\" data-element_type=\"container\" data-e-type=\"container\">\n\t\t\t\t<div class=\"elementor-element elementor-element-cf2f0d3 elementor-widget__width-initial elementor-widget elementor-widget-image\" data-id=\"cf2f0d3\" data-element_type=\"widget\" data-e-type=\"widget\" data-widget_type=\"image.default\">\n\t\t\t\t<div class=\"elementor-widget-container\">\n\t\t\t\t\t\t\t\t\t\t\t\t\t\t\t<img fetchpriority=\"high\" decoding=\"async\" width=\"800\" height=\"534\" src=\"https:\/\/abadia-retuerta.com\/wp-content\/uploads\/2025\/06\/N4B7536-min-1024x683-BH2E.webp\" class=\"attachment-large size-large wp-image-28317\" alt=\"\" srcset=\"https:\/\/abadia-retuerta.com\/wp-content\/uploads\/2025\/06\/N4B7536-min-1024x683-BH2E.webp 1024w, https:\/\/abadia-retuerta.com\/wp-content\/uploads\/2025\/06\/N4B7536-min-1024x683-BH2E-300x200.webp 300w, https:\/\/abadia-retuerta.com\/wp-content\/uploads\/2025\/06\/N4B7536-min-1024x683-BH2E-768x512.webp 768w, https:\/\/abadia-retuerta.com\/wp-content\/uploads\/2025\/06\/N4B7536-min-1024x683-BH2E-600x400.webp 600w\" sizes=\"(max-width: 800px) 100vw, 800px\" title=\"\">\t\t\t\t\t\t\t\t\t\t\t\t\t\t\t<\/div>\n\t\t\t\t<\/div>\n\t\t\t\t<\/div>\n\t\t\t\t\t<\/div>\n\t\t\t\t<\/div>\n\t\t<div class=\"elementor-element elementor-element-dd1710a e-flex e-con-boxed e-con e-parent\" data-id=\"dd1710a\" data-element_type=\"container\" data-e-type=\"container\" data-settings=\"{&quot;background_background&quot;:&quot;classic&quot;}\">\n\t\t\t\t\t<div class=\"e-con-inner\">\n\t\t\t\t<div class=\"elementor-element elementor-element-d435b6b elementor-widget elementor-widget-text-editor\" data-id=\"d435b6b\" data-element_type=\"widget\" data-e-type=\"widget\" data-widget_type=\"text-editor.default\">\n\t\t\t\t<div class=\"elementor-widget-container\">\n\t\t\t\t\t\t\t\t\t<p>A historic vineyard, whose roots date back to the 12th century and produce a wine of breed, with character and a unique personality that sets it apart and makes it comparable to the great wines of the world.<\/p><p>Soul, passion and excellence are the backbone of a unique project and its most precious asset, wine, with capital letters.<\/p><p><b>The alma mater<\/b><\/p><p>Abad\u00eda Retuerta finds its essence and raison d&#8217;\u00eatre in single-vineyard wines.<\/p><p>Its alma mater is Pascal Delbeck, who was the ideologist and gave life to what we know today as the Abad\u00eda Retuerta winery. From his hand came \u00c1ngel Anoc\u00edbar, its current winemaker and director, and who took his baton. Now it is he who guides expert hands to create one of the most unique and singular wines that best reflects the personality and uniqueness of the terroir.  <\/p><p><b>\u00c1ngel Anoc\u00edbar<\/b>, winemaker and director of Vi\u00f1edo y Bodega<br>He was born in a small village in the province of Navarra. He studied Viticulture and Oenology at the &#8220;Escuela de la Vid&#8221; in Madrid. Later, he moved to Bordeaux where he obtained his Diplome Nacional d&#8217;Oenologie, Diplome d&#8217;Etudes Approfondies. And it was in 1998 when he obtained his doctorate in Oenology and Ampelography with the European label, being the only Spaniard to achieve such a title.   <\/p><p>After his career in France, such as at Chateau la Jalgue (Cubeirac) and Calon Segur (St. Est\u00e9phe), he began working at Abad\u00eda Retuerta in 1996 under the direction of Pascal Delbeck, French vigneron and advisor to the winery.<\/p><p>Anoc\u00edbar has received numerous awards, as have the wines it produces, which have received high ratings and medals from critics.<\/p><p>In 2005 he was named Winemaker of the Year by the International Wine Challenge (Wine Magazine) and is a member of the International Wine Academy of France.<\/p>\t\t\t\t\t\t\t\t<\/div>\n\t\t\t\t<\/div>\n\t\t\t\t\t<\/div>\n\t\t\t\t<\/div>\n\t\t<div class=\"elementor-element elementor-element-f3de00f e-flex e-con-boxed e-con e-parent\" data-id=\"f3de00f\" data-element_type=\"container\" data-e-type=\"container\" data-settings=\"{&quot;background_background&quot;:&quot;classic&quot;}\">\n\t\t\t\t\t<div class=\"e-con-inner\">\n\t\t<div class=\"elementor-element elementor-element-ecd6887 e-con-full e-flex e-con e-child\" data-id=\"ecd6887\" data-element_type=\"container\" data-e-type=\"container\">\n\t\t\t\t<div class=\"elementor-element elementor-element-cd3b3b7 elementor-widget__width-initial elementor-widget elementor-widget-image\" data-id=\"cd3b3b7\" data-element_type=\"widget\" data-e-type=\"widget\" data-widget_type=\"image.default\">\n\t\t\t\t<div class=\"elementor-widget-container\">\n\t\t\t\t\t\t\t\t\t\t\t\t\t\t\t<img decoding=\"async\" width=\"800\" height=\"534\" src=\"https:\/\/abadia-retuerta.com\/wp-content\/uploads\/2025\/06\/N4B7345-min-1024x683-BH2E.webp\" class=\"attachment-large size-large wp-image-28316\" alt=\"\" srcset=\"https:\/\/abadia-retuerta.com\/wp-content\/uploads\/2025\/06\/N4B7345-min-1024x683-BH2E.webp 1024w, https:\/\/abadia-retuerta.com\/wp-content\/uploads\/2025\/06\/N4B7345-min-1024x683-BH2E-300x200.webp 300w, https:\/\/abadia-retuerta.com\/wp-content\/uploads\/2025\/06\/N4B7345-min-1024x683-BH2E-768x512.webp 768w, https:\/\/abadia-retuerta.com\/wp-content\/uploads\/2025\/06\/N4B7345-min-1024x683-BH2E-600x400.webp 600w\" sizes=\"(max-width: 800px) 100vw, 800px\" title=\"\">\t\t\t\t\t\t\t\t\t\t\t\t\t\t\t<\/div>\n\t\t\t\t<\/div>\n\t\t\t\t<\/div>\n\t\t\t\t\t<\/div>\n\t\t\t\t<\/div>\n\t\t<div class=\"elementor-element elementor-element-2b60728 e-flex e-con-boxed e-con e-parent\" data-id=\"2b60728\" data-element_type=\"container\" data-e-type=\"container\" data-settings=\"{&quot;background_background&quot;:&quot;classic&quot;}\">\n\t\t\t\t\t<div class=\"e-con-inner\">\n\t\t\t\t<div class=\"elementor-element elementor-element-a802e62 elementor-widget elementor-widget-text-editor\" data-id=\"a802e62\" data-element_type=\"widget\" data-e-type=\"widget\" data-widget_type=\"text-editor.default\">\n\t\t\t\t<div class=\"elementor-widget-container\">\n\t\t\t\t\t\t\t\t\t<p><b>Pascal Delbeck<\/b>: vigneron and consultant<br>Descendant of a family in the vineyard for 5 generations and with viticulture and enology studies in Bordeaux and Libourne, in 1979 he began to develop patents related to the work of the vineyard and wine, such as the gravity racking system, the &#8220;ouillage&#8221; system with micro-oxygenation, harvesting in small boxes, the sorting table or the concept of transporting the harvests, among others.<\/p><p>He currently owns Ch\u00e2teau Tour du Pas Saint-Georges, in Saint-Georges Saint-Emilion, and also advises many properties abroad, Turkey, the United States and from its origins Abad\u00eda Retuerta.<\/p><p>Pascal is a member of the Council of the International Wine Academy of Geneva, among other wine brotherhoods, and an Officer of the Order of Agricultural Merit.<\/p>\t\t\t\t\t\t\t\t<\/div>\n\t\t\t\t<\/div>\n\t\t\t\t\t<\/div>\n\t\t\t\t<\/div>\n\t\t\t\t<\/div>\n\t\t","protected":false},"excerpt":{"rendered":"<p>Team A historic vineyard, whose roots date back to the 12th century and produce a wine of breed, with character and a unique personality that sets it apart and makes it comparable to the great wines of the world. Soul, passion and excellence are the backbone of a unique project and its most precious asset, [&hellip;]<\/p>\n","protected":false},"author":1,"featured_media":0,"parent":28294,"menu_order":0,"comment_status":"closed","ping_status":"closed","template":"elementor_header_footer","meta":{"footnotes":""},"class_list":["post-28315","page","type-page","status-publish","hentry"],"acf":[],"_links":{"self":[{"href":"https:\/\/abadia-retuerta.com\/en\/wp-json\/wp\/v2\/pages\/28315","targetHints":{"allow":["GET"]}}],"collection":[{"href":"https:\/\/abadia-retuerta.com\/en\/wp-json\/wp\/v2\/pages"}],"about":[{"href":"https:\/\/abadia-retuerta.com\/en\/wp-json\/wp\/v2\/types\/page"}],"author":[{"embeddable":true,"href":"https:\/\/abadia-retuerta.com\/en\/wp-json\/wp\/v2\/users\/1"}],"replies":[{"embeddable":true,"href":"https:\/\/abadia-retuerta.com\/en\/wp-json\/wp\/v2\/comments?post=28315"}],"version-history":[{"count":1,"href":"https:\/\/abadia-retuerta.com\/en\/wp-json\/wp\/v2\/pages\/28315\/revisions"}],"predecessor-version":[{"id":28318,"href":"https:\/\/abadia-retuerta.com\/en\/wp-json\/wp\/v2\/pages\/28315\/revisions\/28318"}],"up":[{"embeddable":true,"href":"https:\/\/abadia-retuerta.com\/en\/wp-json\/wp\/v2\/pages\/28294"}],"wp:attachment":[{"href":"https:\/\/abadia-retuerta.com\/en\/wp-json\/wp\/v2\/media?parent=28315"}],"curies":[{"name":"wp","href":"https:\/\/api.w.org\/{rel}","templated":true}]}}