{"id":30558,"date":"2025-10-28T16:18:10","date_gmt":"2025-10-28T16:18:10","guid":{"rendered":"http:\/\/abadia-retuerta.com\/product\/cuvee-palomar-2\/"},"modified":"2026-04-05T11:27:18","modified_gmt":"2026-04-05T11:27:18","slug":"cuvee-palomar","status":"publish","type":"product","link":"https:\/\/abadia-retuerta.com\/de\/produkt\/cuvee-palomar\/","title":{"rendered":"Cuv\u00e9e Palomar"},"content":{"rendered":"","protected":false},"excerpt":{"rendered":"<p class=\"no-plus\">Cuv\u00e9e Palomar ist ein Zeichen f\u00fcr Wissen und Exzellenz, die Frucht von Geduld und Hingabe. Ein Wein, der Eleganz, eine besondere Sensibilit\u00e4t und die Suche nach Perfektion symbolisiert.<\/p>\n<p>Ein getreues Spiegelbild der Gr\u00f6\u00dfe der alten Rebsorten der Region, ihrer Qualit\u00e4ten und ihrer Reaktion auf die neuen klimatischen Bedingungen, die unser Terroir bestimmen.<\/p>\n<p id=\"less\" class=\"\">Das Ziel ist heute noch dasselbe wie gestern: eine Assemblage herzustellen. Eine Assemblage aus den Sorten mit der gr\u00f6\u00dften Finesse, Komplexit\u00e4t und Ausgewogenheit von S\u00e4ure und Reife des Weinguts.<\/p>\n","protected":false},"featured_media":30480,"template":"","meta":[],"product_brand":[],"product_cat":[1884],"product_tag":[],"class_list":{"0":"post-30558","1":"product","2":"type-product","3":"status-publish","4":"has-post-thumbnail","6":"product_cat-unsere-weine","8":"first","9":"instock","10":"taxable","11":"shipping-taxable","12":"purchasable","13":"product-type-variable","14":"has-default-attributes"},"composite_virtual":false,"composite_layout":"","composite_add_to_cart_form_location":"","composite_editable_in_cart":false,"composite_sold_individually_context":"","composite_shop_price_calc":"","composite_components":[],"composite_scenarios":[],"bundled_by":["30574"],"bundle_stock_status":"instock","bundle_stock_quantity":null,"bundle_virtual":false,"bundle_layout":"","bundle_add_to_cart_form_location":"","bundle_editable_in_cart":false,"bundle_sold_individually_context":"","bundle_item_grouping":"","bundle_min_size":"","bundle_max_size":"","bundle_price":[],"bundled_items":[],"bundle_sell_ids":[],"acf":[],"_links":{"self":[{"href":"https:\/\/abadia-retuerta.com\/de\/wp-json\/wp\/v2\/product\/30558","targetHints":{"allow":["GET"]}}],"collection":[{"href":"https:\/\/abadia-retuerta.com\/de\/wp-json\/wp\/v2\/product"}],"about":[{"href":"https:\/\/abadia-retuerta.com\/de\/wp-json\/wp\/v2\/types\/product"}],"wp:featuredmedia":[{"embeddable":true,"href":"https:\/\/abadia-retuerta.com\/de\/wp-json\/wp\/v2\/media\/30480"}],"wp:attachment":[{"href":"https:\/\/abadia-retuerta.com\/de\/wp-json\/wp\/v2\/media?parent=30558"}],"wp:term":[{"taxonomy":"product_brand","embeddable":true,"href":"https:\/\/abadia-retuerta.com\/de\/wp-json\/wp\/v2\/product_brand?post=30558"},{"taxonomy":"product_cat","embeddable":true,"href":"https:\/\/abadia-retuerta.com\/de\/wp-json\/wp\/v2\/product_cat?post=30558"},{"taxonomy":"product_tag","embeddable":true,"href":"https:\/\/abadia-retuerta.com\/de\/wp-json\/wp\/v2\/product_tag?post=30558"}],"curies":[{"name":"wp","href":"https:\/\/api.w.org\/{rel}","templated":true}]}}