{"id":30537,"date":"2025-10-28T16:18:11","date_gmt":"2025-10-28T16:18:11","guid":{"rendered":"http:\/\/abadia-retuerta.com\/product\/kit-von-united-for-the-earth\/"},"modified":"2026-04-05T15:37:44","modified_gmt":"2026-04-05T15:37:44","slug":"kit-von-united-for-the-earth","status":"publish","type":"product","link":"https:\/\/abadia-retuerta.com\/de\/produkt\/kit-von-united-for-the-earth\/","title":{"rendered":"Kit von United for the Earth"},"content":{"rendered":"","protected":false},"excerpt":{"rendered":"<p>Es gibt einen Moment, in dem der gemeinsame Weg die Zeit \u00fcbersteigt. Wir nehmen eine Beziehung wieder auf, die auf den Werten basiert, die uns ausmachen: Exzellenz, Nachhaltigkeit, Innovation und tiefer Respekt f\u00fcr unsere Herkunft. <\/p>\n<p>Heute entsteht aus dieser Verbindung die dritte Ausgabe von &#8218;United for the Earth&#8216;, die sich in einem Wein und einem nativen Oliven\u00f6l extra mit einer eigenen Seele, Cuv\u00e9e Palomar 2021 und Summa Varietalis, niederschl\u00e4gt. United for the land&#8220; ist das Ergebnis der Verbindung zwischen zwei Geschichten, die die gleiche Art und Weise teilen, den Ursprung zu verstehen: auf neue Sorten zu setzen, die Forschung zu f\u00f6rdern und mit dem Bewusstsein angesichts des Klimawandels voranzuschreiten. <\/p>\n<p>Ein Zusammenschluss, der aus dem Respekt vor dem Land, dem Wert des Wissens und der \u00dcberzeugung geboren wurde, dass die Zukunft zielgerichtet kultiviert wird.<\/p>\n<p><strong>Cuv\u00e9e Palomar 2021<\/strong><\/p>\n<p>Es ist die perfekte Mischung aus Rebsorten, die im richtigen Verh\u00e4ltnis und mit dem direkten Einfluss des jeweiligen Jahrgangs am besten zu dem neuen Klimakonzept passen.<\/p>\n<p><strong>Summa Varietalis<\/strong><\/p>\n<p>Eine Mischung aus Oliven\u00f6l von Olivenb\u00e4umen aus verschiedenen L\u00e4ndern des Mittelmeerraums, die 2009 in unserem Garten der Sorten neu gepflanzt wurden.<\/p>\n","protected":false},"featured_media":30404,"template":"","meta":[],"product_brand":[],"product_cat":[1893],"product_tag":[],"class_list":{"0":"post-30537","1":"product","2":"type-product","3":"status-publish","4":"has-post-thumbnail","6":"product_cat-personalisierte-etuis","8":"first","9":"instock","10":"taxable","11":"shipping-taxable","12":"purchasable","13":"product-type-variable"},"composite_virtual":false,"composite_layout":"","composite_add_to_cart_form_location":"","composite_editable_in_cart":false,"composite_sold_individually_context":"","composite_shop_price_calc":"","composite_components":[],"composite_scenarios":[],"bundled_by":[],"bundle_stock_status":"instock","bundle_stock_quantity":null,"bundle_virtual":false,"bundle_layout":"","bundle_add_to_cart_form_location":"","bundle_editable_in_cart":false,"bundle_sold_individually_context":"","bundle_item_grouping":"","bundle_min_size":"","bundle_max_size":"","bundle_price":[],"bundled_items":[],"bundle_sell_ids":[],"acf":[],"_links":{"self":[{"href":"https:\/\/abadia-retuerta.com\/de\/wp-json\/wp\/v2\/product\/30537","targetHints":{"allow":["GET"]}}],"collection":[{"href":"https:\/\/abadia-retuerta.com\/de\/wp-json\/wp\/v2\/product"}],"about":[{"href":"https:\/\/abadia-retuerta.com\/de\/wp-json\/wp\/v2\/types\/product"}],"wp:featuredmedia":[{"embeddable":true,"href":"https:\/\/abadia-retuerta.com\/de\/wp-json\/wp\/v2\/media\/30404"}],"wp:attachment":[{"href":"https:\/\/abadia-retuerta.com\/de\/wp-json\/wp\/v2\/media?parent=30537"}],"wp:term":[{"taxonomy":"product_brand","embeddable":true,"href":"https:\/\/abadia-retuerta.com\/de\/wp-json\/wp\/v2\/product_brand?post=30537"},{"taxonomy":"product_cat","embeddable":true,"href":"https:\/\/abadia-retuerta.com\/de\/wp-json\/wp\/v2\/product_cat?post=30537"},{"taxonomy":"product_tag","embeddable":true,"href":"https:\/\/abadia-retuerta.com\/de\/wp-json\/wp\/v2\/product_tag?post=30537"}],"curies":[{"name":"wp","href":"https:\/\/api.w.org\/{rel}","templated":true}]}}