{"id":30489,"date":"2025-10-28T16:18:13","date_gmt":"2025-10-28T16:18:13","guid":{"rendered":"http:\/\/abadia-retuerta.com\/product\/garduna-zahlung\/"},"modified":"2026-04-05T11:27:18","modified_gmt":"2026-04-05T11:27:18","slug":"pago-garduna","status":"publish","type":"product","link":"https:\/\/abadia-retuerta.com\/de\/produkt\/pago-garduna\/","title":{"rendered":"Pago Gardu\u00f1a"},"content":{"rendered":"","protected":false},"excerpt":{"rendered":"<p class=\"no-plus\">Der Pago Gardu\u00f1a ist ein Wein, der ausschlie\u00dflich aus Syrah hergestellt wird, einer Rebsorte, die sich perfekt an das Terroir von Abad\u00eda Retuerta angepasst hat, was ihn besonders und einzigartig macht. Der Boden ist \u00fcberwiegend kalkhaltig, wei\u00df und leuchtend und liegt in einem Tal, das von Pinienb\u00e4umen umgeben ist, die es vor den Winden sch\u00fctzen.<\/p>\n<p id=\"less\" class=\"\">Eleganz und Subtilit\u00e4t \u00fcberwiegen bei diesem eindrucksvollen Rotwein aus exklusiver Produktion, der Syrah-Liebhaber begeistern wird. Ein unendlicher Wein, der voller Ausdruckskraft und raffinierter Reife ist.<\/p>\n","protected":false},"featured_media":30478,"template":"","meta":[],"product_brand":[],"product_cat":[1884],"product_tag":[],"class_list":{"0":"post-30489","1":"product","2":"type-product","3":"status-publish","4":"has-post-thumbnail","6":"product_cat-unsere-weine","8":"first","9":"instock","10":"taxable","11":"shipping-taxable","12":"purchasable","13":"product-type-variable","14":"has-default-attributes"},"composite_virtual":false,"composite_layout":"","composite_add_to_cart_form_location":"","composite_editable_in_cart":false,"composite_sold_individually_context":"","composite_shop_price_calc":"","composite_components":[],"composite_scenarios":[],"bundled_by":[],"bundle_stock_status":"instock","bundle_stock_quantity":null,"bundle_virtual":false,"bundle_layout":"","bundle_add_to_cart_form_location":"","bundle_editable_in_cart":false,"bundle_sold_individually_context":"","bundle_item_grouping":"","bundle_min_size":"","bundle_max_size":"","bundle_price":[],"bundled_items":[],"bundle_sell_ids":[],"acf":[],"_links":{"self":[{"href":"https:\/\/abadia-retuerta.com\/de\/wp-json\/wp\/v2\/product\/30489","targetHints":{"allow":["GET"]}}],"collection":[{"href":"https:\/\/abadia-retuerta.com\/de\/wp-json\/wp\/v2\/product"}],"about":[{"href":"https:\/\/abadia-retuerta.com\/de\/wp-json\/wp\/v2\/types\/product"}],"wp:featuredmedia":[{"embeddable":true,"href":"https:\/\/abadia-retuerta.com\/de\/wp-json\/wp\/v2\/media\/30478"}],"wp:attachment":[{"href":"https:\/\/abadia-retuerta.com\/de\/wp-json\/wp\/v2\/media?parent=30489"}],"wp:term":[{"taxonomy":"product_brand","embeddable":true,"href":"https:\/\/abadia-retuerta.com\/de\/wp-json\/wp\/v2\/product_brand?post=30489"},{"taxonomy":"product_cat","embeddable":true,"href":"https:\/\/abadia-retuerta.com\/de\/wp-json\/wp\/v2\/product_cat?post=30489"},{"taxonomy":"product_tag","embeddable":true,"href":"https:\/\/abadia-retuerta.com\/de\/wp-json\/wp\/v2\/product_tag?post=30489"}],"curies":[{"name":"wp","href":"https:\/\/api.w.org\/{rel}","templated":true}]}}