{"id":30458,"date":"2025-10-28T16:18:14","date_gmt":"2025-10-28T16:18:14","guid":{"rendered":"http:\/\/abadia-retuerta.com\/product\/pago-valdebellon\/"},"modified":"2026-04-05T11:27:19","modified_gmt":"2026-04-05T11:27:19","slug":"pago-valdebellon","status":"publish","type":"product","link":"https:\/\/abadia-retuerta.com\/de\/produkt\/pago-valdebellon\/","title":{"rendered":"Pago Valdebell\u00f3n"},"content":{"rendered":"","protected":false},"excerpt":{"rendered":"<p class=\"no-plus\">Dieser Wein mit gro\u00dfer Pers\u00f6nlichkeit wurde ausschlie\u00dflich aus Cabernet Sauvignon Trauben hergestellt. Nach 30 Jahren zeigt diese Rebsorte eine nahezu perfekte Anpassung an die einzigartige Lage von Pago Valdebell\u00f3n, mit einem kalkhaltigen Terroir, das von einem besonderen Mikroklima im h\u00f6chsten Teil des Weinguts profitiert.<\/p>\n<p id=\"less\" class=\"\">Das Ergebnis ist ein Wein mit einer intensiven, dunklen Farbe, der eine frische, delikate Note von s\u00fc\u00dfen Gew\u00fcrzen, exotischen Fr\u00fcchten und mineralischen Aromen verstr\u00f6mt. Sein lang anhaltendes Bouquet von roten Johannisbeeren und Unterholz verstr\u00f6mt Ethnie. Insgesamt handelt es sich um einen komplexen und gro\u00dfz\u00fcgigen Wein, der als der beste Cabernet Sauvignon Spaniens bekannt und anerkannt ist.<\/p>\n","protected":false},"featured_media":30460,"template":"","meta":[],"product_brand":[],"product_cat":[1884],"product_tag":[],"class_list":{"0":"post-30458","1":"product","2":"type-product","3":"status-publish","4":"has-post-thumbnail","6":"product_cat-unsere-weine","8":"first","9":"instock","10":"taxable","11":"shipping-taxable","12":"purchasable","13":"product-type-variable","14":"has-default-attributes"},"composite_virtual":false,"composite_layout":"","composite_add_to_cart_form_location":"","composite_editable_in_cart":false,"composite_sold_individually_context":"","composite_shop_price_calc":"","composite_components":[],"composite_scenarios":[],"bundled_by":[],"bundle_stock_status":"instock","bundle_stock_quantity":null,"bundle_virtual":false,"bundle_layout":"","bundle_add_to_cart_form_location":"","bundle_editable_in_cart":false,"bundle_sold_individually_context":"","bundle_item_grouping":"","bundle_min_size":"","bundle_max_size":"","bundle_price":[],"bundled_items":[],"bundle_sell_ids":[],"acf":[],"_links":{"self":[{"href":"https:\/\/abadia-retuerta.com\/de\/wp-json\/wp\/v2\/product\/30458","targetHints":{"allow":["GET"]}}],"collection":[{"href":"https:\/\/abadia-retuerta.com\/de\/wp-json\/wp\/v2\/product"}],"about":[{"href":"https:\/\/abadia-retuerta.com\/de\/wp-json\/wp\/v2\/types\/product"}],"wp:featuredmedia":[{"embeddable":true,"href":"https:\/\/abadia-retuerta.com\/de\/wp-json\/wp\/v2\/media\/30460"}],"wp:attachment":[{"href":"https:\/\/abadia-retuerta.com\/de\/wp-json\/wp\/v2\/media?parent=30458"}],"wp:term":[{"taxonomy":"product_brand","embeddable":true,"href":"https:\/\/abadia-retuerta.com\/de\/wp-json\/wp\/v2\/product_brand?post=30458"},{"taxonomy":"product_cat","embeddable":true,"href":"https:\/\/abadia-retuerta.com\/de\/wp-json\/wp\/v2\/product_cat?post=30458"},{"taxonomy":"product_tag","embeddable":true,"href":"https:\/\/abadia-retuerta.com\/de\/wp-json\/wp\/v2\/product_tag?post=30458"}],"curies":[{"name":"wp","href":"https:\/\/api.w.org\/{rel}","templated":true}]}}