{"id":30457,"date":"2025-10-28T16:18:14","date_gmt":"2025-10-28T16:18:14","guid":{"rendered":"http:\/\/abadia-retuerta.com\/product\/godello-klima\/"},"modified":"2026-04-05T11:27:19","modified_gmt":"2026-04-05T11:27:19","slug":"godello-klima","status":"publish","type":"product","link":"https:\/\/abadia-retuerta.com\/de\/produkt\/godello-klima\/","title":{"rendered":"Clima Godello"},"content":{"rendered":"","protected":false},"excerpt":{"rendered":"<p class=\"no-plus\"><strong>Gr\u00fcnde f\u00fcr die Studie:<\/strong><\/p>\n<p>- Das Duero-Tal ist ebenfalls in der Lage, gro\u00dfe Wei\u00dfweine zu erzeugen und wir haben dies mit unserem Abad\u00eda Retuerta LeDomaine gereiften Wei\u00dfwein bewiesen. Es gibt noch andere Rebsorten, die sehr gut geeignet sind, um eine andere Art von Wei\u00dfwein zu erzeugen, wie zum Beispiel die Rebsorte Godello, die im Nordwesten Spaniens f\u00fcr die Erzeugung gro\u00dfer Wei\u00dfweine bekannt ist.<\/p>\n<p><strong>Erste Schlussfolgerungen:<\/strong><\/p>\n<p>- Seine besondere Typizit\u00e4t in unserem Terroir ist \u00fcberraschend, mit einem anderen und unverwechselbaren aromatischen Profil in der Gegend, mineralischer und frisch und intensiv mit einer gewissen Strenge.<\/p>\n<p><strong>Relevante Aspekte:<\/strong><\/p>\n<p id=\"less\" class=\"\">- Gro\u00dfes Alterungspotenzial.<br \/>\n- Ein Godello del Duero.<\/p>\n","protected":false},"featured_media":30375,"template":"","meta":[],"product_brand":[],"product_cat":[1883],"product_tag":[],"class_list":{"0":"post-30457","1":"product","2":"type-product","3":"status-publish","4":"has-post-thumbnail","6":"product_cat-winzer-kollektion","8":"first","9":"instock","10":"taxable","11":"shipping-taxable","12":"purchasable","13":"product-type-variable","14":"has-default-attributes"},"composite_virtual":false,"composite_layout":"","composite_add_to_cart_form_location":"","composite_editable_in_cart":false,"composite_sold_individually_context":"","composite_shop_price_calc":"","composite_components":[],"composite_scenarios":[],"bundled_by":[],"bundle_stock_status":"instock","bundle_stock_quantity":null,"bundle_virtual":false,"bundle_layout":"","bundle_add_to_cart_form_location":"","bundle_editable_in_cart":false,"bundle_sold_individually_context":"","bundle_item_grouping":"","bundle_min_size":"","bundle_max_size":"","bundle_price":[],"bundled_items":[],"bundle_sell_ids":[],"acf":[],"_links":{"self":[{"href":"https:\/\/abadia-retuerta.com\/de\/wp-json\/wp\/v2\/product\/30457","targetHints":{"allow":["GET"]}}],"collection":[{"href":"https:\/\/abadia-retuerta.com\/de\/wp-json\/wp\/v2\/product"}],"about":[{"href":"https:\/\/abadia-retuerta.com\/de\/wp-json\/wp\/v2\/types\/product"}],"wp:featuredmedia":[{"embeddable":true,"href":"https:\/\/abadia-retuerta.com\/de\/wp-json\/wp\/v2\/media\/30375"}],"wp:attachment":[{"href":"https:\/\/abadia-retuerta.com\/de\/wp-json\/wp\/v2\/media?parent=30457"}],"wp:term":[{"taxonomy":"product_brand","embeddable":true,"href":"https:\/\/abadia-retuerta.com\/de\/wp-json\/wp\/v2\/product_brand?post=30457"},{"taxonomy":"product_cat","embeddable":true,"href":"https:\/\/abadia-retuerta.com\/de\/wp-json\/wp\/v2\/product_cat?post=30457"},{"taxonomy":"product_tag","embeddable":true,"href":"https:\/\/abadia-retuerta.com\/de\/wp-json\/wp\/v2\/product_tag?post=30457"}],"curies":[{"name":"wp","href":"https:\/\/api.w.org\/{rel}","templated":true}]}}