{"id":30429,"date":"2025-11-05T15:56:28","date_gmt":"2025-11-05T15:56:28","guid":{"rendered":"http:\/\/abadia-retuerta.com\/product\/besondere-auswahl\/"},"modified":"2026-04-05T09:21:06","modified_gmt":"2026-04-05T09:21:06","slug":"seleccion-especial-historico","status":"publish","type":"product","link":"https:\/\/abadia-retuerta.com\/de\/produkt\/seleccion-especial-historico\/","title":{"rendered":"Selecci\u00f3n Especial Hist\u00f3rico"},"content":{"rendered":"","protected":false},"excerpt":{"rendered":"<p class=\"no-plus\">Selecci\u00f3n Especial ist der erste Wein von Abad\u00eda Retuerta, f\u00fcr den die besten Weine des Jahrgangs aus der getrennten Weinbereitung der 54 L\u00e4ndereien, in die die Weinberge des Weinguts eingeteilt wurden, ausgew\u00e4hlt und verschnitten werden. Er wird haupts\u00e4chlich aus der autochthonen Rebsorte des Duero-Tals, dem Tempranillo, hergestellt und durch andere Rebsorten des Weinguts erg\u00e4nzt, die durch Verkostung ausgew\u00e4hlt werden. Ziel ist es, die Besonderheiten des Jahrgangs auszugleichen und den Stil zu bewahren, der diesen Wein charakterisiert.<\/p>\n<p id=\"less\" class=\"\">Selecci\u00f3n Especial ist ein wahres Spiegelbild des Jahrgangs, des Terroirs und der Pers\u00f6nlichkeit von Abad\u00eda Retuerta.<\/p>\n","protected":false},"featured_media":30430,"template":"","meta":[],"product_brand":[],"product_cat":[1872],"product_tag":[],"class_list":{"0":"post-30429","1":"product","2":"type-product","3":"status-publish","4":"has-post-thumbnail","6":"product_cat-historische-jahrgange","8":"first","9":"instock","10":"taxable","11":"shipping-taxable","12":"purchasable","13":"product-type-variable","14":"has-default-attributes"},"composite_virtual":false,"composite_layout":"","composite_add_to_cart_form_location":"","composite_editable_in_cart":false,"composite_sold_individually_context":"","composite_shop_price_calc":"","composite_components":[],"composite_scenarios":[],"bundled_by":[],"bundle_stock_status":"instock","bundle_stock_quantity":null,"bundle_virtual":false,"bundle_layout":"","bundle_add_to_cart_form_location":"","bundle_editable_in_cart":false,"bundle_sold_individually_context":"","bundle_item_grouping":"","bundle_min_size":"","bundle_max_size":"","bundle_price":[],"bundled_items":[],"bundle_sell_ids":[],"acf":[],"_links":{"self":[{"href":"https:\/\/abadia-retuerta.com\/de\/wp-json\/wp\/v2\/product\/30429","targetHints":{"allow":["GET"]}}],"collection":[{"href":"https:\/\/abadia-retuerta.com\/de\/wp-json\/wp\/v2\/product"}],"about":[{"href":"https:\/\/abadia-retuerta.com\/de\/wp-json\/wp\/v2\/types\/product"}],"wp:featuredmedia":[{"embeddable":true,"href":"https:\/\/abadia-retuerta.com\/de\/wp-json\/wp\/v2\/media\/30430"}],"wp:attachment":[{"href":"https:\/\/abadia-retuerta.com\/de\/wp-json\/wp\/v2\/media?parent=30429"}],"wp:term":[{"taxonomy":"product_brand","embeddable":true,"href":"https:\/\/abadia-retuerta.com\/de\/wp-json\/wp\/v2\/product_brand?post=30429"},{"taxonomy":"product_cat","embeddable":true,"href":"https:\/\/abadia-retuerta.com\/de\/wp-json\/wp\/v2\/product_cat?post=30429"},{"taxonomy":"product_tag","embeddable":true,"href":"https:\/\/abadia-retuerta.com\/de\/wp-json\/wp\/v2\/product_tag?post=30429"}],"curies":[{"name":"wp","href":"https:\/\/api.w.org\/{rel}","templated":true}]}}