{"id":30851,"date":"2025-11-06T15:11:56","date_gmt":"2025-11-06T15:11:56","guid":{"rendered":"http:\/\/abadia-retuerta.com\/1-hotel\/vereint-fuer-die-erde\/"},"modified":"2025-11-10T13:22:53","modified_gmt":"2025-11-10T13:22:53","slug":"vereint-fuer-die-erde","status":"publish","type":"page","link":"https:\/\/abadia-retuerta.com\/de\/hotel\/vereint-fuer-die-erde\/","title":{"rendered":"Vereint f\u00fcr die Erde"},"content":{"rendered":"\t\t<div data-elementor-type=\"wp-page\" data-elementor-id=\"30851\" class=\"elementor elementor-30851 elementor-27942\" data-elementor-post-type=\"page\">\n\t\t\t\t<div class=\"elementor-element elementor-element-9c59665 e-flex e-con-boxed e-con e-parent\" data-id=\"9c59665\" data-element_type=\"container\" data-e-type=\"container\">\n\t\t\t\t\t<div class=\"e-con-inner\">\n\t\t\t\t<div class=\"elementor-element elementor-element-8a2cc6c elementor-widget elementor-widget-heading\" data-id=\"8a2cc6c\" data-element_type=\"widget\" data-e-type=\"widget\" data-widget_type=\"heading.default\">\n\t\t\t\t<div class=\"elementor-widget-container\">\n\t\t\t\t\t<h1 class=\"elementor-heading-title elementor-size-default\">Vereint f\u00fcr die Erde<\/h1>\t\t\t\t<\/div>\n\t\t\t\t<\/div>\n\t\t\t\t\t<\/div>\n\t\t\t\t<\/div>\n\t\t<div class=\"elementor-element elementor-element-db3db91 e-flex e-con-boxed e-con e-parent\" data-id=\"db3db91\" data-element_type=\"container\" data-e-type=\"container\" data-settings=\"{&quot;background_background&quot;:&quot;classic&quot;}\">\n\t\t\t\t\t<div class=\"e-con-inner\">\n\t\t<div class=\"elementor-element elementor-element-27e0f04 e-con-full e-flex e-con e-child\" data-id=\"27e0f04\" data-element_type=\"container\" data-e-type=\"container\">\n\t\t\t\t<div class=\"elementor-element elementor-element-94c7bd4 elementor-widget elementor-widget-heading\" data-id=\"94c7bd4\" data-element_type=\"widget\" data-e-type=\"widget\" data-widget_type=\"heading.default\">\n\t\t\t\t<div class=\"elementor-widget-container\">\n\t\t\t\t\t<h2 class=\"elementor-heading-title elementor-size-default\"><i>Inspiration, Respekt, Engagement<\/i><\/h2>\t\t\t\t<\/div>\n\t\t\t\t<\/div>\n\t\t\t\t<\/div>\n\t\t<div class=\"elementor-element elementor-element-076629f e-con-full e-flex e-con e-child\" data-id=\"076629f\" data-element_type=\"container\" data-e-type=\"container\">\n\t\t\t\t<div class=\"elementor-element elementor-element-ef05b2f elementor-widget elementor-widget-text-editor\" data-id=\"ef05b2f\" data-element_type=\"widget\" data-e-type=\"widget\" data-widget_type=\"text-editor.default\">\n\t\t\t\t<div class=\"elementor-widget-container\">\n\t\t\t\t\t\t\t\t\t<p class=\"plus\"><em>Was als Vereinigung von Tradition und Leidenschaft begann, wird heute mit mehr Kraft wiedergeboren. Abad\u00eda Retuerta und Castillo de Canena erneuern ihr Engagement, inspiriert von der Erde, geleitet von Nachhaltigkeit und mit dem Blick auf eine bewusstere Zukunft. <\/em><\/p><p class=\"\"><em>Diese dritte limitierte Edition von Unidos por la Tierra zelebriert die Verschmelzung zweier au\u00dfergew\u00f6hnlicher Essenzen, die aus demselben Terroir stammen. Sie ist Ausdruck eines tiefen Respekts f\u00fcr die Umwelt, die Kultur und die gemeinsame Exzellenz. <\/em><\/p>\t\t\t\t\t\t\t\t<\/div>\n\t\t\t\t<\/div>\n\t\t\t\t<\/div>\n\t\t\t\t\t<\/div>\n\t\t\t\t<\/div>\n\t\t<div class=\"elementor-element elementor-element-b1db2ef e-flex e-con-boxed e-con e-parent\" data-id=\"b1db2ef\" data-element_type=\"container\" data-e-type=\"container\">\n\t\t\t\t\t<div class=\"e-con-inner\">\n\t\t<div class=\"elementor-element elementor-element-9915d44 e-con-full e-flex e-con e-child\" data-id=\"9915d44\" data-element_type=\"container\" data-e-type=\"container\">\n\t\t\t\t<div class=\"elementor-element elementor-element-d25e803 elementor-widget elementor-widget-image\" data-id=\"d25e803\" data-element_type=\"widget\" data-e-type=\"widget\" data-widget_type=\"image.default\">\n\t\t\t\t<div class=\"elementor-widget-container\">\n\t\t\t\t\t\t\t\t\t\t\t\t\t\t\t<img fetchpriority=\"high\" decoding=\"async\" width=\"800\" height=\"533\" src=\"https:\/\/abadia-retuerta.com\/wp-content\/uploads\/2025\/11\/vendimia_015.jpg\" class=\"attachment-large size-large wp-image-30852\" alt=\"\" srcset=\"https:\/\/abadia-retuerta.com\/wp-content\/uploads\/2025\/11\/vendimia_015.jpg 960w, https:\/\/abadia-retuerta.com\/wp-content\/uploads\/2025\/11\/vendimia_015-300x200.jpg 300w, https:\/\/abadia-retuerta.com\/wp-content\/uploads\/2025\/11\/vendimia_015-768x512.jpg 768w, https:\/\/abadia-retuerta.com\/wp-content\/uploads\/2025\/11\/vendimia_015-600x400.jpg 600w\" sizes=\"(max-width: 800px) 100vw, 800px\" title=\"\">\t\t\t\t\t\t\t\t\t\t\t\t\t\t\t<\/div>\n\t\t\t\t<\/div>\n\t\t\t\t<\/div>\n\t\t<div class=\"elementor-element elementor-element-a89f7b0 e-con-full e-flex e-con e-child\" data-id=\"a89f7b0\" data-element_type=\"container\" data-e-type=\"container\">\n\t\t\t\t<div class=\"elementor-element elementor-element-3517575 elementor-widget elementor-widget-heading\" data-id=\"3517575\" data-element_type=\"widget\" data-e-type=\"widget\" data-widget_type=\"heading.default\">\n\t\t\t\t<div class=\"elementor-widget-container\">\n\t\t\t\t\t<h2 class=\"elementor-heading-title elementor-size-default\"><i>Limitierte Auflage mit Seele<\/i><\/h2>\t\t\t\t<\/div>\n\t\t\t\t<\/div>\n\t\t\t\t<div class=\"elementor-element elementor-element-4c11c7e elementor-widget elementor-widget-text-editor\" data-id=\"4c11c7e\" data-element_type=\"widget\" data-e-type=\"widget\" data-widget_type=\"text-editor.default\">\n\t\t\t\t<div class=\"elementor-widget-container\">\n\t\t\t\t\t\t\t\t\t<p class=\"plus\"><em>Die dritte Ausgabe von United for the Earth zeigt sich in zwei einzigartigen Produkten, die die Essenz dieser Zusammenarbeit widerspiegeln: <strong data-start=\"365\" data-end=\"387\">Cuv\u00e9e Palomar 2021<\/strong> und <strong data-start=\"390\" data-end=\"410\">Summa Varietalis 2025<\/strong>, ein Wein und ein extra natives Oliven\u00f6l, die den Geist dieser Zusammenarbeit verk\u00f6rpern.<\/em><\/p><p class=\"\"><em>Diese limitierte Auflage ist das Ergebnis einer Allianz, die Wissen, Respekt f\u00fcr die Umwelt und eine bewusste Vision der Zukunft sch\u00e4tzt. Ein Vorschlag, der die Authentizit\u00e4t des Ursprungs und des Zwecks hinter jeder Kreation rechtfertigt. <\/em><\/p>\t\t\t\t\t\t\t\t<\/div>\n\t\t\t\t<\/div>\n\t\t\t\t<\/div>\n\t\t\t\t\t<\/div>\n\t\t\t\t<\/div>\n\t\t<div class=\"elementor-element elementor-element-a1aa454 e-flex e-con-boxed e-con e-parent\" data-id=\"a1aa454\" data-element_type=\"container\" data-e-type=\"container\" data-settings=\"{&quot;background_background&quot;:&quot;classic&quot;}\">\n\t\t\t\t\t<div class=\"e-con-inner\">\n\t\t<div class=\"elementor-element elementor-element-7f73ed8 e-con-full e-flex e-con e-child\" data-id=\"7f73ed8\" data-element_type=\"container\" data-e-type=\"container\">\n\t\t\t\t<div class=\"elementor-element elementor-element-e93ade3 elementor-widget elementor-widget-heading\" data-id=\"e93ade3\" data-element_type=\"widget\" data-e-type=\"widget\" data-widget_type=\"heading.default\">\n\t\t\t\t<div class=\"elementor-widget-container\">\n\t\t\t\t\t<h2 class=\"elementor-heading-title elementor-size-default\"><i>Cuv\u00e9e Palomar 2021<\/i><\/h2>\t\t\t\t<\/div>\n\t\t\t\t<\/div>\n\t\t\t\t<div class=\"elementor-element elementor-element-e00a983 elementor-widget elementor-widget-text-editor\" data-id=\"e00a983\" data-element_type=\"widget\" data-e-type=\"widget\" data-widget_type=\"text-editor.default\">\n\t\t\t\t<div class=\"elementor-widget-container\">\n\t\t\t\t\t\t\t\t\t<p class=\"plus\"><em>Er ist die perfekte Mischung aus Rebsorten, die sich in der richtigen Zubereitung und unter dem Einfluss des jeweiligen Jahrgangs am besten an die neuen klimatischen Bedingungen anpassen.<\/em><\/p><p><em>Von tiefdunkelroter Farbe mit Ankl\u00e4ngen an dunkle Kirschen besticht die Cuv\u00e9e Palomar 2021 mit einer aromatischen Komplexit\u00e4t, die zarte R\u00f6staromen, Ankl\u00e4nge von Schokolade und schwarzen Fr\u00fcchten sowie subtile rauchige und milchige Noten vereint. Am Gaumen zeichnet er sich durch seine feste Struktur und perfekte Ausgewogenheit aus und offenbart eine elegante Komplexit\u00e4t und eine au\u00dfergew\u00f6hnliche Harmonie zwischen seinen Rebsorten, die seine Eleganz widerspiegelt. <\/em><\/p><p><em><strong>Rebsorten<\/strong>: 25% Garnacha, 25% Graciano, 23% Tempranillo, 10% Merlot, 10% Syrah und 7% Malbec.<\/em><\/p><p><em><strong>Reifung<\/strong>: 24 Monate in franz\u00f6sischer Eiche.<\/em><\/p><p><em><strong>PDO<\/strong>: Abad\u00eda Retuerta Gesch\u00fctzte Ursprungsbezeichnung.<\/em><\/p><p><em><strong>Alkoholgehalt:<\/strong> 14,5%.<\/em><\/p>\t\t\t\t\t\t\t\t<\/div>\n\t\t\t\t<\/div>\n\t\t\t\t<\/div>\n\t\t<div class=\"elementor-element elementor-element-565b0b1 e-con-full e-flex e-con e-child\" data-id=\"565b0b1\" data-element_type=\"container\" data-e-type=\"container\">\n\t\t\t\t<div class=\"elementor-element elementor-element-039852b elementor-widget elementor-widget-image\" data-id=\"039852b\" data-element_type=\"widget\" data-e-type=\"widget\" data-widget_type=\"image.default\">\n\t\t\t\t<div class=\"elementor-widget-container\">\n\t\t\t\t\t\t\t\t\t\t\t\t\t\t\t<img decoding=\"async\" width=\"682\" height=\"1024\" src=\"https:\/\/abadia-retuerta.com\/wp-content\/uploads\/2025\/11\/Vendimia_Abadia-Retuerta-682x1024.jpg\" class=\"attachment-large size-large wp-image-30853\" alt=\"\" srcset=\"https:\/\/abadia-retuerta.com\/wp-content\/uploads\/2025\/11\/Vendimia_Abadia-Retuerta-682x1024.jpg 682w, https:\/\/abadia-retuerta.com\/wp-content\/uploads\/2025\/11\/Vendimia_Abadia-Retuerta-200x300.jpg 200w, https:\/\/abadia-retuerta.com\/wp-content\/uploads\/2025\/11\/Vendimia_Abadia-Retuerta-768x1152.jpg 768w, https:\/\/abadia-retuerta.com\/wp-content\/uploads\/2025\/11\/Vendimia_Abadia-Retuerta-1024x1536.jpg 1024w, https:\/\/abadia-retuerta.com\/wp-content\/uploads\/2025\/11\/Vendimia_Abadia-Retuerta-600x900.jpg 600w, https:\/\/abadia-retuerta.com\/wp-content\/uploads\/2025\/11\/Vendimia_Abadia-Retuerta.jpg 1181w\" sizes=\"(max-width: 682px) 100vw, 682px\" title=\"\">\t\t\t\t\t\t\t\t\t\t\t\t\t\t\t<\/div>\n\t\t\t\t<\/div>\n\t\t\t\t<\/div>\n\t\t\t\t\t<\/div>\n\t\t\t\t<\/div>\n\t\t<div class=\"elementor-element elementor-element-bcd727d e-flex e-con-boxed e-con e-parent\" data-id=\"bcd727d\" data-element_type=\"container\" data-e-type=\"container\">\n\t\t\t\t\t<div class=\"e-con-inner\">\n\t\t<div class=\"elementor-element elementor-element-081e3ee e-con-full e-flex e-con e-child\" data-id=\"081e3ee\" data-element_type=\"container\" data-e-type=\"container\">\n\t\t\t\t<div class=\"elementor-element elementor-element-d306914 elementor-widget elementor-widget-image\" data-id=\"d306914\" data-element_type=\"widget\" data-e-type=\"widget\" data-widget_type=\"image.default\">\n\t\t\t\t<div class=\"elementor-widget-container\">\n\t\t\t\t\t\t\t\t\t\t\t\t\t\t\t<img decoding=\"async\" width=\"800\" height=\"534\" src=\"https:\/\/abadia-retuerta.com\/wp-content\/uploads\/2025\/11\/Castillo_de_Canena_Olivar_Cosecha_Recogida_Aceituna-24-1024x683.jpg\" class=\"attachment-large size-large wp-image-30854\" alt=\"\" srcset=\"https:\/\/abadia-retuerta.com\/wp-content\/uploads\/2025\/11\/Castillo_de_Canena_Olivar_Cosecha_Recogida_Aceituna-24-1024x683.jpg 1024w, https:\/\/abadia-retuerta.com\/wp-content\/uploads\/2025\/11\/Castillo_de_Canena_Olivar_Cosecha_Recogida_Aceituna-24-300x200.jpg 300w, https:\/\/abadia-retuerta.com\/wp-content\/uploads\/2025\/11\/Castillo_de_Canena_Olivar_Cosecha_Recogida_Aceituna-24-768x512.jpg 768w, https:\/\/abadia-retuerta.com\/wp-content\/uploads\/2025\/11\/Castillo_de_Canena_Olivar_Cosecha_Recogida_Aceituna-24-600x400.jpg 600w, https:\/\/abadia-retuerta.com\/wp-content\/uploads\/2025\/11\/Castillo_de_Canena_Olivar_Cosecha_Recogida_Aceituna-24.jpg 1500w\" sizes=\"(max-width: 800px) 100vw, 800px\" title=\"\">\t\t\t\t\t\t\t\t\t\t\t\t\t\t\t<\/div>\n\t\t\t\t<\/div>\n\t\t\t\t<\/div>\n\t\t<div class=\"elementor-element elementor-element-eb58d4b e-con-full e-flex e-con e-child\" data-id=\"eb58d4b\" data-element_type=\"container\" data-e-type=\"container\">\n\t\t\t\t<div class=\"elementor-element elementor-element-aef68bb elementor-widget elementor-widget-heading\" data-id=\"aef68bb\" data-element_type=\"widget\" data-e-type=\"widget\" data-widget_type=\"heading.default\">\n\t\t\t\t<div class=\"elementor-widget-container\">\n\t\t\t\t\t<h2 class=\"elementor-heading-title elementor-size-default\"><i>Summa Varietalis 2025<\/i><\/h2>\t\t\t\t<\/div>\n\t\t\t\t<\/div>\n\t\t\t\t<div class=\"elementor-element elementor-element-113bdeb elementor-widget elementor-widget-text-editor\" data-id=\"113bdeb\" data-element_type=\"widget\" data-e-type=\"widget\" data-widget_type=\"text-editor.default\">\n\t\t\t\t<div class=\"elementor-widget-container\">\n\t\t\t\t\t\t\t\t\t<p class=\"plus\"><em>Jedes Jahr w\u00e4hlen wir aus dem Garten der mediterranen Rebsorten diejenigen aus, die in der jeweiligen Ernte am besten zum Ausdruck kommen, um eine einzigartige Mischung mit fruchtigem Charakter und lebendiger Frische herzustellen. Das Ergebnis ist ein exklusives, einzigartiges, komplexes und elegantes EVOO. <\/em><\/p><p><em>Dieses EVOO ist ein Fest der Sortenvielfalt. Es hat eine goldgr\u00fcne Farbe und eine reife\/gr\u00fcne Fruchtigkeit mit einer ausgewogenen Kombination aus frischen und s\u00fc\u00dfen Noten. Zun\u00e4chst treten fruchtige Nuancen auf, die an S\u00fc\u00dfe erinnern, gefolgt von einer krautigen Frische, die f\u00fcr Lebendigkeit sorgt. <\/em><\/p><p><em><strong>Olivensorten:<\/strong> Arbosana, Mollar de Cieza, Pico lim\u00f3n und Blanqueta aus Spanien; Zaity und Souriani aus Syrien; Chemlali aus Tunesien; Coratina und Frantoio aus Italien; Koroneiki aus Griechenland und Galega aus Portugal.<\/em><\/p><p><em><strong>Pago de Recolection<\/strong>: Jard\u00edn de Varietales, Landgut Conde de Guadiana.<\/em><\/p>\t\t\t\t\t\t\t\t<\/div>\n\t\t\t\t<\/div>\n\t\t\t\t<\/div>\n\t\t\t\t\t<\/div>\n\t\t\t\t<\/div>\n\t\t\t\t<\/div>\n\t\t","protected":false},"excerpt":{"rendered":"<p>Vereint f\u00fcr die Erde Inspiration, Respekt, Engagement Was als Vereinigung von Tradition und Leidenschaft begann, wird heute mit mehr Kraft wiedergeboren. Abad\u00eda Retuerta und Castillo de Canena erneuern ihr Engagement, inspiriert von der Erde, geleitet von Nachhaltigkeit und mit dem Blick auf eine bewusstere Zukunft. Diese dritte limitierte Edition von Unidos por la Tierra zelebriert [&hellip;]<\/p>\n","protected":false},"author":59,"featured_media":30855,"parent":28653,"menu_order":0,"comment_status":"closed","ping_status":"closed","template":"elementor_header_footer","meta":{"footnotes":""},"class_list":["post-30851","page","type-page","status-publish","has-post-thumbnail","hentry"],"acf":[],"_links":{"self":[{"href":"https:\/\/abadia-retuerta.com\/de\/wp-json\/wp\/v2\/pages\/30851","targetHints":{"allow":["GET"]}}],"collection":[{"href":"https:\/\/abadia-retuerta.com\/de\/wp-json\/wp\/v2\/pages"}],"about":[{"href":"https:\/\/abadia-retuerta.com\/de\/wp-json\/wp\/v2\/types\/page"}],"author":[{"embeddable":true,"href":"https:\/\/abadia-retuerta.com\/de\/wp-json\/wp\/v2\/users\/59"}],"replies":[{"embeddable":true,"href":"https:\/\/abadia-retuerta.com\/de\/wp-json\/wp\/v2\/comments?post=30851"}],"version-history":[{"count":1,"href":"https:\/\/abadia-retuerta.com\/de\/wp-json\/wp\/v2\/pages\/30851\/revisions"}],"predecessor-version":[{"id":30856,"href":"https:\/\/abadia-retuerta.com\/de\/wp-json\/wp\/v2\/pages\/30851\/revisions\/30856"}],"up":[{"embeddable":true,"href":"https:\/\/abadia-retuerta.com\/de\/wp-json\/wp\/v2\/pages\/28653"}],"wp:featuredmedia":[{"embeddable":true,"href":"https:\/\/abadia-retuerta.com\/de\/wp-json\/wp\/v2\/media\/30855"}],"wp:attachment":[{"href":"https:\/\/abadia-retuerta.com\/de\/wp-json\/wp\/v2\/media?parent=30851"}],"curies":[{"name":"wp","href":"https:\/\/api.w.org\/{rel}","templated":true}]}}