{"id":30227,"date":"2025-10-21T08:46:02","date_gmt":"2025-10-21T08:46:02","guid":{"rendered":"http:\/\/abadia-retuerta.com\/eduardo-chillida-und-abadia-retuerta-sonderausgabe\/"},"modified":"2025-11-22T17:44:14","modified_gmt":"2025-11-22T17:44:14","slug":"eduardo-chillida-und-abadia-retuerta-sonderausgabe","status":"publish","type":"page","link":"https:\/\/abadia-retuerta.com\/de\/eduardo-chillida-und-abadia-retuerta-sonderausgabe\/","title":{"rendered":"Eduardo Chillida und Abad\u00eda Retuerta Sonderausgabe"},"content":{"rendered":"\t\t<div data-elementor-type=\"wp-page\" data-elementor-id=\"30227\" class=\"elementor elementor-30227 elementor-26792\" data-elementor-post-type=\"page\">\n\t\t\t\t<div class=\"elementor-element elementor-element-57919f5b e-con-full e-flex e-con e-parent\" data-id=\"57919f5b\" data-element_type=\"container\" data-e-type=\"container\" data-settings=\"{&quot;background_background&quot;:&quot;classic&quot;,&quot;motion_fx_motion_fx_scrolling&quot;:&quot;yes&quot;,&quot;motion_fx_devices&quot;:[&quot;desktop&quot;,&quot;tablet&quot;,&quot;mobile&quot;]}\">\n\t\t<div class=\"elementor-element elementor-element-208cf187 e-con-full e-flex e-con e-child\" data-id=\"208cf187\" data-element_type=\"container\" data-e-type=\"container\">\n\t\t\t\t<div class=\"elementor-element elementor-element-52bfff83 elementor-widget elementor-widget-heading\" data-id=\"52bfff83\" data-element_type=\"widget\" data-e-type=\"widget\" data-widget_type=\"heading.default\">\n\t\t\t\t<div class=\"elementor-widget-container\">\n\t\t\t\t\t<h1 class=\"elementor-heading-title elementor-size-default\">Eduardo Chillida und Abad\u00eda Retuerta<\/h1>\t\t\t\t<\/div>\n\t\t\t\t<\/div>\n\t\t\t\t<\/div>\n\t\t\t\t<\/div>\n\t\t<div class=\"elementor-element elementor-element-3cea7b2 e-flex e-con-boxed e-con e-parent\" data-id=\"3cea7b2\" data-element_type=\"container\" data-e-type=\"container\" data-settings=\"{&quot;background_background&quot;:&quot;classic&quot;,&quot;sticky&quot;:&quot;top&quot;,&quot;sticky_offset&quot;:117,&quot;sticky_offset_tablet&quot;:70,&quot;sticky_offset_mobile&quot;:60,&quot;sticky_on&quot;:[&quot;desktop&quot;,&quot;tablet&quot;,&quot;mobile&quot;],&quot;sticky_effects_offset&quot;:0,&quot;sticky_anchor_link_offset&quot;:0}\">\n\t\t\t\t\t<div class=\"e-con-inner\">\n\t\t\t\t<div class=\"elementor-element elementor-element-9d6d77e cs-swipperslide elementor-widget elementor-widget-n-carousel\" data-id=\"9d6d77e\" data-element_type=\"widget\" data-e-type=\"widget\" data-settings=\"{&quot;carousel_items&quot;:[{&quot;slide_title&quot;:&quot;Diapositiva n\\u00ba 1&quot;,&quot;_id&quot;:&quot;aa662f1&quot;}],&quot;slides_to_show&quot;:&quot;6&quot;,&quot;slides_to_show_tablet&quot;:&quot;3&quot;,&quot;slides_to_show_mobile&quot;:&quot;2&quot;,&quot;image_spacing_custom&quot;:{&quot;unit&quot;:&quot;px&quot;,&quot;size&quot;:0,&quot;sizes&quot;:[]},&quot;speed&quot;:500,&quot;image_spacing_custom_tablet&quot;:{&quot;unit&quot;:&quot;px&quot;,&quot;size&quot;:&quot;&quot;,&quot;sizes&quot;:[]},&quot;image_spacing_custom_mobile&quot;:{&quot;unit&quot;:&quot;px&quot;,&quot;size&quot;:&quot;&quot;,&quot;sizes&quot;:[]}}\" data-widget_type=\"nested-carousel.default\">\n\t\t\t\t<div class=\"elementor-widget-container\">\n\t\t\t\t\t\t\t<div class=\"e-n-carousel swiper\" role=\"region\" aria-roledescription=\"carousel\" aria-label=\"Carrusel\" dir=\"ltr\">\n\t\t\t<div class=\"swiper-wrapper\" aria-live=\"polite\">\n\t\t\t\t\t\t\t\t\t\t<div class=\"swiper-slide\" data-slide=\"1\" role=\"group\" aria-roledescription=\"slide\" aria-label=\"1 von 1\">\n\t\t\t\t\t\t\t<div class=\"elementor-element elementor-element-8ce8d85 cs-widthbox e-flex e-con-boxed e-con e-child\" data-id=\"8ce8d85\" data-element_type=\"container\" data-e-type=\"container\">\n\t\t\t\t\t<div class=\"e-con-inner\">\n\t\t\t\t<div class=\"elementor-element elementor-element-3e897e5 elementor-widget elementor-widget-button\" data-id=\"3e897e5\" data-element_type=\"widget\" data-e-type=\"widget\" data-widget_type=\"button.default\">\n\t\t\t\t<div class=\"elementor-widget-container\">\n\t\t\t\t\t\t\t\t\t<div class=\"elementor-button-wrapper\">\n\t\t\t\t\t<a class=\"elementor-button elementor-size-sm\" role=\"button\">\n\t\t\t\t\t\t<span class=\"elementor-button-content-wrapper\">\n\t\t\t\t\t\t\t\t\t<span class=\"elementor-button-text\">Sonderausgabe kaufen<\/span>\n\t\t\t\t\t<\/span>\n\t\t\t\t\t<\/a>\n\t\t\t\t<\/div>\n\t\t\t\t\t\t\t\t<\/div>\n\t\t\t\t<\/div>\n\t\t\t\t\t<\/div>\n\t\t\t\t<\/div>\n\t\t\t\t\t\t\t\t<\/div>\n\t\t\t\t\t\t\t\t<\/div>\n\t\t<\/div>\n\t\t\t\t\t\t<\/div>\n\t\t\t\t<\/div>\n\t\t\t\t\t<\/div>\n\t\t\t\t<\/div>\n\t\t<div class=\"elementor-element elementor-element-43b40960 e-flex e-con-boxed e-con e-parent\" data-id=\"43b40960\" data-element_type=\"container\" data-e-type=\"container\">\n\t\t\t\t\t<div class=\"e-con-inner\">\n\t\t<div class=\"elementor-element elementor-element-6239b23d e-flex e-con-boxed e-con e-child\" data-id=\"6239b23d\" data-element_type=\"container\" data-e-type=\"container\">\n\t\t\t\t\t<div class=\"e-con-inner\">\n\t\t<div class=\"elementor-element elementor-element-4f943b10 e-grid e-con-boxed e-con e-child\" data-id=\"4f943b10\" data-element_type=\"container\" data-e-type=\"container\">\n\t\t\t\t\t<div class=\"e-con-inner\">\n\t\t<div class=\"elementor-element elementor-element-22a8d578 e-con-full e-flex e-con e-child\" data-id=\"22a8d578\" data-element_type=\"container\" data-e-type=\"container\">\n\t\t\t\t<div class=\"elementor-element elementor-element-48476f33 elementor-widget elementor-widget-text-editor\" data-id=\"48476f33\" data-element_type=\"widget\" data-e-type=\"widget\" data-widget_type=\"text-editor.default\">\n\t\t\t\t<div class=\"elementor-widget-container\">\n\t\t\t\t\t\t\t\t\t<p>Eduardo Chillida und Abad\u00eda Retuerta Sonderausgabe<\/p>\t\t\t\t\t\t\t\t<\/div>\n\t\t\t\t<\/div>\n\t\t\t\t<div class=\"elementor-element elementor-element-3d0f927e elementor-widget elementor-widget-heading\" data-id=\"3d0f927e\" data-element_type=\"widget\" data-e-type=\"widget\" data-widget_type=\"heading.default\">\n\t\t\t\t<div class=\"elementor-widget-container\">\n\t\t\t\t\t<h2 class=\"elementor-heading-title elementor-size-default\">Ein gemeinsames Ziel\n<\/h2>\t\t\t\t<\/div>\n\t\t\t\t<\/div>\n\t\t\t\t<\/div>\n\t\t<div class=\"elementor-element elementor-element-7024a40d e-con-full e-flex e-con e-child\" data-id=\"7024a40d\" data-element_type=\"container\" data-e-type=\"container\">\n\t\t\t\t<div class=\"elementor-element elementor-element-48045199 elementor-widget elementor-widget-text-editor\" data-id=\"48045199\" data-element_type=\"widget\" data-e-type=\"widget\" data-widget_type=\"text-editor.default\">\n\t\t\t\t<div class=\"elementor-widget-container\">\n\t\t\t\t\t\t\t\t\t<p class=\"no-plus\">Aus einer inh\u00e4renten Unruhe und einer st\u00e4ndigen Dialektik zwischen Zeit, Dialog und Raum entsteht diese Verbindung, eine Beziehung von zwei. Mit einem Blick auf die Vergangenheit, die Gegenwart und die Zukunft haben wir dieses exklusive Etui entworfen, das auf der lebendigen Zeichnung &#8222;Ohne Titel&#8220; von Eduardo Chillida basiert, die zu entstehen scheint, w\u00e4hrend wir sie betrachten. Sie besteht aus nat\u00fcrlichen Spuren, \u00e4hnlich den Wurzeln, die uns mit der Erde verbinden.  <\/p>\t\t\t\t\t\t\t\t<\/div>\n\t\t\t\t<\/div>\n\t\t\t\t<\/div>\n\t\t<div class=\"elementor-element elementor-element-4b7797a1 e-con-full e-flex e-con e-child\" data-id=\"4b7797a1\" data-element_type=\"container\" data-e-type=\"container\">\n\t\t\t\t<div class=\"elementor-element elementor-element-1076d862 elementor-widget elementor-widget-text-editor\" data-id=\"1076d862\" data-element_type=\"widget\" data-e-type=\"widget\" data-widget_type=\"text-editor.default\">\n\t\t\t\t<div class=\"elementor-widget-container\">\n\t\t\t\t\t\t\t\t\t<div class=\"carrousel-full white\"><div class=\"row\"><div class=\"ab-paragraph-text \"><p class=\"\">Die Kiste besteht aus einem einzigartigen Wein von Abad\u00eda Retuerta: <strong>Tiempo, Di\u00e1logo, Espacio (Zeit, Dialog, Raum)<\/strong>. Er repr\u00e4sentiert die Werte und die Sensibilit\u00e4t der k\u00fcnstlerischen und weinbaulichen Welt und ist selbst ein Kunstwerk, ein Sammlerwein, der die Tugenden eines unvergleichlichen Landes preist. <\/p><\/div><\/div><\/div><div class=\"ab-expertos beige\"><div class=\"details\"> <\/div><\/div>\t\t\t\t\t\t\t\t<\/div>\n\t\t\t\t<\/div>\n\t\t\t\t<\/div>\n\t\t\t\t\t<\/div>\n\t\t\t\t<\/div>\n\t\t\t\t\t<\/div>\n\t\t\t\t<\/div>\n\t\t\t\t\t<\/div>\n\t\t\t\t<\/div>\n\t\t<div class=\"elementor-element elementor-element-1c03ae91 e-flex e-con-boxed e-con e-parent\" data-id=\"1c03ae91\" data-element_type=\"container\" data-e-type=\"container\" data-settings=\"{&quot;background_background&quot;:&quot;classic&quot;}\">\n\t\t\t\t\t<div class=\"e-con-inner\">\n\t\t<div class=\"elementor-element elementor-element-6cb5a277 e-con-full e-flex e-con e-child\" data-id=\"6cb5a277\" data-element_type=\"container\" data-e-type=\"container\">\n\t\t\t\t<div class=\"elementor-element elementor-element-781d7c2a elementor-widget elementor-widget-heading\" data-id=\"781d7c2a\" data-element_type=\"widget\" data-e-type=\"widget\" data-widget_type=\"heading.default\">\n\t\t\t\t<div class=\"elementor-widget-container\">\n\t\t\t\t\t<h2 class=\"elementor-heading-title elementor-size-default\">Ein Blick in die Vergangenheit\n<\/h2>\t\t\t\t<\/div>\n\t\t\t\t<\/div>\n\t\t\t\t<div class=\"elementor-element elementor-element-63462e72 elementor-widget elementor-widget-text-editor\" data-id=\"63462e72\" data-element_type=\"widget\" data-e-type=\"widget\" data-widget_type=\"text-editor.default\">\n\t\t\t\t<div class=\"elementor-widget-container\">\n\t\t\t\t\t\t\t\t\t<p>Die Werke &#8222;Rumor de limites V&#8220; und &#8222;Ohne Titel&#8220; entstanden zu einer Zeit, als Eduardo Chillida sich mit den Konzepten von Grenzen und ihrer Resonanz besch\u00e4ftigte.<\/p><p><br><i>&#8222;Ich geh\u00f6re zu denen, die denken, und f\u00fcr mich ist es sehr wichtig, dass wir M\u00e4nner von irgendwoher kommen. Das Ideal ist, dass wir von einem Ort kommen, dass wir unsere Wurzeln an einem Ort haben, aber dass wir unsere Arme nach der ganzen Welt ausstrecken, dass die Ideen jeder Kultur f\u00fcr uns g\u00fcltig sind&#8220;.<\/i>  E. Chillida<\/p>\t\t\t\t\t\t\t\t<\/div>\n\t\t\t\t<\/div>\n\t\t\t\t<\/div>\n\t\t<div class=\"elementor-element elementor-element-1b3d364c e-con-full e-flex e-con e-child\" data-id=\"1b3d364c\" data-element_type=\"container\" data-e-type=\"container\">\n\t\t<div class=\"elementor-element elementor-element-33b4a243 e-con-full e-flex e-con e-child\" data-id=\"33b4a243\" data-element_type=\"container\" data-e-type=\"container\">\n\t\t<div class=\"elementor-element elementor-element-5bc5dedd e-con-full e-flex e-con e-child\" data-id=\"5bc5dedd\" data-element_type=\"container\" data-e-type=\"container\">\n\t\t\t\t<div class=\"elementor-element elementor-element-df69c46 elementor-widget elementor-widget-image\" data-id=\"df69c46\" data-element_type=\"widget\" data-e-type=\"widget\" data-widget_type=\"image.default\">\n\t\t\t\t<div class=\"elementor-widget-container\">\n\t\t\t\t\t\t\t\t\t\t\t\t\t\t\t<img fetchpriority=\"high\" decoding=\"async\" width=\"600\" height=\"680\" src=\"https:\/\/abadia-retuerta.com\/wp-content\/uploads\/2025\/10\/chillida_mobile.webp\" class=\"attachment-large size-large wp-image-30231\" alt=\"\" srcset=\"https:\/\/abadia-retuerta.com\/wp-content\/uploads\/2025\/10\/chillida_mobile.webp 600w, https:\/\/abadia-retuerta.com\/wp-content\/uploads\/2025\/10\/chillida_mobile-265x300.webp 265w\" sizes=\"(max-width: 600px) 100vw, 600px\" title=\"\">\t\t\t\t\t\t\t\t\t\t\t\t\t\t\t<\/div>\n\t\t\t\t<\/div>\n\t\t\t\t<\/div>\n\t\t<div class=\"elementor-element elementor-element-78920a37 e-con-full e-flex e-con e-child\" data-id=\"78920a37\" data-element_type=\"container\" data-e-type=\"container\">\n\t\t\t\t<div class=\"elementor-element elementor-element-76b33f54 elementor-widget elementor-widget-heading\" data-id=\"76b33f54\" data-element_type=\"widget\" data-e-type=\"widget\" data-widget_type=\"heading.default\">\n\t\t\t\t<div class=\"elementor-widget-container\">\n\t\t\t\t\t<h2 class=\"elementor-heading-title elementor-size-default\">2021<\/h2>\t\t\t\t<\/div>\n\t\t\t\t<\/div>\n\t\t\t\t<div class=\"elementor-element elementor-element-9de96ac elementor-widget elementor-widget-text-editor\" data-id=\"9de96ac\" data-element_type=\"widget\" data-e-type=\"widget\" data-widget_type=\"text-editor.default\">\n\t\t\t\t<div class=\"elementor-widget-container\">\n\t\t\t\t\t\t\t\t\t<p><span class=\"title\">GER\u00dcCHT \u00dcBER GRENZEN V<\/span><\/p>\t\t\t\t\t\t\t\t<\/div>\n\t\t\t\t<\/div>\n\t\t\t\t<div class=\"elementor-element elementor-element-26ef0345 elementor-widget elementor-widget-text-editor\" data-id=\"26ef0345\" data-element_type=\"widget\" data-e-type=\"widget\" data-widget_type=\"text-editor.default\">\n\t\t\t\t<div class=\"elementor-widget-container\">\n\t\t\t\t\t\t\t\t\t<div class=\"logro-card\"><div class=\"logro-card\"><div><p>Das Werk &#8222;Rumor de L\u00edmites V&#8220; von Eduardo Chillida, das zur Kunstsammlung von Abad\u00eda Retuerta geh\u00f6rt, ist der Ausgangspunkt f\u00fcr das Design dieses exklusiven Geh\u00e4uses in limitierter Auflage.<\/p><\/div><\/div><div class=\"logro-card\"><picture><source media=\"(max-width: 850px)\"><\/source><\/picture><\/div><\/div><div class=\"logro-card\"><picture><source media=\"(max-width: 850px)\"><\/source><\/picture><\/div>\t\t\t\t\t\t\t\t<\/div>\n\t\t\t\t<\/div>\n\t\t\t\t<\/div>\n\t\t\t\t<\/div>\n\t\t<div class=\"elementor-element elementor-element-3a918372 e-con-full e-flex e-con e-child\" data-id=\"3a918372\" data-element_type=\"container\" data-e-type=\"container\">\n\t\t<div class=\"elementor-element elementor-element-1598218e e-con-full e-flex e-con e-child\" data-id=\"1598218e\" data-element_type=\"container\" data-e-type=\"container\">\n\t\t\t\t<div class=\"elementor-element elementor-element-588a457a elementor-widget elementor-widget-image\" data-id=\"588a457a\" data-element_type=\"widget\" data-e-type=\"widget\" data-widget_type=\"image.default\">\n\t\t\t\t<div class=\"elementor-widget-container\">\n\t\t\t\t\t\t\t\t\t\t\t\t\t\t\t<img decoding=\"async\" width=\"600\" height=\"600\" src=\"https:\/\/abadia-retuerta.com\/wp-content\/uploads\/2025\/10\/Lotura-600x600-1.webp\" class=\"attachment-large size-large wp-image-30232\" alt=\"\" srcset=\"https:\/\/abadia-retuerta.com\/wp-content\/uploads\/2025\/10\/Lotura-600x600-1.webp 600w, https:\/\/abadia-retuerta.com\/wp-content\/uploads\/2025\/10\/Lotura-600x600-1-300x300.webp 300w, https:\/\/abadia-retuerta.com\/wp-content\/uploads\/2025\/10\/Lotura-600x600-1-150x150.webp 150w, https:\/\/abadia-retuerta.com\/wp-content\/uploads\/2025\/10\/Lotura-600x600-1-100x100.webp 100w\" sizes=\"(max-width: 600px) 100vw, 600px\" title=\"\">\t\t\t\t\t\t\t\t\t\t\t\t\t\t\t<\/div>\n\t\t\t\t<\/div>\n\t\t\t\t<\/div>\n\t\t<div class=\"elementor-element elementor-element-1193ac54 e-con-full e-flex e-con e-child\" data-id=\"1193ac54\" data-element_type=\"container\" data-e-type=\"container\">\n\t\t\t\t<div class=\"elementor-element elementor-element-708e3575 elementor-widget elementor-widget-heading\" data-id=\"708e3575\" data-element_type=\"widget\" data-e-type=\"widget\" data-widget_type=\"heading.default\">\n\t\t\t\t<div class=\"elementor-widget-container\">\n\t\t\t\t\t<h2 class=\"elementor-heading-title elementor-size-default\">2022<\/h2>\t\t\t\t<\/div>\n\t\t\t\t<\/div>\n\t\t\t\t<div class=\"elementor-element elementor-element-39c12b4 elementor-widget elementor-widget-text-editor\" data-id=\"39c12b4\" data-element_type=\"widget\" data-e-type=\"widget\" data-widget_type=\"text-editor.default\">\n\t\t\t\t<div class=\"elementor-widget-container\">\n\t\t\t\t\t\t\t\t\t<p>LOTURA<\/p>\t\t\t\t\t\t\t\t<\/div>\n\t\t\t\t<\/div>\n\t\t\t\t<div class=\"elementor-element elementor-element-56dd4852 elementor-widget elementor-widget-text-editor\" data-id=\"56dd4852\" data-element_type=\"widget\" data-e-type=\"widget\" data-widget_type=\"text-editor.default\">\n\t\t\t\t<div class=\"elementor-widget-container\">\n\t\t\t\t\t\t\t\t\t<div class=\"logro-card\"><div class=\"logro-card\"><div><p>Vor\u00fcbergehende Leihgabe der Skulptur &#8222;Lotura&#8220;. Ein Werk aus massivem Stahl, das geschmiedet und w\u00e4hrend des Prozesses langsam gedreht wurde. Sie steht senkrecht, wie ein Baum in der Natur.  <\/p><\/div><\/div><div class=\"logro-card\"><picture><source media=\"(max-width: 850px)\"><\/source><\/picture><\/div><\/div><div class=\"logro-card\"><picture><source media=\"(max-width: 850px)\"><\/source><\/picture><\/div>\t\t\t\t\t\t\t\t<\/div>\n\t\t\t\t<\/div>\n\t\t\t\t<\/div>\n\t\t\t\t<\/div>\n\t\t<div class=\"elementor-element elementor-element-156598c e-con-full e-flex e-con e-child\" data-id=\"156598c\" data-element_type=\"container\" data-e-type=\"container\">\n\t\t<div class=\"elementor-element elementor-element-4bdc57d4 e-con-full e-flex e-con e-child\" data-id=\"4bdc57d4\" data-element_type=\"container\" data-e-type=\"container\">\n\t\t\t\t<div class=\"elementor-element elementor-element-7f323347 elementor-widget elementor-widget-image\" data-id=\"7f323347\" data-element_type=\"widget\" data-e-type=\"widget\" data-widget_type=\"image.default\">\n\t\t\t\t<div class=\"elementor-widget-container\">\n\t\t\t\t\t\t\t\t\t\t\t\t\t\t\t<img decoding=\"async\" width=\"600\" height=\"600\" src=\"https:\/\/abadia-retuerta.com\/wp-content\/uploads\/2025\/10\/Estuche-600x600-1.webp\" class=\"attachment-large size-large wp-image-30230\" alt=\"\" srcset=\"https:\/\/abadia-retuerta.com\/wp-content\/uploads\/2025\/10\/Estuche-600x600-1.webp 600w, https:\/\/abadia-retuerta.com\/wp-content\/uploads\/2025\/10\/Estuche-600x600-1-300x300.webp 300w, https:\/\/abadia-retuerta.com\/wp-content\/uploads\/2025\/10\/Estuche-600x600-1-150x150.webp 150w, https:\/\/abadia-retuerta.com\/wp-content\/uploads\/2025\/10\/Estuche-600x600-1-100x100.webp 100w\" sizes=\"(max-width: 600px) 100vw, 600px\" title=\"\">\t\t\t\t\t\t\t\t\t\t\t\t\t\t\t<\/div>\n\t\t\t\t<\/div>\n\t\t\t\t<\/div>\n\t\t<div class=\"elementor-element elementor-element-2c1fe274 e-con-full e-flex e-con e-child\" data-id=\"2c1fe274\" data-element_type=\"container\" data-e-type=\"container\">\n\t\t\t\t<div class=\"elementor-element elementor-element-16c21ffd elementor-widget elementor-widget-heading\" data-id=\"16c21ffd\" data-element_type=\"widget\" data-e-type=\"widget\" data-widget_type=\"heading.default\">\n\t\t\t\t<div class=\"elementor-widget-container\">\n\t\t\t\t\t<h2 class=\"elementor-heading-title elementor-size-default\">2024<\/h2>\t\t\t\t<\/div>\n\t\t\t\t<\/div>\n\t\t\t\t<div class=\"elementor-element elementor-element-0a425a7 elementor-widget elementor-widget-text-editor\" data-id=\"0a425a7\" data-element_type=\"widget\" data-e-type=\"widget\" data-widget_type=\"text-editor.default\">\n\t\t\t\t<div class=\"elementor-widget-container\">\n\t\t\t\t\t\t\t\t\t<p>SONDERAUSGABE<\/p>\t\t\t\t\t\t\t\t<\/div>\n\t\t\t\t<\/div>\n\t\t\t\t<div class=\"elementor-element elementor-element-4da6a415 elementor-widget elementor-widget-text-editor\" data-id=\"4da6a415\" data-element_type=\"widget\" data-e-type=\"widget\" data-widget_type=\"text-editor.default\">\n\t\t\t\t<div class=\"elementor-widget-container\">\n\t\t\t\t\t\t\t\t\t<div class=\"ab-expertos beige\"><div class=\"logros\"><div class=\"logro-card\"><div><p>Kontinuit\u00e4t der einzigartigen Beziehung zwischen Eduardo Chillida und Abad\u00eda Retuerta durch eine einzigartige und exklusive Kreation anl\u00e4sslich des Geburtstags des K\u00fcnstlers. Das ausgew\u00e4hlte Werk, &#8222;Ohne Titel&#8220; (1963), erinnert auf unvorhergesehene Weise an die Struktur einer Weinrebe: ihren Stamm, ihre Arme und ihre Wurzeln. <\/p><\/div><\/div><\/div><\/div><div class=\"ab-highlights white\"><div class=\"wrapper\"><div class=\"details\"> <\/div><\/div><\/div>\t\t\t\t\t\t\t\t<\/div>\n\t\t\t\t<\/div>\n\t\t\t\t<\/div>\n\t\t\t\t<\/div>\n\t\t\t\t<\/div>\n\t\t\t\t\t<\/div>\n\t\t\t\t<\/div>\n\t\t<div class=\"elementor-element elementor-element-1145505e e-flex e-con-boxed e-con e-parent\" data-id=\"1145505e\" data-element_type=\"container\" data-e-type=\"container\" data-settings=\"{&quot;background_background&quot;:&quot;classic&quot;}\">\n\t\t\t\t\t<div class=\"e-con-inner\">\n\t\t<div class=\"elementor-element elementor-element-e089998 e-con-full e-flex e-con e-child\" data-id=\"e089998\" data-element_type=\"container\" data-e-type=\"container\">\n\t\t\t\t<div class=\"elementor-element elementor-element-911199a elementor-widget elementor-widget-text-editor\" data-id=\"911199a\" data-element_type=\"widget\" data-e-type=\"widget\" data-widget_type=\"text-editor.default\">\n\t\t\t\t<div class=\"elementor-widget-container\">\n\t\t\t\t\t\t\t\t\t<p><span class=\"ab-tag\">Eduardo Chillida und Abad\u00eda Retuerta<\/span><\/p>\t\t\t\t\t\t\t\t<\/div>\n\t\t\t\t<\/div>\n\t\t\t\t<div class=\"elementor-element elementor-element-22f04cbb elementor-widget elementor-widget-heading\" data-id=\"22f04cbb\" data-element_type=\"widget\" data-e-type=\"widget\" data-widget_type=\"heading.default\">\n\t\t\t\t<div class=\"elementor-widget-container\">\n\t\t\t\t\t<h2 class=\"elementor-heading-title elementor-size-default\">Sonderausgabe  \n<\/h2>\t\t\t\t<\/div>\n\t\t\t\t<\/div>\n\t\t\t\t<div class=\"elementor-element elementor-element-d760800 elementor-widget elementor-widget-text-editor\" data-id=\"d760800\" data-element_type=\"widget\" data-e-type=\"widget\" data-widget_type=\"text-editor.default\">\n\t\t\t\t<div class=\"elementor-widget-container\">\n\t\t\t\t\t\t\t\t\t<div class=\"ab-expertos beige\"><div class=\"logros\"><div class=\"logro-card\"><div><p>Die Beziehung zwischen Eduardo Chillida und Abad\u00eda Retuerta stellt eine tiefe Verbindung dar, die auf einem gemeinsamen Ziel basiert. Mit diesem Projekt versuchen wir, uns durch ein Gespr\u00e4ch mit dem Land, der Landschaft, dem Leben und der Kunst wieder mit den Urspr\u00fcngen und dem Wissen der Vorfahren zu verbinden.<br>Die Eduardo Chillida und Abad\u00eda Retuerta Special Edition Kiste ist ein Werk, das die Weinkellerei und den K\u00fcnstler vereint und die Essenz beider perfekt widerspiegelt.<br>Der einzigartige Wein &#8222;Time, Dialogue, Space&#8220;, der darin enthalten ist, ist ein getreues Spiegelbild der Geschichte der Leidenschaft, des Engagements und der Exzellenz unserer Weinkellerei, in der Wein eine Lebensart ist. <\/p><\/div><\/div><\/div><\/div>\t\t\t\t\t\t\t\t<\/div>\n\t\t\t\t<\/div>\n\t\t\t\t<div class=\"elementor-element elementor-element-79dda039 elementor-widget elementor-widget-button\" data-id=\"79dda039\" data-element_type=\"widget\" data-e-type=\"widget\" data-widget_type=\"button.default\">\n\t\t\t\t<div class=\"elementor-widget-container\">\n\t\t\t\t\t\t\t\t\t<div class=\"elementor-button-wrapper\">\n\t\t\t\t\t<a class=\"elementor-button elementor-button-link elementor-size-sm\" href=\"https:\/\/abadia-retuerta.com\/de\/produkt\/chillida-sonderausgabe\/\">\n\t\t\t\t\t\t<span class=\"elementor-button-content-wrapper\">\n\t\t\t\t\t\t\t\t\t<span class=\"elementor-button-text\">Kaufen Sie den Koffer<\/span>\n\t\t\t\t\t<\/span>\n\t\t\t\t\t<\/a>\n\t\t\t\t<\/div>\n\t\t\t\t\t\t\t\t<\/div>\n\t\t\t\t<\/div>\n\t\t\t\t<\/div>\n\t\t<div class=\"elementor-element elementor-element-43fbc55d e-con-full e-flex e-con e-child\" data-id=\"43fbc55d\" data-element_type=\"container\" data-e-type=\"container\">\n\t\t\t\t<div class=\"elementor-element elementor-element-3316a1d0 elementor-widget elementor-widget-image\" data-id=\"3316a1d0\" data-element_type=\"widget\" data-e-type=\"widget\" data-widget_type=\"image.default\">\n\t\t\t\t<div class=\"elementor-widget-container\">\n\t\t\t\t\t\t\t\t\t\t\t\t\t\t\t<img loading=\"lazy\" decoding=\"async\" width=\"999\" height=\"999\" src=\"https:\/\/abadia-retuerta.com\/wp-content\/uploads\/2025\/10\/chillida-botellasestuche-png-e1732031248545.webp\" class=\"attachment-full size-full wp-image-30233\" alt=\"\" srcset=\"https:\/\/abadia-retuerta.com\/wp-content\/uploads\/2025\/10\/chillida-botellasestuche-png-e1732031248545.webp 999w, https:\/\/abadia-retuerta.com\/wp-content\/uploads\/2025\/10\/chillida-botellasestuche-png-e1732031248545-300x300.webp 300w, https:\/\/abadia-retuerta.com\/wp-content\/uploads\/2025\/10\/chillida-botellasestuche-png-e1732031248545-150x150.webp 150w, https:\/\/abadia-retuerta.com\/wp-content\/uploads\/2025\/10\/chillida-botellasestuche-png-e1732031248545-768x768.webp 768w, https:\/\/abadia-retuerta.com\/wp-content\/uploads\/2025\/10\/chillida-botellasestuche-png-e1732031248545-600x600.webp 600w, https:\/\/abadia-retuerta.com\/wp-content\/uploads\/2025\/10\/chillida-botellasestuche-png-e1732031248545-100x100.webp 100w\" sizes=\"(max-width: 999px) 100vw, 999px\" title=\"\">\t\t\t\t\t\t\t\t\t\t\t\t\t\t\t<\/div>\n\t\t\t\t<\/div>\n\t\t\t\t<\/div>\n\t\t\t\t\t<\/div>\n\t\t\t\t<\/div>\n\t\t\t\t<\/div>\n\t\t","protected":false},"excerpt":{"rendered":"<p>Eduardo Chillida und Abad\u00eda Retuerta Sonderausgabe kaufen Sonderausgabe kaufen Eduardo Chillida und Abad\u00eda Retuerta Sonderausgabe Ein gemeinsames Ziel Aus einer inh\u00e4renten Unruhe und einer st\u00e4ndigen Dialektik zwischen Zeit, Dialog und Raum entsteht diese Verbindung, eine Beziehung von zwei. Mit einem Blick auf die Vergangenheit, die Gegenwart und die Zukunft haben wir dieses exklusive Etui entworfen, [&hellip;]<\/p>\n","protected":false},"author":1,"featured_media":0,"parent":0,"menu_order":0,"comment_status":"closed","ping_status":"closed","template":"elementor_header_footer","meta":{"footnotes":""},"class_list":["post-30227","page","type-page","status-publish","hentry"],"acf":[],"_links":{"self":[{"href":"https:\/\/abadia-retuerta.com\/de\/wp-json\/wp\/v2\/pages\/30227","targetHints":{"allow":["GET"]}}],"collection":[{"href":"https:\/\/abadia-retuerta.com\/de\/wp-json\/wp\/v2\/pages"}],"about":[{"href":"https:\/\/abadia-retuerta.com\/de\/wp-json\/wp\/v2\/types\/page"}],"author":[{"embeddable":true,"href":"https:\/\/abadia-retuerta.com\/de\/wp-json\/wp\/v2\/users\/1"}],"replies":[{"embeddable":true,"href":"https:\/\/abadia-retuerta.com\/de\/wp-json\/wp\/v2\/comments?post=30227"}],"version-history":[{"count":4,"href":"https:\/\/abadia-retuerta.com\/de\/wp-json\/wp\/v2\/pages\/30227\/revisions"}],"predecessor-version":[{"id":32923,"href":"https:\/\/abadia-retuerta.com\/de\/wp-json\/wp\/v2\/pages\/30227\/revisions\/32923"}],"wp:attachment":[{"href":"https:\/\/abadia-retuerta.com\/de\/wp-json\/wp\/v2\/media?parent=30227"}],"curies":[{"name":"wp","href":"https:\/\/api.w.org\/{rel}","templated":true}]}}