{"id":30222,"date":"2025-10-21T22:37:40","date_gmt":"2025-10-21T22:37:40","guid":{"rendered":"http:\/\/abadia-retuerta.com\/4-santuario-wellness-spa\/sonderpaket-zugang-zum-heiligtum\/sanktuarium-und-vinoteca-menue\/"},"modified":"2026-04-09T08:08:03","modified_gmt":"2026-04-09T08:08:03","slug":"sanktuarium-und-vinoteca-menue","status":"publish","type":"page","link":"https:\/\/abadia-retuerta.com\/de\/santuario-wellness-spa\/wellness-day\/sanktuarium-und-vinoteca-menue\/","title":{"rendered":"Sanktuarium und Vinoteca Men\u00fc"},"content":{"rendered":"\t\t<div data-elementor-type=\"wp-page\" data-elementor-id=\"30222\" class=\"elementor elementor-30222 elementor-26933\" data-elementor-post-type=\"page\">\n\t\t\t\t<div class=\"elementor-element elementor-element-6cadfbea e-con-full e-flex e-con e-parent\" data-id=\"6cadfbea\" data-element_type=\"container\" data-e-type=\"container\" data-settings=\"{&quot;background_background&quot;:&quot;classic&quot;,&quot;motion_fx_motion_fx_scrolling&quot;:&quot;yes&quot;,&quot;motion_fx_devices&quot;:[&quot;desktop&quot;,&quot;tablet&quot;,&quot;mobile&quot;]}\">\n\t\t<div class=\"elementor-element elementor-element-8f166f7 e-con-full e-flex e-con e-child\" data-id=\"8f166f7\" data-element_type=\"container\" data-e-type=\"container\">\n\t\t\t\t<div class=\"elementor-element elementor-element-24a9adc5 elementor-widget elementor-widget-heading\" data-id=\"24a9adc5\" data-element_type=\"widget\" data-e-type=\"widget\" data-widget_type=\"heading.default\">\n\t\t\t\t<div class=\"elementor-widget-container\">\n\t\t\t\t\t<h1 class=\"elementor-heading-title elementor-size-default\">Santuario und gastronomische Verkostung<\/h1>\t\t\t\t<\/div>\n\t\t\t\t<\/div>\n\t\t\t\t<\/div>\n\t\t\t\t<\/div>\n\t\t<div class=\"elementor-element elementor-element-2df50314 e-flex e-con-boxed e-con e-parent\" data-id=\"2df50314\" data-element_type=\"container\" data-e-type=\"container\" data-settings=\"{&quot;background_background&quot;:&quot;classic&quot;}\">\n\t\t\t\t\t<div class=\"e-con-inner\">\n\t\t<div class=\"elementor-element elementor-element-48810a3c e-flex e-con-boxed e-con e-child\" data-id=\"48810a3c\" data-element_type=\"container\" data-e-type=\"container\">\n\t\t\t\t\t<div class=\"e-con-inner\">\n\t\t<div class=\"elementor-element elementor-element-720ba0a4 e-grid e-con-boxed e-con e-child\" data-id=\"720ba0a4\" data-element_type=\"container\" data-e-type=\"container\">\n\t\t\t\t\t<div class=\"e-con-inner\">\n\t\t<div class=\"elementor-element elementor-element-63f52132 e-con-full e-flex e-con e-child\" data-id=\"63f52132\" data-element_type=\"container\" data-e-type=\"container\">\n\t\t\t\t<div class=\"elementor-element elementor-element-41fb5c96 elementor-widget elementor-widget-text-editor\" data-id=\"41fb5c96\" data-element_type=\"widget\" data-e-type=\"widget\" data-widget_type=\"text-editor.default\">\n\t\t\t\t<div class=\"elementor-widget-container\">\n\t\t\t\t\t\t\t\t\t<p>Spezielles Sanktuarium und gastronomisches Verkostungspaket<\/p>\t\t\t\t\t\t\t\t<\/div>\n\t\t\t\t<\/div>\n\t\t\t\t<div class=\"elementor-element elementor-element-7fd482e6 elementor-widget elementor-widget-heading\" data-id=\"7fd482e6\" data-element_type=\"widget\" data-e-type=\"widget\" data-widget_type=\"heading.default\">\n\t\t\t\t<div class=\"elementor-widget-container\">\n\t\t\t\t\t<h2 class=\"elementor-heading-title elementor-size-default\">Worin besteht diese Erfahrung?  <\/h2>\t\t\t\t<\/div>\n\t\t\t\t<\/div>\n\t\t\t\t<\/div>\n\t\t<div class=\"elementor-element elementor-element-5bb9f67c e-con-full e-flex e-con e-child\" data-id=\"5bb9f67c\" data-element_type=\"container\" data-e-type=\"container\">\n\t\t\t\t<div class=\"elementor-element elementor-element-1e7a51ac elementor-widget elementor-widget-text-editor\" data-id=\"1e7a51ac\" data-element_type=\"widget\" data-e-type=\"widget\" data-widget_type=\"text-editor.default\">\n\t\t\t\t<div class=\"elementor-widget-container\">\n\t\t\t\t\t\t\t\t\t<div class=\"row\"><div class=\"ab-paragraph-text full\"><p class=\"no-plus\">Zugang f\u00fcr zwei Personen zu den Einrichtungen des Santuario mit verschiedenen Bereichen: Sauna, Hamman, Hallenbad und Vinoteca-Men\u00fc f\u00fcr zwei Personen.<\/p><\/div><\/div><div class=\"gallery\"><div class=\"image\"><div class=\"counter \">\u00a0<\/div><\/div><\/div>\t\t\t\t\t\t\t\t<\/div>\n\t\t\t\t<\/div>\n\t\t\t\t<\/div>\n\t\t\t\t\t<\/div>\n\t\t\t\t<\/div>\n\t\t\t\t<div class=\"elementor-element elementor-element-1d0706b elementor-arrows-position-inside elementor-pagination-position-outside elementor-widget elementor-widget-image-carousel\" data-id=\"1d0706b\" data-element_type=\"widget\" data-e-type=\"widget\" data-settings=\"{&quot;slides_to_show&quot;:&quot;1&quot;,&quot;navigation&quot;:&quot;both&quot;,&quot;effect&quot;:&quot;slide&quot;,&quot;speed&quot;:500}\" data-widget_type=\"image-carousel.default\">\n\t\t\t\t<div class=\"elementor-widget-container\">\n\t\t\t\t\t\t\t<div class=\"elementor-image-carousel-wrapper swiper\" role=\"region\" aria-roledescription=\"carousel\" aria-label=\"Carrusel de im\u00e1genes\" dir=\"ltr\">\n\t\t\t<div class=\"elementor-image-carousel swiper-wrapper\" aria-live=\"polite\">\n\t\t\t\t\t\t\t\t<div class=\"swiper-slide\" role=\"group\" aria-roledescription=\"slide\" aria-label=\"1 von 3\"><figure class=\"swiper-slide-inner\"><img decoding=\"async\" class=\"swiper-slide-image\" src=\"https:\/\/abadia-retuerta.com\/wp-content\/uploads\/2026\/03\/Vinoteca-Restaurant_Abadia-Retuerta-scaled-e1774867007871.jpg\" alt=\"Vinoteca Restaurant_Abadia Retuerta\" title=\"\"><\/figure><\/div><div class=\"swiper-slide\" role=\"group\" aria-roledescription=\"slide\" aria-label=\"2 von 3\"><figure class=\"swiper-slide-inner\"><img decoding=\"async\" class=\"swiper-slide-image\" src=\"https:\/\/abadia-retuerta.com\/wp-content\/uploads\/2026\/01\/image-sant1.webp\" alt=\"image-sant1.webp\" title=\"\"><\/figure><\/div><div class=\"swiper-slide\" role=\"group\" aria-roledescription=\"slide\" aria-label=\"3 von 3\"><figure class=\"swiper-slide-inner\"><img decoding=\"async\" class=\"swiper-slide-image\" src=\"https:\/\/abadia-retuerta.com\/wp-content\/uploads\/2025\/10\/fdxhjk.webp\" alt=\"fdxhjk\" title=\"\"><\/figure><\/div>\t\t\t<\/div>\n\t\t\t\t\t\t\t\t\t\t\t\t<div class=\"elementor-swiper-button elementor-swiper-button-prev\" role=\"button\" tabindex=\"0\">\n\t\t\t\t\t\t<svg aria-hidden=\"true\" class=\"e-font-icon-svg e-eicon-chevron-left\" viewBox=\"0 0 1000 1000\" xmlns=\"http:\/\/www.w3.org\/2000\/svg\"><path d=\"M646 125C629 125 613 133 604 142L308 442C296 454 292 471 292 487 292 504 296 521 308 533L604 854C617 867 629 875 646 875 663 875 679 871 692 858 704 846 713 829 713 812 713 796 708 779 692 767L438 487 692 225C700 217 708 204 708 187 708 171 704 154 692 142 675 129 663 125 646 125Z\"><\/path><\/svg>\t\t\t\t\t<\/div>\n\t\t\t\t\t<div class=\"elementor-swiper-button elementor-swiper-button-next\" role=\"button\" tabindex=\"0\">\n\t\t\t\t\t\t<svg aria-hidden=\"true\" class=\"e-font-icon-svg e-eicon-chevron-right\" viewBox=\"0 0 1000 1000\" xmlns=\"http:\/\/www.w3.org\/2000\/svg\"><path d=\"M696 533C708 521 713 504 713 487 713 471 708 454 696 446L400 146C388 133 375 125 354 125 338 125 325 129 313 142 300 154 292 171 292 187 292 204 296 221 308 233L563 492 304 771C292 783 288 800 288 817 288 833 296 850 308 863 321 871 338 875 354 875 371 875 388 867 400 854L696 533Z\"><\/path><\/svg>\t\t\t\t\t<\/div>\n\t\t\t\t\n\t\t\t\t\t\t\t\t\t<div class=\"swiper-pagination\"><\/div>\n\t\t\t\t\t\t\t\t\t<\/div>\n\t\t\t\t\t\t<\/div>\n\t\t\t\t<\/div>\n\t\t\t\t\t<\/div>\n\t\t\t\t<\/div>\n\t\t\t\t\t<\/div>\n\t\t\t\t<\/div>\n\t\t<div class=\"elementor-element elementor-element-292bde40 e-flex e-con-boxed e-con e-parent\" data-id=\"292bde40\" data-element_type=\"container\" data-e-type=\"container\" data-settings=\"{&quot;background_background&quot;:&quot;classic&quot;}\">\n\t\t\t\t\t<div class=\"e-con-inner\">\n\t\t<div class=\"elementor-element elementor-element-657da1a7 e-con-full e-flex e-con e-child\" data-id=\"657da1a7\" data-element_type=\"container\" data-e-type=\"container\">\n\t\t\t\t<div class=\"elementor-element elementor-element-6ce27c62 elementor-widget elementor-widget-text-editor\" data-id=\"6ce27c62\" data-element_type=\"widget\" data-e-type=\"widget\" data-widget_type=\"text-editor.default\">\n\t\t\t\t<div class=\"elementor-widget-container\">\n\t\t\t\t\t\t\t\t\t<p>Verf\u00fcgbare Men\u00fcs:<\/p><ul><li>Gardu\u00f1a Men\u00fc:<ul><li><em>Cecina de Le\u00f3n Krokette<\/em><\/li><li><em>Pastrami aus iberischem Schweinefleisch<\/em><\/li><li><em>Holzkohlegegrilltes Gem\u00fcse mit Romescu<\/em><\/li><li><em>Weicher Reis mit Pilzen und Waldpilzen<\/em><\/li><li><em>Thymianpudding mit Milchkeksen<\/em><\/li><li><em>WEIN:<\/em><em>Abad\u00eda Retuerta Besondere Auswahl.<\/em><\/li><li><em>*Wasser und Kaffee sind im Preis inbegriffen<\/em><\/li><\/ul><\/li><\/ul><p> <\/p><ul><li>Men\u00fc Negralada:<ul><li><em>H\u00e4hnchenpastetchen aus Freilandhaltung mit Knoblauch-Confit-Mayonnaise<\/em><\/li><li><em>Marinierte Forelle mit Zuckerschoten und Zitronengras<\/em><\/li><li><em>Salat mit Salatherzen und Freilandhuhn<\/em><\/li><li><em>Iberisches Schweinefleisch mit Kartoffelparmentier und Pilzen<\/em><\/li><li><em>Rosmarincreme mit Pinienkernen und Honig<\/em><\/li><li><em>WEIN:<\/em><em>Abad\u00eda Retuerta Besondere Auswahl.<\/em><\/li><li><em>*Wasser und Kaffee sind im Preis inbegriffen<\/em><\/li><\/ul><\/li><\/ul><p> <\/p><p>Reservierungen k\u00f6nnen \u00fcber das Webformular, per E-Mail (reservations@ledomaine.es) oder telefonisch unter +34 983 687 600 vorgenommen werden.<\/p>\t\t\t\t\t\t\t\t<\/div>\n\t\t\t\t<\/div>\n\t\t\t\t<\/div>\n\t\t<div class=\"elementor-element elementor-element-151cf234 e-flex e-con-boxed e-con e-child\" data-id=\"151cf234\" data-element_type=\"container\" data-e-type=\"container\">\n\t\t\t\t\t<div class=\"e-con-inner\">\n\t\t\t\t<div class=\"elementor-element elementor-element-5795c1ab elementor-widget-divider--view-line elementor-widget elementor-widget-divider\" data-id=\"5795c1ab\" data-element_type=\"widget\" data-e-type=\"widget\" data-widget_type=\"divider.default\">\n\t\t\t\t<div class=\"elementor-widget-container\">\n\t\t\t\t\t\t\t<div class=\"elementor-divider\">\n\t\t\t<span class=\"elementor-divider-separator\">\n\t\t\t\t\t\t<\/span>\n\t\t<\/div>\n\t\t\t\t\t\t<\/div>\n\t\t\t\t<\/div>\n\t\t\t\t<div class=\"elementor-element elementor-element-3c4c5c06 elementor-widget elementor-widget-text-editor\" data-id=\"3c4c5c06\" data-element_type=\"widget\" data-e-type=\"widget\" data-widget_type=\"text-editor.default\">\n\t\t\t\t<div class=\"elementor-widget-container\">\n\t\t\t\t\t\t\t\t\t<div class=\"price\"><p><span class=\"title\">280\u20ac \/ 2 Personen<\/span><\/p><p>Spezialpaket Heiligtum und gastronomische Verkostung (Gardu\u00f1a-Men\u00fc)<\/p><\/div><div class=\"price\"><p><span class=\"title\">306\u20ac \/ 2 Personen<\/span><\/p><p>Spezialpaket Heiligtum und gastronomische Verkostung (Negralada-Men\u00fc)<\/p><\/div>\t\t\t\t\t\t\t\t<\/div>\n\t\t\t\t<\/div>\n\t\t\t\t<div class=\"elementor-element elementor-element-1812fcff elementor-widget-divider--view-line elementor-widget elementor-widget-divider\" data-id=\"1812fcff\" data-element_type=\"widget\" data-e-type=\"widget\" data-widget_type=\"divider.default\">\n\t\t\t\t<div class=\"elementor-widget-container\">\n\t\t\t\t\t\t\t<div class=\"elementor-divider\">\n\t\t\t<span class=\"elementor-divider-separator\">\n\t\t\t\t\t\t<\/span>\n\t\t<\/div>\n\t\t\t\t\t\t<\/div>\n\t\t\t\t<\/div>\n\t\t\t\t<div class=\"elementor-element elementor-element-5fc06868 elementor-widget elementor-widget-text-editor\" data-id=\"5fc06868\" data-element_type=\"widget\" data-e-type=\"widget\" data-widget_type=\"text-editor.default\">\n\t\t\t\t<div class=\"elementor-widget-container\">\n\t\t\t\t\t\t\t\t\t<ul><li>Sonderpaket f\u00fcr Nicht-Hosting-Kunden verf\u00fcgbar<\/li><li>Spa-Nutzung f\u00fcr 2 Stunden mit Zugang zu den Bereichen: Sauna, Hammam, Schwimmbad, etc.<\/li><li>Das Spezialpaket ist von Montag bis Donnerstag zu den normalen \u00d6ffnungszeiten (10 bis 21 Uhr) erh\u00e4ltlich, au\u00dfer an Feiertagen.<\/li><li>Die vertraglich vereinbarten Behandlungen sind nicht im Preis inbegriffen.<\/li><li>Vorbehaltlich der Verf\u00fcgbarkeit des Spa und des Restaurants Vinoteca. Pr\u00fcfen Sie die Daten bei der Buchung.<\/li><li>Zahlungsweise: Der Betrag des Spezialpakets muss zum Zeitpunkt der Buchung bezahlt werden.<\/li><li>*Bei Stornierungen innerhalb von weniger als 2 Stunden betr\u00e4gt die Geb\u00fchr 100% des Betrags. Bei Stornierungen innerhalb von weniger als 24 Stunden werden 50% des Betrags berechnet.<\/li><\/ul>\t\t\t\t\t\t\t\t<\/div>\n\t\t\t\t<\/div>\n\t\t\t\t\t<\/div>\n\t\t\t\t<\/div>\n\t\t\t\t\t<\/div>\n\t\t\t\t<\/div>\n\t\t<div class=\"elementor-element elementor-element-59af1e3a e-flex e-con-boxed e-con e-parent\" data-id=\"59af1e3a\" data-element_type=\"container\" data-e-type=\"container\" data-settings=\"{&quot;background_background&quot;:&quot;classic&quot;}\">\n\t\t\t\t\t<div class=\"e-con-inner\">\n\t\t<div class=\"elementor-element elementor-element-1a7526d8 e-con-full e-flex e-con e-child\" data-id=\"1a7526d8\" data-element_type=\"container\" data-e-type=\"container\">\n\t\t\t\t<div class=\"elementor-element elementor-element-57cf8346 elementor-widget elementor-widget-heading\" data-id=\"57cf8346\" data-element_type=\"widget\" data-e-type=\"widget\" data-widget_type=\"heading.default\">\n\t\t\t\t<div class=\"elementor-widget-container\">\n\t\t\t\t\t<h2 class=\"elementor-heading-title elementor-size-default\">Buchen Sie Ihr Erlebnis<\/h2>\t\t\t\t<\/div>\n\t\t\t\t<\/div>\n\t\t\t\t<\/div>\n\t\t<div class=\"elementor-element elementor-element-1eed2ae0 e-flex e-con-boxed e-con e-child\" data-id=\"1eed2ae0\" data-element_type=\"container\" data-e-type=\"container\">\n\t\t\t\t\t<div class=\"e-con-inner\">\n\t\t<div class=\"elementor-element elementor-element-183273d e-con-full e-flex e-con e-child\" data-id=\"183273d\" data-element_type=\"container\" data-e-type=\"container\">\n\t\t\t\t<div class=\"elementor-element elementor-element-36c9654 elementor-widget elementor-widget-html\" data-id=\"36c9654\" data-element_type=\"widget\" data-e-type=\"widget\" data-widget_type=\"html.default\">\n\t\t\t\t<div class=\"elementor-widget-container\">\n\t\t\t\t\t    <script>\n        function timestamp() {\n            var response = document.getElementById(\"g-recaptcha-response\");\n            if (response == null || response.value.trim() == \"\") {\n                var elems = JSON.parse(document.getElementsByName(\"captcha_settings\")[0].value);\n                elems[\"ts\"] = JSON.stringify(new Date().getTime());\n                document.getElementsByName(\"captcha_settings\")[0].value = JSON.stringify(elems);\n            }\n        }\n        setInterval(timestamp, 500);\n    <\/script>\n    \n\n\n    <div class=\"form-container\">\n        <form action=\"https:\/\/webto.salesforce.com\/servlet\/servlet.WebToLead?encoding=UTF-8&orgId=00D1t000000Cn69\" method=\"POST\">\n            <input type=\"hidden\" name=\"oid\" value=\"00D1t000000Cn69\">\n            <input type=\"hidden\" name=\"retURL\" value=\"https:\/\/abadia-retuerta.com\/de\/santuario-wellness-spa\/wellness-day\/sanktuarium-und-vinoteca-menue\/?sff_success=1\">\n            <input type=\"hidden\" id=\"00N1w000000b6A3\" name=\"00N1w000000b6A3\" value=\"SpaSommelier\"\/>\n            <input type=\"hidden\" name=\"lead_source\" value=\"Website\"\/>\n            <input type=hidden name='captcha_settings' value='{\"keyname\":\"Abadia_Nueva_Web_11_2025_Bis\",\"fallback\":\"true\",\"orgId\":\"00D1t000000Cn69\",\"ts\":\"\"}'>\n            <!-- <input type=hidden name='captcha_settings' value='{\"keyname\":\"Abadia_Nueva_Web_09_2025\",\"fallback\":\"true\",\"orgId\":\"00D1t000000Cn69\",\"ts\":\"\"}'>-->\n\n            <!-- NOMBRE Y APELLIDOS -->\n            <div class=\"form-row\">\n                <div class=\"form-group\">\n                    <label class=\"title-sales-form-field\" for=\"first_name\">Vorname<\/label>\n                    <input id=\"first_name\" name=\"first_name\" type=\"text\">\n                <\/div>\n                <div class=\"form-group\">\n                    <label class=\"title-sales-form-field\" for=\"last_name\">Nachname<\/label>\n                    <input id=\"last_name\" name=\"last_name\" type=\"text\">\n                <\/div>\n            <\/div>\n\n\n            <!-- CORREO Y TEL\u00c9FONO -->\n            <div class=\"form-row\">\n                <div class=\"form-group\">\n                    <label class=\"title-sales-form-field\" for=\"email\">E-Mail<\/label>\n                    <input id=\"email\" name=\"email\" type=\"email\">\n                <\/div>\n                <div class=\"form-group\">\n                    <label class=\"title-sales-form-field\" for=\"mobile\">Telefon<\/label>\n                    <input id=\"mobile\" name=\"mobile\" type=\"text\">\n                <\/div>\n            <\/div>\n\n\n            <!-- NIF O PASAPORTE -->\n            <div class=\"form-row\">\n                <div class=\"form-group\">\n                    <label class=\"title-sales-form-field\" for=\"00N1t00000LYoc6\">Steuernummer oder Reisepass<\/label>\n                    <input id=\"00N1t00000LYoc6\" name=\"00N1t00000LYoc6\" type=\"text\">\n                <\/div>\n            <\/div>\n\n\n            <!-- COMENTARIOS -->\n            <div class=\"form-row full\">\n                <div class=\"form-group\">\n                    <label class=\"title-sales-form-field\" for=\"comment\">Kommentare<\/label>\n                    <textarea id=\"description\" name=\"description\"><\/textarea>\n                <\/div>\n            <\/div>\n\n            <!-- POL\u00cdTICAS DE PRIVACIDAD -->\n            <div class=\"form-row full\">\n                <div class=\"form-group\">\n                    <label class=\"terms_and_policy\"><input id=\"00N1t00000LYobx\" name=\"00N1t00000LYobx\" type=\"checkbox\" value=\"1\">Ich habe das gelesen                        <a href=\"https:\/\/abadiaretuerta2.adaurea.com\/politica-de-privacidad\/\" target=\"_blank\" rel=\"noopener\">Datenschutzrichtlinie<\/a> der Website und                        <a href=\"https:\/\/abadiaretuerta2.adaurea.com\/proteccion-de-datos\/\" target=\"_blank\" rel=\"noopener\">Bedingungen f\u00fcr die Behandlung<\/a> meiner personenbezogenen Daten                    <\/label>\n                <\/div>\n            <\/div>\n\n                <div class=\"form-row full\">\n        <div class=\"form-group\">\n            <div class=\"g-recaptcha\" data-sitekey=\"6LfTGAosAAAAAH8C609IOZjXKEkoFDc1QUQjbA3D\"><\/div>\n        <\/div>\n    <\/div>\n        <div class=\"form-submit-container\">\n        <input class=\"form-group-submit-button\" type=\"submit\" name=\"submit\" value=\"Absenden\">\n    <\/div>\n                \n        <\/form>\n    <\/div>\n        <div id=\"sff-success-modal\" class=\"sff-modal\" aria-hidden=\"true\">\n        <div class=\"sff-modal__backdrop\" data-sff-close><\/div>\n\n        <div class=\"sff-modal__dialog\" role=\"dialog\" aria-modal=\"true\" aria-labelledby=\"sff-modal-title\">\n            <h3 id=\"sff-modal-title\" class=\"sff-modal__title\">\n                Nachricht erfolgreich gesendet            <\/h3>\n\n            <p id=\"sff-modal-message\" class=\"sff-modal__message\">\n                Wir haben Ihre Informationsanfrage erfolgreich erhalten. Wir werden uns in K\u00fcrze mit Ihnen in Verbindung setzen.            <\/p>\n\n            <button type=\"button\" class=\"sff-modal__close\" data-sff-close>\n                Schlie\u00dfen            <\/button>\n        <\/div>\n    <\/div>\n        \n\t\t\t\t<\/div>\n\t\t\t\t<\/div>\n\t\t\t\t<\/div>\n\t\t\t\t\t<\/div>\n\t\t\t\t<\/div>\n\t\t\t\t\t<\/div>\n\t\t\t\t<\/div>\n\t\t\t\t<\/div>\n\t\t","protected":false},"excerpt":{"rendered":"<p>Santuario und gastronomische Verkostung Spezielles Sanktuarium und gastronomisches Verkostungspaket Worin besteht diese Erfahrung? Zugang f\u00fcr zwei Personen zu den Einrichtungen des Santuario mit verschiedenen Bereichen: Sauna, Hamman, Hallenbad und Vinoteca-Men\u00fc f\u00fcr zwei Personen. \u00a0 Verf\u00fcgbare Men\u00fcs: Gardu\u00f1a Men\u00fc: Cecina de Le\u00f3n Krokette Pastrami aus iberischem Schweinefleisch Holzkohlegegrilltes Gem\u00fcse mit Romescu Weicher Reis mit Pilzen und [&hellip;]<\/p>\n","protected":false},"author":1,"featured_media":0,"parent":42654,"menu_order":0,"comment_status":"closed","ping_status":"closed","template":"elementor_header_footer","meta":{"footnotes":""},"class_list":["post-30222","page","type-page","status-publish","hentry"],"acf":[],"_links":{"self":[{"href":"https:\/\/abadia-retuerta.com\/de\/wp-json\/wp\/v2\/pages\/30222","targetHints":{"allow":["GET"]}}],"collection":[{"href":"https:\/\/abadia-retuerta.com\/de\/wp-json\/wp\/v2\/pages"}],"about":[{"href":"https:\/\/abadia-retuerta.com\/de\/wp-json\/wp\/v2\/types\/page"}],"author":[{"embeddable":true,"href":"https:\/\/abadia-retuerta.com\/de\/wp-json\/wp\/v2\/users\/1"}],"replies":[{"embeddable":true,"href":"https:\/\/abadia-retuerta.com\/de\/wp-json\/wp\/v2\/comments?post=30222"}],"version-history":[{"count":10,"href":"https:\/\/abadia-retuerta.com\/de\/wp-json\/wp\/v2\/pages\/30222\/revisions"}],"predecessor-version":[{"id":45747,"href":"https:\/\/abadia-retuerta.com\/de\/wp-json\/wp\/v2\/pages\/30222\/revisions\/45747"}],"up":[{"embeddable":true,"href":"https:\/\/abadia-retuerta.com\/de\/wp-json\/wp\/v2\/pages\/42654"}],"wp:attachment":[{"href":"https:\/\/abadia-retuerta.com\/de\/wp-json\/wp\/v2\/media?parent=30222"}],"curies":[{"name":"wp","href":"https:\/\/api.w.org\/{rel}","templated":true}]}}