{"id":30152,"date":"2025-09-15T08:43:02","date_gmt":"2025-09-15T08:43:02","guid":{"rendered":"http:\/\/abadia-retuerta.com\/zuflucht-und-behandlung\/"},"modified":"2026-04-09T08:07:12","modified_gmt":"2026-04-09T08:07:12","slug":"zuflucht-und-behandlung","status":"publish","type":"page","link":"https:\/\/abadia-retuerta.com\/de\/santuario-wellness-spa\/wellness-day\/zuflucht-und-behandlung\/","title":{"rendered":"Zuflucht und Behandlung"},"content":{"rendered":"\t\t<div data-elementor-type=\"wp-page\" data-elementor-id=\"30152\" class=\"elementor elementor-30152 elementor-25204\" data-elementor-post-type=\"page\">\n\t\t\t\t<div class=\"elementor-element elementor-element-d53dc63 e-con-full e-flex e-con e-parent\" data-id=\"d53dc63\" data-element_type=\"container\" data-e-type=\"container\" data-settings=\"{&quot;background_background&quot;:&quot;classic&quot;,&quot;motion_fx_motion_fx_scrolling&quot;:&quot;yes&quot;,&quot;motion_fx_devices&quot;:[&quot;desktop&quot;,&quot;tablet&quot;,&quot;mobile&quot;]}\">\n\t\t<div class=\"elementor-element elementor-element-1d0a372 e-con-full e-flex e-con e-child\" data-id=\"1d0a372\" data-element_type=\"container\" data-e-type=\"container\">\n\t\t\t\t<div class=\"elementor-element elementor-element-a61d1ad elementor-widget elementor-widget-heading\" data-id=\"a61d1ad\" data-element_type=\"widget\" data-e-type=\"widget\" data-widget_type=\"heading.default\">\n\t\t\t\t<div class=\"elementor-widget-container\">\n\t\t\t\t\t<h1 class=\"elementor-heading-title elementor-size-default\">Santuario und exklusive Behandlung<\/h1>\t\t\t\t<\/div>\n\t\t\t\t<\/div>\n\t\t\t\t<\/div>\n\t\t\t\t<\/div>\n\t\t<div class=\"elementor-element elementor-element-a8654fa e-flex e-con-boxed e-con e-parent\" data-id=\"a8654fa\" data-element_type=\"container\" data-e-type=\"container\" data-settings=\"{&quot;background_background&quot;:&quot;classic&quot;}\">\n\t\t\t\t\t<div class=\"e-con-inner\">\n\t\t<div class=\"elementor-element elementor-element-ac55f9b e-flex e-con-boxed e-con e-child\" data-id=\"ac55f9b\" data-element_type=\"container\" data-e-type=\"container\">\n\t\t\t\t\t<div class=\"e-con-inner\">\n\t\t<div class=\"elementor-element elementor-element-50a2a6a e-grid e-con-boxed e-con e-child\" data-id=\"50a2a6a\" data-element_type=\"container\" data-e-type=\"container\">\n\t\t\t\t\t<div class=\"e-con-inner\">\n\t\t<div class=\"elementor-element elementor-element-d4cd325 e-con-full e-flex e-con e-child\" data-id=\"d4cd325\" data-element_type=\"container\" data-e-type=\"container\">\n\t\t\t\t<div class=\"elementor-element elementor-element-78becff elementor-widget elementor-widget-text-editor\" data-id=\"78becff\" data-element_type=\"widget\" data-e-type=\"widget\" data-widget_type=\"text-editor.default\">\n\t\t\t\t<div class=\"elementor-widget-container\">\n\t\t\t\t\t\t\t\t\t<p>Spezielles Sanctuary-Paket und exklusive Behandlung<\/p>\t\t\t\t\t\t\t\t<\/div>\n\t\t\t\t<\/div>\n\t\t\t\t<div class=\"elementor-element elementor-element-420fdbd elementor-widget elementor-widget-heading\" data-id=\"420fdbd\" data-element_type=\"widget\" data-e-type=\"widget\" data-widget_type=\"heading.default\">\n\t\t\t\t<div class=\"elementor-widget-container\">\n\t\t\t\t\t<h2 class=\"elementor-heading-title elementor-size-default\">Worin besteht diese Erfahrung?  <\/h2>\t\t\t\t<\/div>\n\t\t\t\t<\/div>\n\t\t\t\t<\/div>\n\t\t<div class=\"elementor-element elementor-element-bf73950 e-con-full e-flex e-con e-child\" data-id=\"bf73950\" data-element_type=\"container\" data-e-type=\"container\">\n\t\t\t\t<div class=\"elementor-element elementor-element-62555da elementor-widget elementor-widget-text-editor\" data-id=\"62555da\" data-element_type=\"widget\" data-e-type=\"widget\" data-widget_type=\"text-editor.default\">\n\t\t\t\t<div class=\"elementor-widget-container\">\n\t\t\t\t\t\t\t\t\t<p>Zugang zu den Einrichtungen des Sanktuariums mit verschiedenen Bereichen:<\/p><p>Sauna, Hamman, Hallenbad und eine <a href=\"https:\/\/abadia-retuerta.com\/de\/santuario-wellness-spa\/behandlungen\/massagen\/\">K\u00f6rperbehandlung<\/a> aus unserem Angebot von mehr als 60 Minuten (nicht im Preis enthalten).<\/p>\t\t\t\t\t\t\t\t<\/div>\n\t\t\t\t<\/div>\n\t\t\t\t<\/div>\n\t\t\t\t\t<\/div>\n\t\t\t\t<\/div>\n\t\t\t\t<div class=\"elementor-element elementor-element-ecbb9c6 elementor-pagination-position-outside elementor-widget elementor-widget-image-carousel\" data-id=\"ecbb9c6\" data-element_type=\"widget\" data-e-type=\"widget\" data-settings=\"{&quot;slides_to_show&quot;:&quot;1&quot;,&quot;navigation&quot;:&quot;dots&quot;,&quot;effect&quot;:&quot;slide&quot;,&quot;speed&quot;:500}\" data-widget_type=\"image-carousel.default\">\n\t\t\t\t<div class=\"elementor-widget-container\">\n\t\t\t\t\t\t\t<div class=\"elementor-image-carousel-wrapper swiper\" role=\"region\" aria-roledescription=\"carousel\" aria-label=\"Carrusel de im\u00e1genes\" dir=\"ltr\">\n\t\t\t<div class=\"elementor-image-carousel swiper-wrapper\" aria-live=\"polite\">\n\t\t\t\t\t\t\t\t<div class=\"swiper-slide\" role=\"group\" aria-roledescription=\"slide\" aria-label=\"1 von 1\"><figure class=\"swiper-slide-inner\"><img decoding=\"async\" class=\"swiper-slide-image\" src=\"https:\/\/abadia-retuerta.com\/wp-content\/uploads\/2025\/07\/Tratamiento.-desktop.webp\" alt=\"Behandlung.-desktop\" title=\"\"><\/figure><\/div>\t\t\t<\/div>\n\t\t\t\t\t<\/div>\n\t\t\t\t\t\t<\/div>\n\t\t\t\t<\/div>\n\t\t\t\t\t<\/div>\n\t\t\t\t<\/div>\n\t\t\t\t\t<\/div>\n\t\t\t\t<\/div>\n\t\t<div class=\"elementor-element elementor-element-cb5d389 e-flex e-con-boxed e-con e-parent\" data-id=\"cb5d389\" data-element_type=\"container\" data-e-type=\"container\" data-settings=\"{&quot;background_background&quot;:&quot;classic&quot;}\">\n\t\t\t\t\t<div class=\"e-con-inner\">\n\t\t<div class=\"elementor-element elementor-element-6f9b6f9 e-con-full e-flex e-con e-child\" data-id=\"6f9b6f9\" data-element_type=\"container\" data-e-type=\"container\">\n\t\t\t\t<div class=\"elementor-element elementor-element-205a970 elementor-widget elementor-widget-text-editor\" data-id=\"205a970\" data-element_type=\"widget\" data-e-type=\"widget\" data-widget_type=\"text-editor.default\">\n\t\t\t\t<div class=\"elementor-widget-container\">\n\t\t\t\t\t\t\t\t\t<p>F\u00fcr Nicht-G\u00e4ste gibt es ein spezielles Paket mit Zugang zu den Santuario-Einrichtungen f\u00fcr 2 Stunden und dem Abschluss einer der Behandlungen von 60 Minuten oder l\u00e4nger. Pr\u00fcfen Sie die verf\u00fcgbaren Behandlungen in der Rubrik <a href=\"https:\/\/abadia-retuerta.com\/de\/santuario-wellness-spa\/behandlungen\/\">Behandlungen auf der Website<\/a>.<\/p><p>Reservierungen k\u00f6nnen \u00fcber das Webformular, per E-Mail<a href=\"mailto:reservations@ledomaine.es\">(reservations@ledomaine.es)<\/a> oder telefonisch unter <a href=\"tel:+34983687600\">+34 983 687 600 <\/a>vorgenommen werden .<\/p>\t\t\t\t\t\t\t\t<\/div>\n\t\t\t\t<\/div>\n\t\t\t\t<\/div>\n\t\t<div class=\"elementor-element elementor-element-1ac37aa e-flex e-con-boxed e-con e-child\" data-id=\"1ac37aa\" data-element_type=\"container\" data-e-type=\"container\">\n\t\t\t\t\t<div class=\"e-con-inner\">\n\t\t\t\t<div class=\"elementor-element elementor-element-1e8ed24 elementor-widget-divider--view-line elementor-widget elementor-widget-divider\" data-id=\"1e8ed24\" data-element_type=\"widget\" data-e-type=\"widget\" data-widget_type=\"divider.default\">\n\t\t\t\t<div class=\"elementor-widget-container\">\n\t\t\t\t\t\t\t<div class=\"elementor-divider\">\n\t\t\t<span class=\"elementor-divider-separator\">\n\t\t\t\t\t\t<\/span>\n\t\t<\/div>\n\t\t\t\t\t\t<\/div>\n\t\t\t\t<\/div>\n\t\t\t\t<div class=\"elementor-element elementor-element-952c472 elementor-widget elementor-widget-text-editor\" data-id=\"952c472\" data-element_type=\"widget\" data-e-type=\"widget\" data-widget_type=\"text-editor.default\">\n\t\t\t\t<div class=\"elementor-widget-container\">\n\t\t\t\t\t\t\t\t\t<p><span class=\"title\">50\u20ac \/ Person<\/span><\/p><p>(Behandlung nicht inbegriffen)<\/p>\t\t\t\t\t\t\t\t<\/div>\n\t\t\t\t<\/div>\n\t\t\t\t<div class=\"elementor-element elementor-element-cf53f08 elementor-widget-divider--view-line elementor-widget elementor-widget-divider\" data-id=\"cf53f08\" data-element_type=\"widget\" data-e-type=\"widget\" data-widget_type=\"divider.default\">\n\t\t\t\t<div class=\"elementor-widget-container\">\n\t\t\t\t\t\t\t<div class=\"elementor-divider\">\n\t\t\t<span class=\"elementor-divider-separator\">\n\t\t\t\t\t\t<\/span>\n\t\t<\/div>\n\t\t\t\t\t\t<\/div>\n\t\t\t\t<\/div>\n\t\t\t\t<div class=\"elementor-element elementor-element-1d22408 elementor-widget elementor-widget-text-editor\" data-id=\"1d22408\" data-element_type=\"widget\" data-e-type=\"widget\" data-widget_type=\"text-editor.default\">\n\t\t\t\t<div class=\"elementor-widget-container\">\n\t\t\t\t\t\t\t\t\t<ul><li>Sonderpaket f\u00fcr Nicht-Hosting-Kunden verf\u00fcgbar<\/li><li>Spa-Nutzung f\u00fcr 2 Stunden mit Zugang zu den Bereichen: Sauna, Hamman, Schwimmbad.<\/li><li>Das Spezialpaket ist von Montag bis Donnerstag zu den normalen \u00d6ffnungszeiten (10 bis 21 Uhr) erh\u00e4ltlich, au\u00dfer an Feiertagen.<\/li><li>Sie k\u00f6nnen jede der auf der Website angebotenen Behandlungen mit einer Dauer von 60 Minuten oder mehr in Anspruch nehmen.<\/li><li>Vorbehaltlich der Verf\u00fcgbarkeit des Spa und der Behandlungen. Pr\u00fcfen Sie die Daten bei der Buchung <\/li><li>Zahlungsweise: Der Betrag des Spezialpakets muss zum Zeitpunkt der Buchung bezahlt werden.<\/li><li>Bei Stornierungen innerhalb von weniger als 2 Stunden betr\u00e4gt die Geb\u00fchr 100% des Betrags. Bei Stornierungen innerhalb von weniger als 24 Stunden werden 50% des Betrags berechnet. <\/li><\/ul>\t\t\t\t\t\t\t\t<\/div>\n\t\t\t\t<\/div>\n\t\t\t\t\t<\/div>\n\t\t\t\t<\/div>\n\t\t\t\t\t<\/div>\n\t\t\t\t<\/div>\n\t\t<div class=\"elementor-element elementor-element-19fa228 e-flex e-con-boxed e-con e-parent\" data-id=\"19fa228\" data-element_type=\"container\" data-e-type=\"container\" data-settings=\"{&quot;background_background&quot;:&quot;classic&quot;}\">\n\t\t\t\t\t<div class=\"e-con-inner\">\n\t\t<div class=\"elementor-element elementor-element-02252eb e-con-full e-flex e-con e-child\" data-id=\"02252eb\" data-element_type=\"container\" data-e-type=\"container\">\n\t\t\t\t<div class=\"elementor-element elementor-element-1f61bc0 elementor-widget elementor-widget-heading\" data-id=\"1f61bc0\" data-element_type=\"widget\" data-e-type=\"widget\" data-widget_type=\"heading.default\">\n\t\t\t\t<div class=\"elementor-widget-container\">\n\t\t\t\t\t<h2 class=\"elementor-heading-title elementor-size-default\">Buchen Sie Ihr Erlebnis<\/h2>\t\t\t\t<\/div>\n\t\t\t\t<\/div>\n\t\t\t\t<\/div>\n\t\t<div class=\"elementor-element elementor-element-a625557 e-flex e-con-boxed e-con e-child\" data-id=\"a625557\" data-element_type=\"container\" data-e-type=\"container\">\n\t\t\t\t\t<div class=\"e-con-inner\">\n\t\t<div class=\"elementor-element elementor-element-c938684 e-con-full e-flex e-con e-child\" data-id=\"c938684\" data-element_type=\"container\" data-e-type=\"container\">\n\t\t\t\t<div class=\"elementor-element elementor-element-5235d4f elementor-widget elementor-widget-html\" data-id=\"5235d4f\" data-element_type=\"widget\" data-e-type=\"widget\" data-widget_type=\"html.default\">\n\t\t\t\t<div class=\"elementor-widget-container\">\n\t\t\t\t\t    <script>\n        function timestamp() {\n            var response = document.getElementById(\"g-recaptcha-response\");\n            if (response == null || response.value.trim() == \"\") {\n                var elems = JSON.parse(document.getElementsByName(\"captcha_settings\")[0].value);\n                elems[\"ts\"] = JSON.stringify(new Date().getTime());\n                document.getElementsByName(\"captcha_settings\")[0].value = JSON.stringify(elems);\n            }\n        }\n        setInterval(timestamp, 500);\n    <\/script>\n    \n\n\n    <div class=\"form-container\">\n        <form action=\"https:\/\/webto.salesforce.com\/servlet\/servlet.WebToLead?encoding=UTF-8&orgId=00D1t000000Cn69\" method=\"POST\">\n            <input type=\"hidden\" name=\"oid\" value=\"00D1t000000Cn69\">\n            <input type=\"hidden\" name=\"retURL\" value=\"https:\/\/abadia-retuerta.com\/de\/santuario-wellness-spa\/wellness-day\/zuflucht-und-behandlung\/?sff_success=1\">\n            <input type=\"hidden\" id=\"00N1w000000b6A3\" name=\"00N1w000000b6A3\" value=\"SpaSommelier\"\/>\n            <input type=\"hidden\" name=\"lead_source\" value=\"Website\"\/>\n            <input type=hidden name='captcha_settings' value='{\"keyname\":\"Abadia_Nueva_Web_11_2025_Bis\",\"fallback\":\"true\",\"orgId\":\"00D1t000000Cn69\",\"ts\":\"\"}'>\n            <!-- <input type=hidden name='captcha_settings' value='{\"keyname\":\"Abadia_Nueva_Web_09_2025\",\"fallback\":\"true\",\"orgId\":\"00D1t000000Cn69\",\"ts\":\"\"}'>-->\n\n            <!-- NOMBRE Y APELLIDOS -->\n            <div class=\"form-row\">\n                <div class=\"form-group\">\n                    <label class=\"title-sales-form-field\" for=\"first_name\">Vorname<\/label>\n                    <input id=\"first_name\" name=\"first_name\" type=\"text\">\n                <\/div>\n                <div class=\"form-group\">\n                    <label class=\"title-sales-form-field\" for=\"last_name\">Nachname<\/label>\n                    <input id=\"last_name\" name=\"last_name\" type=\"text\">\n                <\/div>\n            <\/div>\n\n\n            <!-- CORREO Y TEL\u00c9FONO -->\n            <div class=\"form-row\">\n                <div class=\"form-group\">\n                    <label class=\"title-sales-form-field\" for=\"email\">E-Mail<\/label>\n                    <input id=\"email\" name=\"email\" type=\"email\">\n                <\/div>\n                <div class=\"form-group\">\n                    <label class=\"title-sales-form-field\" for=\"mobile\">Telefon<\/label>\n                    <input id=\"mobile\" name=\"mobile\" type=\"text\">\n                <\/div>\n            <\/div>\n\n\n            <!-- NIF O PASAPORTE -->\n            <div class=\"form-row\">\n                <div class=\"form-group\">\n                    <label class=\"title-sales-form-field\" for=\"00N1t00000LYoc6\">Steuernummer oder Reisepass<\/label>\n                    <input id=\"00N1t00000LYoc6\" name=\"00N1t00000LYoc6\" type=\"text\">\n                <\/div>\n            <\/div>\n\n\n            <!-- COMENTARIOS -->\n            <div class=\"form-row full\">\n                <div class=\"form-group\">\n                    <label class=\"title-sales-form-field\" for=\"comment\">Kommentare<\/label>\n                    <textarea id=\"description\" name=\"description\"><\/textarea>\n                <\/div>\n            <\/div>\n\n            <!-- POL\u00cdTICAS DE PRIVACIDAD -->\n            <div class=\"form-row full\">\n                <div class=\"form-group\">\n                    <label class=\"terms_and_policy\"><input id=\"00N1t00000LYobx\" name=\"00N1t00000LYobx\" type=\"checkbox\" value=\"1\">Ich habe das gelesen                        <a href=\"https:\/\/abadiaretuerta2.adaurea.com\/politica-de-privacidad\/\" target=\"_blank\" rel=\"noopener\">Datenschutzrichtlinie<\/a> der Website und                        <a href=\"https:\/\/abadiaretuerta2.adaurea.com\/proteccion-de-datos\/\" target=\"_blank\" rel=\"noopener\">Bedingungen f\u00fcr die Behandlung<\/a> meiner personenbezogenen Daten                    <\/label>\n                <\/div>\n            <\/div>\n\n                <div class=\"form-row full\">\n        <div class=\"form-group\">\n            <div class=\"g-recaptcha\" data-sitekey=\"6LfTGAosAAAAAH8C609IOZjXKEkoFDc1QUQjbA3D\"><\/div>\n        <\/div>\n    <\/div>\n        <div class=\"form-submit-container\">\n        <input class=\"form-group-submit-button\" type=\"submit\" name=\"submit\" value=\"Absenden\">\n    <\/div>\n                \n        <\/form>\n    <\/div>\n        <div id=\"sff-success-modal\" class=\"sff-modal\" aria-hidden=\"true\">\n        <div class=\"sff-modal__backdrop\" data-sff-close><\/div>\n\n        <div class=\"sff-modal__dialog\" role=\"dialog\" aria-modal=\"true\" aria-labelledby=\"sff-modal-title\">\n            <h3 id=\"sff-modal-title\" class=\"sff-modal__title\">\n                Nachricht erfolgreich gesendet            <\/h3>\n\n            <p id=\"sff-modal-message\" class=\"sff-modal__message\">\n                Wir haben Ihre Informationsanfrage erfolgreich erhalten. Wir werden uns in K\u00fcrze mit Ihnen in Verbindung setzen.            <\/p>\n\n            <button type=\"button\" class=\"sff-modal__close\" data-sff-close>\n                Schlie\u00dfen            <\/button>\n        <\/div>\n    <\/div>\n        \n\t\t\t\t<\/div>\n\t\t\t\t<\/div>\n\t\t\t\t<\/div>\n\t\t\t\t\t<\/div>\n\t\t\t\t<\/div>\n\t\t\t\t\t<\/div>\n\t\t\t\t<\/div>\n\t\t\t\t<\/div>\n\t\t","protected":false},"excerpt":{"rendered":"<p>Santuario und exklusive Behandlung Spezielles Sanctuary-Paket und exklusive Behandlung Worin besteht diese Erfahrung? Zugang zu den Einrichtungen des Sanktuariums mit verschiedenen Bereichen: Sauna, Hamman, Hallenbad und eine K\u00f6rperbehandlung aus unserem Angebot von mehr als 60 Minuten (nicht im Preis enthalten). F\u00fcr Nicht-G\u00e4ste gibt es ein spezielles Paket mit Zugang zu den Santuario-Einrichtungen f\u00fcr 2 Stunden [&hellip;]<\/p>\n","protected":false},"author":1,"featured_media":0,"parent":42654,"menu_order":0,"comment_status":"closed","ping_status":"closed","template":"elementor_header_footer","meta":{"footnotes":""},"class_list":["post-30152","page","type-page","status-publish","hentry"],"acf":[],"_links":{"self":[{"href":"https:\/\/abadia-retuerta.com\/de\/wp-json\/wp\/v2\/pages\/30152","targetHints":{"allow":["GET"]}}],"collection":[{"href":"https:\/\/abadia-retuerta.com\/de\/wp-json\/wp\/v2\/pages"}],"about":[{"href":"https:\/\/abadia-retuerta.com\/de\/wp-json\/wp\/v2\/types\/page"}],"author":[{"embeddable":true,"href":"https:\/\/abadia-retuerta.com\/de\/wp-json\/wp\/v2\/users\/1"}],"replies":[{"embeddable":true,"href":"https:\/\/abadia-retuerta.com\/de\/wp-json\/wp\/v2\/comments?post=30152"}],"version-history":[{"count":10,"href":"https:\/\/abadia-retuerta.com\/de\/wp-json\/wp\/v2\/pages\/30152\/revisions"}],"predecessor-version":[{"id":45744,"href":"https:\/\/abadia-retuerta.com\/de\/wp-json\/wp\/v2\/pages\/30152\/revisions\/45744"}],"up":[{"embeddable":true,"href":"https:\/\/abadia-retuerta.com\/de\/wp-json\/wp\/v2\/pages\/42654"}],"wp:attachment":[{"href":"https:\/\/abadia-retuerta.com\/de\/wp-json\/wp\/v2\/media?parent=30152"}],"curies":[{"name":"wp","href":"https:\/\/api.w.org\/{rel}","templated":true}]}}