{"id":30066,"date":"2025-09-02T21:33:17","date_gmt":"2025-09-02T21:33:17","guid":{"rendered":"http:\/\/abadia-retuerta.com\/cookie-richtlinie\/"},"modified":"2025-12-22T09:50:46","modified_gmt":"2025-12-22T09:50:46","slug":"cookie-richtlinie","status":"publish","type":"page","link":"https:\/\/abadia-retuerta.com\/de\/cookie-richtlinie\/","title":{"rendered":"Cookie-Richtlinie"},"content":{"rendered":"\t\t<div data-elementor-type=\"wp-page\" data-elementor-id=\"30066\" class=\"elementor elementor-30066 elementor-23508\" data-elementor-post-type=\"page\">\n\t\t\t\t<div class=\"elementor-element elementor-element-754450a5 e-flex e-con-boxed e-con e-parent\" data-id=\"754450a5\" data-element_type=\"container\" data-e-type=\"container\">\n\t\t\t\t\t<div class=\"e-con-inner\">\n\t\t\t\t<div class=\"elementor-element elementor-element-5e7c8e39 elementor-widget elementor-widget-text-editor\" data-id=\"5e7c8e39\" data-element_type=\"widget\" data-e-type=\"widget\" data-widget_type=\"text-editor.default\">\n\t\t\t\t<div class=\"elementor-widget-container\">\n\t\t\t\t\t\t\t\t\t<h2>Cookie-Richtlinie<\/h2><p>Die Domain abadia-retuerta.com verwendet automatische Erfassungsverfahren (Cookies), um pers\u00f6nliche Informationen zu sammeln, wie z.B. die Art des Browsers oder des Betriebssystems, die verweisende Seite, den Pfad, die ISP-Domain (Internet Service Provider), usw., um die angebotenen Dienste zu verbessern. Cookies helfen uns dabei, diese Website auf Ihre pers\u00f6nlichen Bed\u00fcrfnisse zuzuschneiden.<\/p><p>Ein &#8222;Cookie&#8220; ist eine kleine Datei, die auf dem Computer des Benutzers gespeichert wird und es uns erm\u00f6glicht, den Benutzer zu erkennen. Die &#8222;Cookies&#8220; helfen uns, die Qualit\u00e4t unserer Website zu verbessern und erm\u00f6glichen es uns, das Surferlebnis eines jeden Nutzers auf unserer Website bis zu einem gewissen Grad zu personalisieren. Cookies sind derzeit f\u00fcr das Funktionieren des Internets unerl\u00e4sslich und bieten unz\u00e4hlige Vorteile bei der Bereitstellung interaktiver Dienste, die die Navigation und die Benutzerfreundlichkeit unserer Website erleichtern.<\/p><p>Bitte beachten Sie, dass Cookies Ihrem Computer keinen Schaden zuf\u00fcgen k\u00f6nnen und dass die Aktivierung von Cookies uns im Gegenzug hilft, Fehler zu erkennen und zu beheben und die Navigation auf unserer Website zu verbessern.<\/p><p><strong>Arten von Cookies:<\/strong><\/p><p>F\u00fcr weitere Informationen f\u00fcr den Benutzer \u00fcber die Art und Verwendung von Cookies, informieren wir Sie, dass:<\/p><ul><li>Was die &#8222;Lebensdauer&#8220; von Cookies betrifft (wie lange das Cookie auf unserem Computer aktiv bleibt), so wird die Ablaufzeit eines Cookies von der Website bestimmt, die es erzeugt. Einige Websites setzen Cookies mit einer kurzen Lebensdauer, um Ihre Privatsph\u00e4re zu sch\u00fctzen, w\u00e4hrend andere sich f\u00fcr langlebige Cookies entscheiden, um sich an Ihre Einstellungen zu erinnern oder Sie eingeloggt zu halten. Auf diese Weise k\u00f6nnen wir zwei Arten von Cookies definieren:<\/li><\/ul><ol><li><strong>Dauerhafte Cookies<\/strong> verbleiben auf Ihrem Computer, bis Sie sie manuell l\u00f6schen.<\/li><\/ol><ol start=\"2\"><li><strong>Sitzungscookies<\/strong> haben eine Lebensdauer von einem Tag, d.h. sie werden 24 Stunden nach ihrer Erstellung automatisch von Ihrem Computer gel\u00f6scht.<\/li><\/ol><p>\u00a0<\/p><ul><li>Was die<strong> Verwendung der einzelnen Cookies<\/strong> betrifft, so k\u00f6nnen wir unterscheiden zwischen:<\/li><\/ul><ol><li><strong>Streng notwendige Cookies:<\/strong> Diese Cookies sind f\u00fcr das Funktionieren der Website erforderlich und k\u00f6nnen auf unseren Systemen nicht deaktiviert werden. Sie werden in der Regel gesetzt, um auf Aktionen zu reagieren, die Sie durchf\u00fchren, um Dienstleistungen zu erhalten, wie z. B. die Anpassung Ihrer Datenschutzeinstellungen, die Anmeldung auf der Website oder das Ausf\u00fcllen von Formularen. Sie k\u00f6nnen Ihren Browser so einstellen, dass er das Vorhandensein dieser Cookies blockiert oder Sie darauf hinweist, aber dann werden einige Teile der Website nicht funktionieren. Diese Cookies speichern keine pers\u00f6nlich identifizierbaren Informationen.<\/li><li><strong>Performance-Cookies:<\/strong> Diese Cookies erm\u00f6glichen es uns, Besuche und Verkehrsquellen zu z\u00e4hlen, damit wir die Leistung unserer Website messen und verbessern k\u00f6nnen. Sie helfen uns zu wissen, welche Seiten am beliebtesten oder am wenigsten beliebt sind und wie viele Personen die Website besuchen. Alle Informationen, die diese Cookies sammeln, sind aggregiert und daher anonym. Wenn Sie diese Cookies nicht zulassen, wissen wir nicht, wann Sie unsere Website besucht haben und k\u00f6nnen daher nicht feststellen, wann Sie sie besucht haben.<\/li><li><strong>Funktionalit\u00e4ts-Cookies:<\/strong> Diese Cookies erm\u00f6glichen es der Website, verbesserte Funktionalit\u00e4t und Personalisierung zu bieten. Sie k\u00f6nnen von uns oder von Drittanbietern gesetzt werden, deren Dienste wir auf unseren Seiten eingebunden haben. Wenn Sie diese Cookies nicht zulassen, werden einige unserer Dienste nicht richtig funktionieren.<\/li><li><strong>Gezielte Cookies:<\/strong> Diese Cookies k\u00f6nnen auf der gesamten Website von unseren Werbepartnern platziert werden. Diese Unternehmen k\u00f6nnen sie verwenden, um ein Profil Ihrer Interessen zu erstellen und Ihnen relevante Werbung auf anderen Websites anzuzeigen. Sie speichern nicht direkt pers\u00f6nliche Informationen, sondern basieren auf der eindeutigen Identifizierung Ihres Browsers und Ihres Internetzugangsger\u00e4ts. Wenn Sie diese Cookies nicht zulassen, erhalten Sie weniger gezielte Werbung.<\/li><li><strong>Cookies f\u00fcr soziale Netzwerke<\/strong>: Diese Cookies werden von einer Reihe von sozialen Netzwerkdiensten gesetzt, die wir der Website hinzugef\u00fcgt haben, damit Sie unsere Inhalte mit Ihren Freunden und Netzwerken teilen k\u00f6nnen. Sie sind in der Lage, Ihren Browser auf anderen Websites zu verfolgen und ein Profil Ihrer Interessen zu erstellen. Dadurch k\u00f6nnen die Inhalte und Nachrichten, die Sie auf anderen von Ihnen besuchten Websites finden, ver\u00e4ndert werden. Wenn Sie diese Cookies nicht zulassen, k\u00f6nnen Sie diese Sharing-Tools nicht sehen oder nutzen.<\/li><\/ol><p>Innerhalb der Kategorie der unbedingt notwendigen Cookies k\u00f6nnen Sie auch Cookies mit den folgenden Zwecken finden:<\/p><ul><li>Lassen Sie nur die Kommunikation zwischen den Ger\u00e4ten des Benutzers und dem Netzwerk zu.<\/li><li>Streng genommen, um einen vom Nutzer ausdr\u00fccklich angeforderten Dienst bereitzustellen.<\/li><\/ul><p>In diesen beiden F\u00e4llen informieren wir Sie, dass die Information und Zustimmung des Nutzers f\u00fcr die Installation der genannten Cookies nicht erforderlich ist. Insbesondere hat die EU-Expertenarbeitsgruppe in Artikel 29 ihrer Stellungnahme 4\/20123 interpretiert, dass zu den ausgenommenen Cookies diejenigen geh\u00f6ren, deren Zweck:<\/p><ul><li>Cookies &#8222;Benutzereingabe<\/li><li>Cookies zur Authentifizierung oder Benutzeridentifizierung (nur Sitzung)<\/li><li>Benutzer-Sicherheits-Cookies<\/li><li>Sitzungscookies des Media Players<\/li><li>Sitzungscookies f\u00fcr den Lastausgleich<\/li><li>Cookies zur Anpassung der Benutzeroberfl\u00e4che<\/li><li>Plug-in-Cookies f\u00fcr das Teilen sozialer Inhalte<\/li><\/ul><p><strong>F\u00fcr alle anderen Cookies, die nicht unter die oben genannten F\u00e4lle fallen, ist die vorherige Information und Zustimmung des Benutzers erforderlich.<\/strong><\/p><ul><li><strong>Funktionale (analytische) Cookies:<\/strong> Dies sind Cookies, die es uns erm\u00f6glichen, die Nutzung der Website zu analysieren, so dass wir ihre Leistung messen und verbessern k\u00f6nnen.<\/li><li><strong>Werbe- und Drittanbieter-Cookies<\/strong>: Dies sind Cookies, die von sozialen Netzwerken oder von externen Inhaltsplugins wie Google Maps verwendet werden, sowie Cookies von Werbeunternehmen, um Werbung zu schalten, die Ihren Interessen entspricht.<\/li><\/ul><p>ABADIA RETUERTA, S.A. speichert alle durch Cookies gesammelten Informationen in einem nicht-personalisierten Format (IP-Adresse). Diese Art von Informationen, die durch Cookies erhalten werden, werden weder au\u00dferhalb von ABADIA RETUERTA, S.A. weitergegeben, noch werden sie f\u00fcr unaufgeforderte Mitteilungen verwendet.<\/p><p><strong>Angemessener Datenschutz - Cookie-Verwaltung:<\/strong><\/p><p>Wenn der Nutzer es w\u00fcnscht, kann die Registrierung von Cookies davon abh\u00e4ngig gemacht werden, dass sie bei der Installation oder Aktualisierung des verwendeten Browsers akzeptiert werden. Der Nutzer kann seine Zustimmung jederzeit \u00fcber die in jedem Browser verf\u00fcgbaren Konfigurationsoptionen f\u00fcr Inhalte und Datenschutz widerrufen. Wenn der Nutzer jedoch die Installation von Cookies in seinem Browser nicht zul\u00e4sst, kann es sein, dass er auf einige Bereiche unserer Website nicht zugreifen kann.<\/p><p>Weitere Informationen \u00fcber die angemessene Konfiguration von Cookies und die M\u00f6glichkeiten, sie zu aktivieren, einzuschr\u00e4nken und\/oder zu deaktivieren, finden Sie im Hilfebereich Ihres Browsers:<\/p><ul><li>Weitere Informationen dar\u00fcber, wie Sie die Verwendung von Cookies in <a href=\"https:\/\/support.google.com\/chrome\/answer\/95647?hl=es\" target=\"_blank\" rel=\"noopener\">Google Chrome<\/a> blockieren k\u00f6nnen<\/li><li>Weitere Informationen dar\u00fcber, wie Sie die Verwendung von Cookies in <a href=\"http:\/\/support.mozilla.org\/es\/kb\/habilitar-y-deshabilitar-cookies-que-los-sitios-we?esab=a&amp;s=cookies&amp;r=7&amp;as=s\" target=\"_blank\" rel=\"noopener\">Firefox<\/a> blockieren k\u00f6nnen<\/li><li>Weitere Informationen dar\u00fcber, wie Sie die Verwendung von Cookies im <a href=\"http:\/\/windows.microsoft.com\/es-es\/windows7\/how-to-manage-cookies-in-internet-explorer-9\" target=\"_blank\" rel=\"noopener\">Internet Explorer<\/a> blockieren k\u00f6nnen<\/li><li>Weitere Informationen dar\u00fcber, wie Sie die Verwendung von Cookies in <a href=\"http:\/\/support.apple.com\/kb\/HT1677?viewlocale=es_ES\" target=\"_blank\" rel=\"noopener\">Safari<\/a> blockieren k\u00f6nnen<\/li><li>Weitere Informationen dar\u00fcber, wie Sie die Verwendung von Cookies in <a href=\"http:\/\/docs.blackberry.com\/en\/smartphone_users\/deliverables\/32004\/Turn_off_cookies_in_the_browser_60_1072866_11.jsp\" target=\"_blank\" rel=\"noopener\">Blackberry<\/a> blockieren k\u00f6nnen<\/li><li>Weitere Informationen dar\u00fcber, wie Sie die Verwendung von Cookies auf <a href=\"http:\/\/www.windowsphone.com\/en-us\/how-to\/wp7\/web\/changing-privacy-and-other-browser-settings\" target=\"_blank\" rel=\"noopener\">WindowsPhone<\/a> blockieren k\u00f6nnen<\/li><\/ul><p>In vielen Browsern k\u00f6nnen Sie einen privaten Modus aktivieren, in dem Cookies nach Ihrem Besuch immer gel\u00f6scht werden. Je nach Browser kann dieser private Modus unterschiedliche Namen haben. Nachfolgend finden Sie eine Liste der g\u00e4ngigsten Browser und der verschiedenen Namen dieses &#8222;privaten Modus&#8220;:<\/p><ul><li>Internet Explorer 8 und h\u00f6her; InPrivate<\/li><li>Safari 2 und h\u00f6her; Privates Surfen<\/li><li>Opera 10.5 und h\u00f6her; Privates Surfen<\/li><li>FireFox 3.5 und h\u00f6her; Privates Surfen<\/li><li>Google Chrome 10 und h\u00f6her; Inkognito<\/li><\/ul><p><strong>Liste und Beschreibung der Cookies:<\/strong><\/p><p>Die folgenden Tabellen geben einen \u00dcberblick \u00fcber die oben beschriebenen und auf der Website von ABADIA RETUERTA, S.A. verwendeten Cookies:<\/p><table dir=\"ltr\" border=\"1\" cellspacing=\"0\" cellpadding=\"0\" data-sheets-root=\"1\" data-sheets-baot=\"1\"><colgroup> <col width=\"167\" \/> <col width=\"168\" \/> <col width=\"172\" \/> <col width=\"100\" \/><\/colgroup><tbody><tr><td>Herkunft<\/td><td>Gruppe<\/td><td>Name des Wirtes<\/td><td>Lebenserwartung<\/td><\/tr><tr><td>done_redirects147<\/td><td>Zielgerichtete Cookies<\/td><td><a class=\"in-cell-link\" href=\"http:\/\/onaudience.com\/\" target=\"_blank\" rel=\"noopener\">onaudience.de<\/a><\/td><td>Dauerhaft<\/td><\/tr><tr><td>funtionalit\u00e4t_test<\/td><td>Funktionale Cookies<\/td><td><a class=\"in-cell-link\" href=\"http:\/\/abadia-retuerta.com\/\" target=\"_blank\" rel=\"noopener\">abadia-retuerta.com<\/a><\/td><td>Sitzung<\/td><\/tr><tr><td>dpm<\/td><td>Zielgerichtete Cookies<\/td><td><a class=\"in-cell-link\" href=\"http:\/\/dpm.demdex.net\/\" target=\"_blank\" rel=\"noopener\">dpm.demdex.net<\/a><\/td><td>Dauerhaft<\/td><\/tr><tr><td>TESTCOOKIESENABLED<\/td><td>Zielgerichtete Cookies<\/td><td><a class=\"in-cell-link\" href=\"http:\/\/www.youtube.com\/\" target=\"_blank\" rel=\"noopener\">www.youtube.com<\/a><\/td><td>Dauerhaft<\/td><\/tr><tr><td>adfid<\/td><td>Unbekannt<\/td><td><a class=\"in-cell-link\" href=\"http:\/\/sojern.com\/\" target=\"_blank\" rel=\"noopener\">sojern.com<\/a><\/td><td>Dauerhaft<\/td><\/tr><tr><td>Auto<\/td><td>Unbekannt<\/td><td><a class=\"in-cell-link\" href=\"http:\/\/id5-sync.com\/\" target=\"_blank\" rel=\"noopener\">id5-sync.com<\/a><\/td><td>Dauerhaft<\/td><\/tr><tr><td>OptanonZustimmung<\/td><td>Streng Notwendige Cookies<\/td><td>.abadia-retuerta.com<\/td><td>Dauerhaft<\/td><\/tr><tr><td>YSC<\/td><td>Zielgerichtete Cookies<\/td><td><a class=\"in-cell-link\" href=\"http:\/\/youtube.com\/\" target=\"_blank\" rel=\"noopener\">youtube.com<\/a><\/td><td>Sitzung<\/td><\/tr><tr><td>uid-bp-617<\/td><td>Zielgerichtete Cookies<\/td><td><a class=\"in-cell-link\" href=\"http:\/\/ads.stickyadstv.com\/\" target=\"_blank\" rel=\"noopener\">ads.stickyadstv.com<\/a><\/td><td>Dauerhaft<\/td><\/tr><tr><td>gpp<\/td><td>Unbekannt<\/td><td><a class=\"in-cell-link\" href=\"http:\/\/id5-sync.com\/\" target=\"_blank\" rel=\"noopener\">id5-sync.com<\/a><\/td><td>Dauerhaft<\/td><\/tr><tr><td>test_cookie<\/td><td>Zielgerichtete Cookies<\/td><td><a class=\"in-cell-link\" href=\"http:\/\/doubleclick.net\/\" target=\"_blank\" rel=\"noopener\">doubleclick.net<\/a><\/td><td>Dauerhaft<\/td><\/tr><tr><td>rlas3<\/td><td>Zielgerichtete Cookies<\/td><td><a class=\"in-cell-link\" href=\"http:\/\/rlcdn.com\/\" target=\"_blank\" rel=\"noopener\">rlcdn.com<\/a><\/td><td>Dauerhaft<\/td><\/tr><tr><td>AFFICHE_W<\/td><td>Zielgerichtete Cookies<\/td><td><a class=\"in-cell-link\" href=\"http:\/\/weborama.fr\/\" target=\"_blank\" rel=\"noopener\">weborama.fr<\/a><\/td><td>Dauerhaft<\/td><\/tr><tr><td>_ga_xxxxxxxxxx<\/td><td>Unbekannt<\/td><td><a class=\"in-cell-link\" href=\"http:\/\/abadia-retuerta.com\/\" target=\"_blank\" rel=\"noopener\">abadia-retuerta.com<\/a><\/td><td>Persistent<\/td><\/tr><tr><td>gdpr<\/td><td>Unbekannt<\/td><td><a class=\"in-cell-link\" href=\"http:\/\/id5-sync.com\/\" target=\"_blank\" rel=\"noopener\">id5-sync.com<\/a><\/td><td>Dauerhaft<\/td><\/tr><tr><td>BESUCHER_INFO1_LIVE<\/td><td>Zielgerichtete Cookies<\/td><td><a class=\"in-cell-link\" href=\"http:\/\/youtube.com\/\" target=\"_blank\" rel=\"noopener\">youtube.com<\/a><\/td><td>Dauerhaft<\/td><\/tr><tr><td>OptanonAlertBoxClosed<\/td><td>Streng Notwendige Cookies<\/td><td>.abadia-retuerta.com<\/td><td>Dauerhaft<\/td><\/tr><tr><td>CMPS<\/td><td>Zielgerichtete Cookies<\/td><td><a class=\"in-cell-link\" href=\"http:\/\/casalemedia.com\/\" target=\"_blank\" rel=\"noopener\">casalemedia.com<\/a><\/td><td>Dauerhaft<\/td><\/tr><tr><td>arcki2_adform<\/td><td>Unbekannt<\/td><td><a class=\"in-cell-link\" href=\"http:\/\/audrte.com\/\" target=\"_blank\" rel=\"noopener\">audrte.com<\/a><\/td><td>Sitzung<\/td><\/tr><tr><td>&lt;&lt;leer&gt;&gt;<\/td><td>Zielgerichtete Cookies<\/td><td><a class=\"in-cell-link\" href=\"http:\/\/www.facebook.com\/\" target=\"_blank\" rel=\"noopener\">www.facebook.com<\/a><\/td><td>Sitzung<\/td><\/tr><\/tbody><\/table><p>Weitere Informationen \u00fcber Cookies und Ihre Rechte als Nutzer finden Sie im Leitfaden \u00fcber die Verwendung von Cookies, der von der spanischen Datenschutzbeh\u00f6rde erstellt wurde:<\/p><p><a href=\"https:\/\/www.agpd.es\/portalwebAGPD\/canaldocumentacion\/publicaciones\/common\/Guias\/Guia_Cookies.pdf\" target=\"_blank\" rel=\"noopener\">AGPD Leitfaden f\u00fcr Cookies<\/a><\/p>\t\t\t\t\t\t\t\t<\/div>\n\t\t\t\t<\/div>\n\t\t\t\t\t<\/div>\n\t\t\t\t<\/div>\n\t\t\t\t<\/div>\n\t\t","protected":false},"excerpt":{"rendered":"<p>Cookie-Richtlinie Die Domain abadia-retuerta.com verwendet automatische Erfassungsverfahren (Cookies), um pers\u00f6nliche Informationen zu sammeln, wie z.B. die Art des Browsers oder des Betriebssystems, die verweisende Seite, den Pfad, die ISP-Domain (Internet Service Provider), usw., um die angebotenen Dienste zu verbessern. Cookies helfen uns dabei, diese Website auf Ihre pers\u00f6nlichen Bed\u00fcrfnisse zuzuschneiden. Ein &#8222;Cookie&#8220; ist eine kleine [&hellip;]<\/p>\n","protected":false},"author":1,"featured_media":0,"parent":0,"menu_order":0,"comment_status":"closed","ping_status":"closed","template":"elementor_header_footer","meta":{"footnotes":""},"class_list":["post-30066","page","type-page","status-publish","hentry"],"acf":[],"_links":{"self":[{"href":"https:\/\/abadia-retuerta.com\/de\/wp-json\/wp\/v2\/pages\/30066","targetHints":{"allow":["GET"]}}],"collection":[{"href":"https:\/\/abadia-retuerta.com\/de\/wp-json\/wp\/v2\/pages"}],"about":[{"href":"https:\/\/abadia-retuerta.com\/de\/wp-json\/wp\/v2\/types\/page"}],"author":[{"embeddable":true,"href":"https:\/\/abadia-retuerta.com\/de\/wp-json\/wp\/v2\/users\/1"}],"replies":[{"embeddable":true,"href":"https:\/\/abadia-retuerta.com\/de\/wp-json\/wp\/v2\/comments?post=30066"}],"version-history":[{"count":4,"href":"https:\/\/abadia-retuerta.com\/de\/wp-json\/wp\/v2\/pages\/30066\/revisions"}],"predecessor-version":[{"id":34970,"href":"https:\/\/abadia-retuerta.com\/de\/wp-json\/wp\/v2\/pages\/30066\/revisions\/34970"}],"wp:attachment":[{"href":"https:\/\/abadia-retuerta.com\/de\/wp-json\/wp\/v2\/media?parent=30066"}],"curies":[{"name":"wp","href":"https:\/\/api.w.org\/{rel}","templated":true}]}}