{"id":29818,"date":"2025-06-10T08:48:11","date_gmt":"2025-06-10T08:48:11","guid":{"rendered":"http:\/\/abadia-retuerta.com\/2-keller\/winzer-kollektion\/"},"modified":"2026-04-22T09:24:29","modified_gmt":"2026-04-22T09:24:29","slug":"winzer-kollektion","status":"publish","type":"page","link":"https:\/\/abadia-retuerta.com\/de\/keller\/winzer-kollektion\/","title":{"rendered":"Winzer-Kollektion"},"content":{"rendered":"\t\t<div data-elementor-type=\"wp-page\" data-elementor-id=\"29818\" class=\"elementor elementor-29818 elementor-511\" data-elementor-post-type=\"page\">\n\t\t\t\t<div class=\"elementor-element elementor-element-b9fbf6e e-con-full e-flex e-con e-parent\" data-id=\"b9fbf6e\" data-element_type=\"container\" data-e-type=\"container\" data-settings=\"{&quot;background_background&quot;:&quot;classic&quot;,&quot;motion_fx_motion_fx_scrolling&quot;:&quot;yes&quot;,&quot;motion_fx_devices&quot;:[&quot;desktop&quot;,&quot;tablet&quot;,&quot;mobile&quot;]}\">\n\t\t<div class=\"elementor-element elementor-element-a846c54 e-con-full e-flex e-con e-child\" data-id=\"a846c54\" data-element_type=\"container\" data-e-type=\"container\">\n\t\t\t\t<div class=\"elementor-element elementor-element-75373ac elementor-widget elementor-widget-heading\" data-id=\"75373ac\" data-element_type=\"widget\" data-e-type=\"widget\" data-widget_type=\"heading.default\">\n\t\t\t\t<div class=\"elementor-widget-container\">\n\t\t\t\t\t<h1 class=\"elementor-heading-title elementor-size-default\">Winzer-Kollektion<\/h1>\t\t\t\t<\/div>\n\t\t\t\t<\/div>\n\t\t\t\t<div class=\"elementor-element elementor-element-bcfd3f6 elementor-widget elementor-widget-heading\" data-id=\"bcfd3f6\" data-element_type=\"widget\" data-e-type=\"widget\" data-widget_type=\"heading.default\">\n\t\t\t\t<div class=\"elementor-widget-container\">\n\t\t\t\t\t<h2 class=\"elementor-heading-title elementor-size-default\">Exklusive Weine in limitierter Auflage<\/h2>\t\t\t\t<\/div>\n\t\t\t\t<\/div>\n\t\t\t\t<\/div>\n\t\t\t\t<\/div>\n\t\t<div class=\"elementor-element elementor-element-7c6c8d1 e-flex e-con-boxed e-con e-parent\" data-id=\"7c6c8d1\" data-element_type=\"container\" data-e-type=\"container\" data-settings=\"{&quot;background_background&quot;:&quot;classic&quot;}\">\n\t\t\t\t\t<div class=\"e-con-inner\">\n\t\t<div class=\"elementor-element elementor-element-c0b3187 e-flex e-con-boxed e-con e-child\" data-id=\"c0b3187\" data-element_type=\"container\" data-e-type=\"container\">\n\t\t\t\t\t<div class=\"e-con-inner\">\n\t\t<div class=\"elementor-element elementor-element-1c75374 e-grid e-con-boxed e-con e-child\" data-id=\"1c75374\" data-element_type=\"container\" data-e-type=\"container\">\n\t\t\t\t\t<div class=\"e-con-inner\">\n\t\t<div class=\"elementor-element elementor-element-082ee9a e-con-full e-flex e-con e-child\" data-id=\"082ee9a\" data-element_type=\"container\" data-e-type=\"container\">\n\t\t\t\t<div class=\"elementor-element elementor-element-45f62ca elementor-widget elementor-widget-text-editor\" data-id=\"45f62ca\" data-element_type=\"widget\" data-e-type=\"widget\" data-widget_type=\"text-editor.default\">\n\t\t\t\t<div class=\"elementor-widget-container\">\n\t\t\t\t\t\t\t\t\t<p>Signaturweine in limitierter Auflage<\/p>\t\t\t\t\t\t\t\t<\/div>\n\t\t\t\t<\/div>\n\t\t\t\t<div class=\"elementor-element elementor-element-c36acb1 elementor-widget-tablet__width-initial elementor-widget elementor-widget-heading\" data-id=\"c36acb1\" data-element_type=\"widget\" data-e-type=\"widget\" data-widget_type=\"heading.default\">\n\t\t\t\t<div class=\"elementor-widget-container\">\n\t\t\t\t\t<h2 class=\"elementor-heading-title elementor-size-default\">Exklusive Weine f\u00fcr den anspruchsvollen Gaumen<\/h2>\t\t\t\t<\/div>\n\t\t\t\t<\/div>\n\t\t\t\t<\/div>\n\t\t<div class=\"elementor-element elementor-element-06911d0 e-con-full e-flex e-con e-child\" data-id=\"06911d0\" data-element_type=\"container\" data-e-type=\"container\">\n\t\t\t\t<div class=\"elementor-element elementor-element-d07f7e2 elementor-widget elementor-widget-text-editor\" data-id=\"d07f7e2\" data-element_type=\"widget\" data-e-type=\"widget\" data-widget_type=\"text-editor.default\">\n\t\t\t\t<div class=\"elementor-widget-container\">\n\t\t\t\t\t\t\t\t\t<p>Die Winemakers&#8216; Collection ist das Ergebnis des Interesses von \u00c1ngel Anocibar und seinem Team, zu experimentieren, die M\u00f6glichkeiten des Weinguts eingehend kennenzulernen und die Zukunft der Weine von Abad\u00eda Retuerta nicht zu gef\u00e4hrden. Diese einzigartigen Weine mit einer sehr begrenzten Produktion, zwischen 300 und 500 Einheiten, sind also allesamt<\/p>\t\t\t\t\t\t\t\t<\/div>\n\t\t\t\t<\/div>\n\t\t\t\t<\/div>\n\t\t<div class=\"elementor-element elementor-element-8429cea e-con-full e-flex e-con e-child\" data-id=\"8429cea\" data-element_type=\"container\" data-e-type=\"container\">\n\t\t\t\t<div class=\"elementor-element elementor-element-678cce6 elementor-widget elementor-widget-text-editor\" data-id=\"678cce6\" data-element_type=\"widget\" data-e-type=\"widget\" data-widget_type=\"text-editor.default\">\n\t\t\t\t<div class=\"elementor-widget-container\">\n\t\t\t\t\t\t\t\t\t<p>nummeriert sind, sind das Ergebnis dreier experimenteller Linien: die Anpassung verschiedener Rebsorten an das Terroir, Weine aus Weinbergen mit unterschiedlichen B\u00f6den und neue, modernere, f\u00fcr die Region ungew\u00f6hnliche Weinbereitungsstile.<\/p>\t\t\t\t\t\t\t\t<\/div>\n\t\t\t\t<\/div>\n\t\t\t\t<\/div>\n\t\t\t\t\t<\/div>\n\t\t\t\t<\/div>\n\t\t\t\t\t<\/div>\n\t\t\t\t<\/div>\n\t\t\t\t\t<\/div>\n\t\t\t\t<\/div>\n\t\t<div class=\"elementor-element elementor-element-a40e504 elementor-hidden-desktop elementor-hidden-tablet elementor-hidden-mobile e-flex e-con-boxed e-con e-parent\" data-id=\"a40e504\" data-element_type=\"container\" data-e-type=\"container\">\n\t\t\t\t\t<div class=\"e-con-inner\">\n\t\t<div class=\"elementor-element elementor-element-03740fa e-con-full e-flex e-con e-child\" data-id=\"03740fa\" data-element_type=\"container\" data-e-type=\"container\">\n\t\t\t\t<div class=\"elementor-element elementor-element-a84d5ed elementor-widget-tablet__width-initial elementor-widget elementor-widget-heading\" data-id=\"a84d5ed\" data-element_type=\"widget\" data-e-type=\"widget\" data-widget_type=\"heading.default\">\n\t\t\t\t<div class=\"elementor-widget-container\">\n\t\t\t\t\t<h2 class=\"elementor-heading-title elementor-size-default\">Clima  <br>\nGarnacha  <br>\nBlanca  <br>\nRoya  <br>\n2023 <\/h2>\t\t\t\t<\/div>\n\t\t\t\t<\/div>\n\t\t\t\t<div class=\"elementor-element elementor-element-46716e2 elementor-widget elementor-widget-text-editor\" data-id=\"46716e2\" data-element_type=\"widget\" data-e-type=\"widget\" data-widget_type=\"text-editor.default\">\n\t\t\t\t<div class=\"elementor-widget-container\">\n\t\t\t\t\t\t\t\t\t<p><strong>40,00\u20ac<\/strong><\/p>\t\t\t\t\t\t\t\t<\/div>\n\t\t\t\t<\/div>\n\t\t\t\t<div class=\"elementor-element elementor-element-10be122 elementor-widget elementor-widget-text-editor\" data-id=\"10be122\" data-element_type=\"widget\" data-e-type=\"widget\" data-widget_type=\"text-editor.default\">\n\t\t\t\t<div class=\"elementor-widget-container\">\n\t\t\t\t\t\t\t\t\t<p>Clima Garnacha Blanca Roya 2023 0,75L WMC<\/p>\t\t\t\t\t\t\t\t<\/div>\n\t\t\t\t<\/div>\n\t\t<div class=\"elementor-element elementor-element-735f7fa e-con-full e-flex e-con e-child\" data-id=\"735f7fa\" data-element_type=\"container\" data-e-type=\"container\">\n\t\t<div class=\"elementor-element elementor-element-7cefa8b e-con-full e-flex e-con e-child\" data-id=\"7cefa8b\" data-element_type=\"container\" data-e-type=\"container\">\n\t\t\t\t<div class=\"elementor-element elementor-element-2883287 elementor-align-justify elementor-widget elementor-widget-button\" data-id=\"2883287\" data-element_type=\"widget\" data-e-type=\"widget\" data-widget_type=\"button.default\">\n\t\t\t\t<div class=\"elementor-widget-container\">\n\t\t\t\t\t\t\t\t\t<div class=\"elementor-button-wrapper\">\n\t\t\t\t\t<a class=\"elementor-button elementor-button-link elementor-size-sm\" href=\"https:\/\/abadia-retuerta.com\/de\/?post_type=product&#038;p=30462\">\n\t\t\t\t\t\t<span class=\"elementor-button-content-wrapper\">\n\t\t\t\t\t\t\t\t\t<span class=\"elementor-button-text\">Siehe Wein<\/span>\n\t\t\t\t\t<\/span>\n\t\t\t\t\t<\/a>\n\t\t\t\t<\/div>\n\t\t\t\t\t\t\t\t<\/div>\n\t\t\t\t<\/div>\n\t\t\t\t<\/div>\n\t\t<div class=\"elementor-element elementor-element-3d0cebd e-con-full e-flex e-con e-child\" data-id=\"3d0cebd\" data-element_type=\"container\" data-e-type=\"container\">\n\t\t\t\t<\/div>\n\t\t\t\t<\/div>\n\t\t\t\t<\/div>\n\t\t<div class=\"elementor-element elementor-element-e5c5a70 e-con-full e-flex e-con e-child\" data-id=\"e5c5a70\" data-element_type=\"container\" data-e-type=\"container\">\n\t\t\t\t<div class=\"elementor-element elementor-element-1b514aa elementor-widget elementor-widget-image\" data-id=\"1b514aa\" data-element_type=\"widget\" data-e-type=\"widget\" data-widget_type=\"image.default\">\n\t\t\t\t<div class=\"elementor-widget-container\">\n\t\t\t\t\t\t\t\t\t\t\t\t\t\t\t<img fetchpriority=\"high\" decoding=\"async\" width=\"800\" height=\"714\" src=\"https:\/\/abadia-retuerta.com\/wp-content\/uploads\/2025\/10\/planilla-vino-imagen-destacada-individual-RY-23-WMC-e1762333124558.png\" class=\"attachment-large size-large wp-image-29820\" alt=\"Vino Clima Garnacha cosecha 2023 Abad\u00eda Retuerta\" srcset=\"https:\/\/abadia-retuerta.com\/wp-content\/uploads\/2025\/10\/planilla-vino-imagen-destacada-individual-RY-23-WMC-e1762333124558.png 840w, https:\/\/abadia-retuerta.com\/wp-content\/uploads\/2025\/10\/planilla-vino-imagen-destacada-individual-RY-23-WMC-e1762333124558-300x268.png 300w, https:\/\/abadia-retuerta.com\/wp-content\/uploads\/2025\/10\/planilla-vino-imagen-destacada-individual-RY-23-WMC-e1762333124558-768x686.png 768w, https:\/\/abadia-retuerta.com\/wp-content\/uploads\/2025\/10\/planilla-vino-imagen-destacada-individual-RY-23-WMC-e1762333124558-600x536.png 600w\" sizes=\"(max-width: 800px) 100vw, 800px\" title=\"\">\t\t\t\t\t\t\t\t\t\t\t\t\t\t\t<\/div>\n\t\t\t\t<\/div>\n\t\t\t\t<\/div>\n\t\t\t\t\t<\/div>\n\t\t\t\t<\/div>\n\t\t<div class=\"elementor-element elementor-element-23ac8a2 e-flex e-con-boxed e-con e-parent\" data-id=\"23ac8a2\" data-element_type=\"container\" data-e-type=\"container\">\n\t\t\t\t\t<div class=\"e-con-inner\">\n\t\t\t\t\t<\/div>\n\t\t\t\t<\/div>\n\t\t<div class=\"elementor-element elementor-element-b634b56 e-flex e-con-boxed e-con e-parent\" data-id=\"b634b56\" data-element_type=\"container\" data-e-type=\"container\" data-settings=\"{&quot;background_background&quot;:&quot;classic&quot;}\">\n\t\t\t\t\t<div class=\"e-con-inner\">\n\t\t<div class=\"elementor-element elementor-element-2e21391 e-flex e-con-boxed e-con e-child\" data-id=\"2e21391\" data-element_type=\"container\" data-e-type=\"container\">\n\t\t\t\t\t<div class=\"e-con-inner\">\n\t\t<div class=\"elementor-element elementor-element-0de10b6 e-flex e-con-boxed e-con e-child\" data-id=\"0de10b6\" data-element_type=\"container\" data-e-type=\"container\">\n\t\t\t\t\t<div class=\"e-con-inner\">\n\t\t\t\t<div class=\"elementor-element elementor-element-5a77933 elementor-widget elementor-widget-heading\" data-id=\"5a77933\" data-element_type=\"widget\" data-e-type=\"widget\" data-widget_type=\"heading.default\">\n\t\t\t\t<div class=\"elementor-widget-container\">\n\t\t\t\t\t<h2 class=\"elementor-heading-title elementor-size-default\">Weine, die unsere Identit\u00e4t widerspiegeln<\/h2>\t\t\t\t<\/div>\n\t\t\t\t<\/div>\n\t\t\t\t\t<\/div>\n\t\t\t\t<\/div>\n\t\t<div class=\"elementor-element elementor-element-7062a63 e-con-full e-flex e-con e-child\" data-id=\"7062a63\" data-element_type=\"container\" data-e-type=\"container\">\n\t\t\t\t<div class=\"elementor-element elementor-element-88264ed elementor-pagination-type-bullets elementor-pagination-position-outside elementor-widget elementor-widget-n-carousel\" data-id=\"88264ed\" data-element_type=\"widget\" data-e-type=\"widget\" data-settings=\"{&quot;carousel_items&quot;:[{&quot;slide_title&quot;:&quot;Diapositiva n\\u00ba 1&quot;,&quot;_id&quot;:&quot;873ea1b&quot;},{&quot;slide_title&quot;:&quot;Diapositiva n\\u00ba 2&quot;,&quot;_id&quot;:&quot;f9ff54d&quot;},{&quot;slide_title&quot;:&quot;Diapositiva n\\u00ba 3&quot;,&quot;_id&quot;:&quot;9e764d2&quot;}],&quot;slides_to_show&quot;:&quot;3&quot;,&quot;slides_to_show_tablet&quot;:&quot;2&quot;,&quot;slides_to_show_mobile&quot;:&quot;1&quot;,&quot;speed&quot;:500,&quot;pagination&quot;:&quot;bullets&quot;,&quot;image_spacing_custom&quot;:{&quot;unit&quot;:&quot;px&quot;,&quot;size&quot;:10,&quot;sizes&quot;:[]},&quot;image_spacing_custom_tablet&quot;:{&quot;unit&quot;:&quot;px&quot;,&quot;size&quot;:&quot;&quot;,&quot;sizes&quot;:[]},&quot;image_spacing_custom_mobile&quot;:{&quot;unit&quot;:&quot;px&quot;,&quot;size&quot;:&quot;&quot;,&quot;sizes&quot;:[]}}\" data-widget_type=\"nested-carousel.default\">\n\t\t\t\t<div class=\"elementor-widget-container\">\n\t\t\t\t\t\t\t<div class=\"e-n-carousel swiper\" role=\"region\" aria-roledescription=\"carousel\" aria-label=\"Carrusel\" dir=\"ltr\">\n\t\t\t<div class=\"swiper-wrapper\" aria-live=\"polite\">\n\t\t\t\t\t\t\t\t\t\t<div class=\"swiper-slide\" data-slide=\"1\" role=\"group\" aria-roledescription=\"slide\" aria-label=\"1 von 3\">\n\t\t\t\t\t\t\t<div class=\"elementor-element elementor-element-915ae4e e-flex e-con-boxed e-con e-child\" data-id=\"915ae4e\" data-element_type=\"container\" data-e-type=\"container\">\n\t\t\t\t\t<div class=\"e-con-inner\">\n\t\t<div class=\"elementor-element elementor-element-1664542 e-con-full e-flex e-con e-child\" data-id=\"1664542\" data-element_type=\"container\" data-e-type=\"container\">\n\t\t<div class=\"elementor-element elementor-element-91f1921 e-con-full e-flex e-con e-child\" data-id=\"91f1921\" data-element_type=\"container\" data-e-type=\"container\">\n\t\t\t\t<div class=\"elementor-element elementor-element-e8c042a elementor-widget elementor-widget-image\" data-id=\"e8c042a\" data-element_type=\"widget\" data-e-type=\"widget\" data-widget_type=\"image.default\">\n\t\t\t\t<div class=\"elementor-widget-container\">\n\t\t\t\t\t\t\t\t\t\t\t\t\t\t\t\t<a href=\"https:\/\/abadia-retuerta.com\/bodega\/anadas-historicas\/\">\n\t\t\t\t\t\t\t<img decoding=\"async\" width=\"800\" height=\"800\" src=\"https:\/\/abadia-retuerta.com\/wp-content\/uploads\/2025\/09\/Rectangle-20-1.png\" class=\"attachment-large size-large wp-image-28339\" alt=\"\" srcset=\"https:\/\/abadia-retuerta.com\/wp-content\/uploads\/2025\/09\/Rectangle-20-1.png 1024w, https:\/\/abadia-retuerta.com\/wp-content\/uploads\/2025\/09\/Rectangle-20-1-300x300.png 300w, https:\/\/abadia-retuerta.com\/wp-content\/uploads\/2025\/09\/Rectangle-20-1-150x150.png 150w, https:\/\/abadia-retuerta.com\/wp-content\/uploads\/2025\/09\/Rectangle-20-1-768x768.png 768w, https:\/\/abadia-retuerta.com\/wp-content\/uploads\/2025\/09\/Rectangle-20-1-600x600.png 600w, https:\/\/abadia-retuerta.com\/wp-content\/uploads\/2025\/09\/Rectangle-20-1-100x100.png 100w\" sizes=\"(max-width: 800px) 100vw, 800px\" title=\"\">\t\t\t\t\t\t\t\t<\/a>\n\t\t\t\t\t\t\t\t\t\t\t\t\t\t\t<\/div>\n\t\t\t\t<\/div>\n\t\t\t\t<\/div>\n\t\t\t\t<div class=\"elementor-element elementor-element-3598aba elementor-widget elementor-widget-heading\" data-id=\"3598aba\" data-element_type=\"widget\" data-e-type=\"widget\" data-widget_type=\"heading.default\">\n\t\t\t\t<div class=\"elementor-widget-container\">\n\t\t\t\t\t<h3 class=\"elementor-heading-title elementor-size-default\"><a href=\"https:\/\/abadia-retuerta.com\/bodega\/anadas-historicas\/\">Historische Jahrg\u00e4nge: Pr\u00e4zision, Eleganz und Frische<\/a><\/h3>\t\t\t\t<\/div>\n\t\t\t\t<\/div>\n\t\t\t\t<\/div>\n\t\t\t\t\t<\/div>\n\t\t\t\t<\/div>\n\t\t\t\t\t\t\t\t<\/div>\n\t\t\t\t\t\t\t\t\t\t\t<div class=\"swiper-slide\" data-slide=\"2\" role=\"group\" aria-roledescription=\"slide\" aria-label=\"2 von 3\">\n\t\t\t\t\t\t\t<div class=\"elementor-element elementor-element-e070970 e-flex e-con-boxed e-con e-child\" data-id=\"e070970\" data-element_type=\"container\" data-e-type=\"container\">\n\t\t\t\t\t<div class=\"e-con-inner\">\n\t\t<div class=\"elementor-element elementor-element-1bc6fa9 e-con-full e-flex e-con e-child\" data-id=\"1bc6fa9\" data-element_type=\"container\" data-e-type=\"container\">\n\t\t<div class=\"elementor-element elementor-element-38ac632 e-con-full e-flex e-con e-child\" data-id=\"38ac632\" data-element_type=\"container\" data-e-type=\"container\">\n\t\t\t\t<div class=\"elementor-element elementor-element-f02e3a9 elementor-widget elementor-widget-image\" data-id=\"f02e3a9\" data-element_type=\"widget\" data-e-type=\"widget\" data-widget_type=\"image.default\">\n\t\t\t\t<div class=\"elementor-widget-container\">\n\t\t\t\t\t\t\t\t\t\t\t\t\t\t\t\t<a href=\"https:\/\/abadia-retuerta.com\/bodega\/nuestros-vinos\/\">\n\t\t\t\t\t\t\t<img decoding=\"async\" width=\"800\" height=\"800\" src=\"https:\/\/abadia-retuerta.com\/wp-content\/uploads\/2025\/09\/Rectangle-20-1.png\" class=\"attachment-large size-large wp-image-28339\" alt=\"\" srcset=\"https:\/\/abadia-retuerta.com\/wp-content\/uploads\/2025\/09\/Rectangle-20-1.png 1024w, https:\/\/abadia-retuerta.com\/wp-content\/uploads\/2025\/09\/Rectangle-20-1-300x300.png 300w, https:\/\/abadia-retuerta.com\/wp-content\/uploads\/2025\/09\/Rectangle-20-1-150x150.png 150w, https:\/\/abadia-retuerta.com\/wp-content\/uploads\/2025\/09\/Rectangle-20-1-768x768.png 768w, https:\/\/abadia-retuerta.com\/wp-content\/uploads\/2025\/09\/Rectangle-20-1-600x600.png 600w, https:\/\/abadia-retuerta.com\/wp-content\/uploads\/2025\/09\/Rectangle-20-1-100x100.png 100w\" sizes=\"(max-width: 800px) 100vw, 800px\" title=\"\">\t\t\t\t\t\t\t\t<\/a>\n\t\t\t\t\t\t\t\t\t\t\t\t\t\t\t<\/div>\n\t\t\t\t<\/div>\n\t\t\t\t<\/div>\n\t\t\t\t<div class=\"elementor-element elementor-element-dd3b99b elementor-widget elementor-widget-heading\" data-id=\"dd3b99b\" data-element_type=\"widget\" data-e-type=\"widget\" data-widget_type=\"heading.default\">\n\t\t\t\t<div class=\"elementor-widget-container\">\n\t\t\t\t\t<h3 class=\"elementor-heading-title elementor-size-default\"><a href=\"https:\/\/abadia-retuerta.com\/bodega\/nuestros-vinos\/\">Entdecken Sie unsere Weine: Eleganz und Frische<\/a><\/h3>\t\t\t\t<\/div>\n\t\t\t\t<\/div>\n\t\t\t\t<\/div>\n\t\t\t\t\t<\/div>\n\t\t\t\t<\/div>\n\t\t\t\t\t\t\t\t<\/div>\n\t\t\t\t\t\t\t\t\t\t\t<div class=\"swiper-slide\" data-slide=\"3\" role=\"group\" aria-roledescription=\"slide\" aria-label=\"3 von 3\">\n\t\t\t\t\t\t\t<div class=\"elementor-element elementor-element-fd79c26 e-flex e-con-boxed e-con e-child\" data-id=\"fd79c26\" data-element_type=\"container\" data-e-type=\"container\">\n\t\t\t\t\t<div class=\"e-con-inner\">\n\t\t<div class=\"elementor-element elementor-element-0e5fce2 e-con-full e-flex e-con e-child\" data-id=\"0e5fce2\" data-element_type=\"container\" data-e-type=\"container\">\n\t\t<div class=\"elementor-element elementor-element-aaca834 e-con-full e-flex e-con e-child\" data-id=\"aaca834\" data-element_type=\"container\" data-e-type=\"container\">\n\t\t\t\t<div class=\"elementor-element elementor-element-1d93490 elementor-widget elementor-widget-image\" data-id=\"1d93490\" data-element_type=\"widget\" data-e-type=\"widget\" data-widget_type=\"image.default\">\n\t\t\t\t<div class=\"elementor-widget-container\">\n\t\t\t\t\t\t\t\t\t\t\t\t\t\t\t\t<a href=\"https:\/\/abadia-retuerta.com\/bodega\/nuestros-estuches\/\">\n\t\t\t\t\t\t\t<img decoding=\"async\" width=\"800\" height=\"800\" src=\"https:\/\/abadia-retuerta.com\/wp-content\/uploads\/2025\/09\/Rectangle-20-1.png\" class=\"attachment-large size-large wp-image-28339\" alt=\"\" srcset=\"https:\/\/abadia-retuerta.com\/wp-content\/uploads\/2025\/09\/Rectangle-20-1.png 1024w, https:\/\/abadia-retuerta.com\/wp-content\/uploads\/2025\/09\/Rectangle-20-1-300x300.png 300w, https:\/\/abadia-retuerta.com\/wp-content\/uploads\/2025\/09\/Rectangle-20-1-150x150.png 150w, https:\/\/abadia-retuerta.com\/wp-content\/uploads\/2025\/09\/Rectangle-20-1-768x768.png 768w, https:\/\/abadia-retuerta.com\/wp-content\/uploads\/2025\/09\/Rectangle-20-1-600x600.png 600w, https:\/\/abadia-retuerta.com\/wp-content\/uploads\/2025\/09\/Rectangle-20-1-100x100.png 100w\" sizes=\"(max-width: 800px) 100vw, 800px\" title=\"\">\t\t\t\t\t\t\t\t<\/a>\n\t\t\t\t\t\t\t\t\t\t\t\t\t\t\t<\/div>\n\t\t\t\t<\/div>\n\t\t\t\t<\/div>\n\t\t\t\t<div class=\"elementor-element elementor-element-a6eac59 elementor-widget elementor-widget-heading\" data-id=\"a6eac59\" data-element_type=\"widget\" data-e-type=\"widget\" data-widget_type=\"heading.default\">\n\t\t\t\t<div class=\"elementor-widget-container\">\n\t\t\t\t\t<h3 class=\"elementor-heading-title elementor-size-default\"><a href=\"https:\/\/abadia-retuerta.com\/bodega\/nuestros-estuches\/\">Entdecken Sie unsere Geschenksets: limitierte Auflagen und individuell gestaltbare Optionen<\/a><\/h3>\t\t\t\t<\/div>\n\t\t\t\t<\/div>\n\t\t\t\t<\/div>\n\t\t\t\t\t<\/div>\n\t\t\t\t<\/div>\n\t\t\t\t\t\t\t\t<\/div>\n\t\t\t\t\t\t\t\t<\/div>\n\t\t<\/div>\n\t\t\t\t\t<div class=\"swiper-pagination\"><\/div>\n\t\t\t\t\t\t<\/div>\n\t\t\t\t<\/div>\n\t\t\t\t<\/div>\n\t\t\t\t\t<\/div>\n\t\t\t\t<\/div>\n\t\t\t\t\t<\/div>\n\t\t\t\t<\/div>\n\t\t\t\t<\/div>\n\t\t","protected":false},"excerpt":{"rendered":"<p>Winzer-Kollektion Exklusive Weine in limitierter Auflage Signaturweine in limitierter Auflage Exklusive Weine f\u00fcr den anspruchsvollen Gaumen Die Winemakers&#8216; Collection ist das Ergebnis des Interesses von \u00c1ngel Anocibar und seinem Team, zu experimentieren, die M\u00f6glichkeiten des Weinguts eingehend kennenzulernen und die Zukunft der Weine von Abad\u00eda Retuerta nicht zu gef\u00e4hrden. Diese einzigartigen Weine mit einer sehr [&hellip;]<\/p>\n","protected":false},"author":1,"featured_media":0,"parent":28470,"menu_order":0,"comment_status":"closed","ping_status":"closed","template":"","meta":{"footnotes":""},"class_list":["post-29818","page","type-page","status-publish","hentry"],"acf":[],"_links":{"self":[{"href":"https:\/\/abadia-retuerta.com\/de\/wp-json\/wp\/v2\/pages\/29818","targetHints":{"allow":["GET"]}}],"collection":[{"href":"https:\/\/abadia-retuerta.com\/de\/wp-json\/wp\/v2\/pages"}],"about":[{"href":"https:\/\/abadia-retuerta.com\/de\/wp-json\/wp\/v2\/types\/page"}],"author":[{"embeddable":true,"href":"https:\/\/abadia-retuerta.com\/de\/wp-json\/wp\/v2\/users\/1"}],"replies":[{"embeddable":true,"href":"https:\/\/abadia-retuerta.com\/de\/wp-json\/wp\/v2\/comments?post=29818"}],"version-history":[{"count":10,"href":"https:\/\/abadia-retuerta.com\/de\/wp-json\/wp\/v2\/pages\/29818\/revisions"}],"predecessor-version":[{"id":46194,"href":"https:\/\/abadia-retuerta.com\/de\/wp-json\/wp\/v2\/pages\/29818\/revisions\/46194"}],"up":[{"embeddable":true,"href":"https:\/\/abadia-retuerta.com\/de\/wp-json\/wp\/v2\/pages\/28470"}],"wp:attachment":[{"href":"https:\/\/abadia-retuerta.com\/de\/wp-json\/wp\/v2\/media?parent=29818"}],"curies":[{"name":"wp","href":"https:\/\/api.w.org\/{rel}","templated":true}]}}