{"id":29742,"date":"2025-06-04T07:45:45","date_gmt":"2025-06-04T07:45:45","guid":{"rendered":"http:\/\/abadia-retuerta.com\/1-hotel\/abendeinladung\/"},"modified":"2026-01-08T10:03:30","modified_gmt":"2026-01-08T10:03:30","slug":"abendeinladung","status":"publish","type":"page","link":"https:\/\/abadia-retuerta.com\/de\/hotel\/abendeinladung\/","title":{"rendered":"Abendeinladung"},"content":{"rendered":"\t\t<div data-elementor-type=\"wp-page\" data-elementor-id=\"29742\" class=\"elementor elementor-29742 elementor-348\" data-elementor-post-type=\"page\">\n\t\t\t\t<div class=\"elementor-element elementor-element-6f76502d e-con-full e-flex e-con e-parent\" data-id=\"6f76502d\" data-element_type=\"container\" data-e-type=\"container\" data-settings=\"{&quot;background_background&quot;:&quot;classic&quot;,&quot;motion_fx_motion_fx_scrolling&quot;:&quot;yes&quot;,&quot;motion_fx_devices&quot;:[&quot;desktop&quot;,&quot;tablet&quot;,&quot;mobile&quot;]}\">\n\t\t<div class=\"elementor-element elementor-element-3675668 e-con-full e-flex e-con e-child\" data-id=\"3675668\" data-element_type=\"container\" data-e-type=\"container\">\n\t\t\t\t<div class=\"elementor-element elementor-element-2e362e4e elementor-widget elementor-widget-heading\" data-id=\"2e362e4e\" data-element_type=\"widget\" data-e-type=\"widget\" data-widget_type=\"heading.default\">\n\t\t\t\t<div class=\"elementor-widget-container\">\n\t\t\t\t\t<h1 class=\"elementor-heading-title elementor-size-default\">Wir laden Sie zu einer Nacht ein<\/h1>\t\t\t\t<\/div>\n\t\t\t\t<\/div>\n\t\t\t\t<div class=\"elementor-element elementor-element-4d963067 elementor-widget elementor-widget-heading\" data-id=\"4d963067\" data-element_type=\"widget\" data-e-type=\"widget\" data-widget_type=\"heading.default\">\n\t\t\t\t<div class=\"elementor-widget-container\">\n\t\t\t\t\t<span class=\"elementor-heading-title elementor-size-default\">Verl\u00e4ngern Sie Ihren Traumaufenthalt in der Abtei in der verdrehten Abtei<\/span>\t\t\t\t<\/div>\n\t\t\t\t<\/div>\n\t\t\t\t<\/div>\n\t\t\t\t<\/div>\n\t\t<div class=\"elementor-element elementor-element-ca78ff0 e-flex e-con-boxed e-con e-parent\" data-id=\"ca78ff0\" data-element_type=\"container\" data-e-type=\"container\" data-settings=\"{&quot;background_background&quot;:&quot;classic&quot;}\">\n\t\t\t\t\t<div class=\"e-con-inner\">\n\t\t<div class=\"elementor-element elementor-element-34c415b e-flex e-con-boxed e-con e-child\" data-id=\"34c415b\" data-element_type=\"container\" data-e-type=\"container\">\n\t\t\t\t\t<div class=\"e-con-inner\">\n\t\t<div class=\"elementor-element elementor-element-ee59f82 e-grid e-con-boxed e-con e-child\" data-id=\"ee59f82\" data-element_type=\"container\" data-e-type=\"container\">\n\t\t\t\t\t<div class=\"e-con-inner\">\n\t\t<div class=\"elementor-element elementor-element-a2c078f e-con-full e-flex e-con e-child\" data-id=\"a2c078f\" data-element_type=\"container\" data-e-type=\"container\">\n\t\t\t\t<div class=\"elementor-element elementor-element-ed4a26f elementor-widget elementor-widget-text-editor\" data-id=\"ed4a26f\" data-element_type=\"widget\" data-e-type=\"widget\" data-widget_type=\"text-editor.default\">\n\t\t\t\t<div class=\"elementor-widget-container\">\n\t\t\t\t\t\t\t\t\t<p>Escapades LeDomaine Hotel 5 Sterne<\/p>\t\t\t\t\t\t\t\t<\/div>\n\t\t\t\t<\/div>\n\t\t\t\t<div class=\"elementor-element elementor-element-d027113 elementor-widget elementor-widget-heading\" data-id=\"d027113\" data-element_type=\"widget\" data-e-type=\"widget\" data-widget_type=\"heading.default\">\n\t\t\t\t<div class=\"elementor-widget-container\">\n\t\t\t\t\t<h2 class=\"elementor-heading-title elementor-size-default\">Vierter kostenloser Abend<\/h2>\t\t\t\t<\/div>\n\t\t\t\t<\/div>\n\t\t\t\t<\/div>\n\t\t<div class=\"elementor-element elementor-element-22189ea e-con-full e-flex e-con e-child\" data-id=\"22189ea\" data-element_type=\"container\" data-e-type=\"container\">\n\t\t\t\t<div class=\"elementor-element elementor-element-71d67f0 elementor-widget elementor-widget-text-editor\" data-id=\"71d67f0\" data-element_type=\"widget\" data-e-type=\"widget\" data-widget_type=\"text-editor.default\">\n\t\t\t\t<div class=\"elementor-widget-container\">\n\t\t\t\t\t\t\t\t\t<p>Wenn Sie einen <strong>Aufenthalt von 3 N\u00e4chten<\/strong> buchen <strong>, laden wir Sie f\u00fcr eine weitere Nacht ein<\/strong>, um die Umgebung und die Erlebnisse unseres k\u00fcrzlich ausgezeichneten Traumziels weiter zu genie\u00dfen mit<\/p>\t\t\t\t\t\t\t\t<\/div>\n\t\t\t\t<\/div>\n\t\t\t\t<\/div>\n\t\t<div class=\"elementor-element elementor-element-f950975 e-con-full e-flex e-con e-child\" data-id=\"f950975\" data-element_type=\"container\" data-e-type=\"container\">\n\t\t\t\t<div class=\"elementor-element elementor-element-5786e3b elementor-widget elementor-widget-text-editor\" data-id=\"5786e3b\" data-element_type=\"widget\" data-e-type=\"widget\" data-widget_type=\"text-editor.default\">\n\t\t\t\t<div class=\"elementor-widget-container\">\n\t\t\t\t\t\t\t\t\t<p>die 3 Keys des Michelin-F\u00fchrers, die h\u00f6chste Auszeichnung in der Hotelkategorie.<\/p>\t\t\t\t\t\t\t\t<\/div>\n\t\t\t\t<\/div>\n\t\t\t\t<div class=\"elementor-element elementor-element-aaac0a0 elementor-align-right elementor-widget elementor-widget-button\" data-id=\"aaac0a0\" data-element_type=\"widget\" data-e-type=\"widget\" data-widget_type=\"button.default\">\n\t\t\t\t<div class=\"elementor-widget-container\">\n\t\t\t\t\t\t\t\t\t<div class=\"elementor-button-wrapper\">\n\t\t\t\t\t<a class=\"elementor-button elementor-button-link elementor-size-sm\" href=\"https:\/\/be.synxis.com\/?_gl=1*rxgy9s*_gcl_aw*R0NMLjE3NjA5NTgwODEuQ2owS0NRanc2YmZIQmhETkFSSXNBSUdzcUxqb1hzWkRXZHE0T3d5MUIyaU9HUmdmQ2UwNVFHTVhOZGRMa08zMU5Bb21nMElUT3Y1RktNSWFBbVNERUFMd193Y0I.*_gcl_dc*R0NMLjE3NjA5NTgwODEuQ2owS0NRanc2YmZIQmhETkFSSXNBSUdzcUxqb1hzWkRXZHE0T3d5MUIyaU9HUmdmQ2UwNVFHTVhOZGRMa08zMU5Bb21nMElUT3Y1RktNSWFBbVNERUFMd193Y0I.*_gcl_au*MjI3NjgwNzE2LjE3NjA1MTk1NDM.*_ga*NjQ3NDI4ODE4LjE3NjA1MTk1NDQ.*_ga_Y6TL8J8YH9*czE3NjE3NDg3MTckbzE5JGcxJHQxNzYxNzUyMjk2JGo1MCRsMCRoMA..&#038;adult=1%2C1&#038;arrive=2025-11-06&#038;chain=24447&#038;child=0%2C0&#038;childages=%2C&#038;config=system%20default&#038;currency=EUR&#038;depart=2025-11-07&#038;hotel=30967&#038;level=hotel&#038;linking=30&#038;locale=es-ES&#038;productcurrency=EUR&#038;rooms=2&#038;src=30\" target=\"_blank\" rel=\"noopener\">\n\t\t\t\t\t\t<span class=\"elementor-button-content-wrapper\">\n\t\t\t\t\t\t\t\t\t<span class=\"elementor-button-text\">Buchen Sie<\/span>\n\t\t\t\t\t<\/span>\n\t\t\t\t\t<\/a>\n\t\t\t\t<\/div>\n\t\t\t\t\t\t\t\t<\/div>\n\t\t\t\t<\/div>\n\t\t\t\t<\/div>\n\t\t\t\t\t<\/div>\n\t\t\t\t<\/div>\n\t\t\t\t<div class=\"elementor-element elementor-element-fdcc320 elementor-widget elementor-widget-image\" data-id=\"fdcc320\" data-element_type=\"widget\" data-e-type=\"widget\" data-widget_type=\"image.default\">\n\t\t\t\t<div class=\"elementor-widget-container\">\n\t\t\t\t\t\t\t\t\t\t\t\t\t\t\t<img fetchpriority=\"high\" decoding=\"async\" width=\"800\" height=\"395\" src=\"https:\/\/abadia-retuerta.com\/wp-content\/uploads\/2025\/06\/habitacion-teambuilding-H1LIUN-1024x505.webp\" class=\"attachment-large size-large wp-image-29745\" alt=\"\" srcset=\"https:\/\/abadia-retuerta.com\/wp-content\/uploads\/2025\/06\/habitacion-teambuilding-H1LIUN-1024x505.webp 1024w, https:\/\/abadia-retuerta.com\/wp-content\/uploads\/2025\/06\/habitacion-teambuilding-H1LIUN-300x148.webp 300w, https:\/\/abadia-retuerta.com\/wp-content\/uploads\/2025\/06\/habitacion-teambuilding-H1LIUN-768x379.webp 768w, https:\/\/abadia-retuerta.com\/wp-content\/uploads\/2025\/06\/habitacion-teambuilding-H1LIUN-1536x758.webp 1536w, https:\/\/abadia-retuerta.com\/wp-content\/uploads\/2025\/06\/habitacion-teambuilding-H1LIUN-2048x1011.webp 2048w, https:\/\/abadia-retuerta.com\/wp-content\/uploads\/2025\/06\/habitacion-teambuilding-H1LIUN-600x296.webp 600w\" sizes=\"(max-width: 800px) 100vw, 800px\" title=\"\">\t\t\t\t\t\t\t\t\t\t\t\t\t\t\t<\/div>\n\t\t\t\t<\/div>\n\t\t\t\t\t<\/div>\n\t\t\t\t<\/div>\n\t\t\t\t\t<\/div>\n\t\t\t\t<\/div>\n\t\t<div class=\"elementor-element elementor-element-5209d28 e-flex e-con-boxed e-con e-parent\" data-id=\"5209d28\" data-element_type=\"container\" data-e-type=\"container\">\n\t\t\t\t\t<div class=\"e-con-inner\">\n\t\t<div class=\"elementor-element elementor-element-5b22ed7 e-con-full e-flex e-con e-child\" data-id=\"5b22ed7\" data-element_type=\"container\" data-e-type=\"container\">\n\t\t\t\t<div class=\"elementor-element elementor-element-08e1855 elementor-widget elementor-widget-heading\" data-id=\"08e1855\" data-element_type=\"widget\" data-e-type=\"widget\" data-widget_type=\"heading.default\">\n\t\t\t\t<div class=\"elementor-widget-container\">\n\t\t\t\t\t<h2 class=\"elementor-heading-title elementor-size-default\">Was beinhaltet sie?<\/h2>\t\t\t\t<\/div>\n\t\t\t\t<\/div>\n\t\t<div class=\"elementor-element elementor-element-2a93f3f e-con-full e-grid e-con e-child\" data-id=\"2a93f3f\" data-element_type=\"container\" data-e-type=\"container\">\n\t\t\t\t<div class=\"elementor-element elementor-element-d45a724 elementor-widget elementor-widget-text-editor\" data-id=\"d45a724\" data-element_type=\"widget\" data-e-type=\"widget\" data-widget_type=\"text-editor.default\">\n\t\t\t\t<div class=\"elementor-widget-container\">\n\t\t\t\t\t\t\t\t\t<ul class=\"check-list-icon\">\n \t<li>A la carte Fr\u00fchst\u00fcck f\u00fcr zwei Personen<\/li>\n \t<li>24-Stunden-Butler-Service<\/li>\n \t<li>24 Stunden Zugang zum Fitnessstudio<\/li>\n<\/ul>\t\t\t\t\t\t\t\t<\/div>\n\t\t\t\t<\/div>\n\t\t\t\t<div class=\"elementor-element elementor-element-a9ed673 elementor-widget elementor-widget-text-editor\" data-id=\"a9ed673\" data-element_type=\"widget\" data-e-type=\"widget\" data-widget_type=\"text-editor.default\">\n\t\t\t\t<div class=\"elementor-widget-container\">\n\t\t\t\t\t\t\t\t\t<ul class=\"check-list-icon\">\n \t<li>Kostenfreier Zugang zum Santuario Wellness &amp; Spa. Freier Zugang <\/li>\n \t<li>Kostenloses Premium-WIFI<\/li>\n \t<li>Fahrr\u00e4der im freien Dienst<\/li>\n<\/ul>\t\t\t\t\t\t\t\t<\/div>\n\t\t\t\t<\/div>\n\t\t\t\t<\/div>\n\t\t\t\t<\/div>\n\t\t\t\t\t<\/div>\n\t\t\t\t<\/div>\n\t\t<div class=\"elementor-element elementor-element-fb1ab19 e-flex e-con-boxed e-con e-parent\" data-id=\"fb1ab19\" data-element_type=\"container\" data-e-type=\"container\" data-settings=\"{&quot;background_background&quot;:&quot;classic&quot;}\">\n\t\t\t\t\t<div class=\"e-con-inner\">\n\t\t<div class=\"elementor-element elementor-element-de76877 e-con-full e-flex e-con e-child\" data-id=\"de76877\" data-element_type=\"container\" data-e-type=\"container\">\n\t\t\t\t<div class=\"elementor-element elementor-element-26d6260 elementor-widget elementor-widget-heading\" data-id=\"26d6260\" data-element_type=\"widget\" data-e-type=\"widget\" data-widget_type=\"heading.default\">\n\t\t\t\t<div class=\"elementor-widget-container\">\n\t\t\t\t\t<h2 class=\"elementor-heading-title elementor-size-default\">Bedingungen<\/h2>\t\t\t\t<\/div>\n\t\t\t\t<\/div>\n\t\t<div class=\"elementor-element elementor-element-ceabaa6 e-con-full e-grid e-con e-child\" data-id=\"ceabaa6\" data-element_type=\"container\" data-e-type=\"container\">\n\t\t\t\t<div class=\"elementor-element elementor-element-2f0c618 elementor-widget elementor-widget-text-editor\" data-id=\"2f0c618\" data-element_type=\"widget\" data-e-type=\"widget\" data-widget_type=\"text-editor.default\">\n\t\t\t\t<div class=\"elementor-widget-container\">\n\t\t\t\t\t\t\t\t\t<ul class=\"check-list-icon\"><li>Mindestaufenthalt von 4 N\u00e4chten<\/li><li>Nicht verf\u00fcgbar in den Monaten September und Oktober 2026<\/li><li>Maximal 3 Zimmer pro Nacht<\/li><li>Die Verf\u00fcgbarkeit kann sich \u00e4ndern und unterliegt Einschr\u00e4nkungen. Bitte pr\u00fcfen Sie die Verf\u00fcgbarkeit<\/li><\/ul>\t\t\t\t\t\t\t\t<\/div>\n\t\t\t\t<\/div>\n\t\t\t\t<div class=\"elementor-element elementor-element-6df6171 elementor-widget elementor-widget-text-editor\" data-id=\"6df6171\" data-element_type=\"widget\" data-e-type=\"widget\" data-widget_type=\"text-editor.default\">\n\t\t\t\t<div class=\"elementor-widget-container\">\n\t\t\t\t\t\t\t\t\t<ul class=\"check-list-icon\"><li>Das Angebot gilt f\u00fcr Buchungen bis Dezember 2026, Sperrtermine sind m\u00f6glich.<\/li><li>Nicht kombinierbar mit anderen Angeboten oder Aktionen<\/li><li>Erh\u00e4ltlich bei Buchung \u00fcber die Website oder direkt bei der Reservierungsabteilung (reservations@ledomaine.es oder +34 983 687 600).<\/li><\/ul>\t\t\t\t\t\t\t\t<\/div>\n\t\t\t\t<\/div>\n\t\t\t\t<\/div>\n\t\t\t\t<\/div>\n\t\t\t\t\t<\/div>\n\t\t\t\t<\/div>\n\t\t<div class=\"elementor-element elementor-element-10972e6 e-flex e-con-boxed e-con e-parent\" data-id=\"10972e6\" data-element_type=\"container\" data-e-type=\"container\" data-settings=\"{&quot;background_background&quot;:&quot;classic&quot;}\">\n\t\t\t\t\t<div class=\"e-con-inner\">\n\t\t<div class=\"elementor-element elementor-element-734fd8c e-flex e-con-boxed e-con e-child\" data-id=\"734fd8c\" data-element_type=\"container\" data-e-type=\"container\">\n\t\t\t\t\t<div class=\"e-con-inner\">\n\t\t<div class=\"elementor-element elementor-element-d2fcf76 e-grid e-con-boxed e-con e-child\" data-id=\"d2fcf76\" data-element_type=\"container\" data-e-type=\"container\">\n\t\t\t\t\t<div class=\"e-con-inner\">\n\t\t\t\t<div class=\"elementor-element elementor-element-19fee77 elementor-widget elementor-widget-heading\" data-id=\"19fee77\" data-element_type=\"widget\" data-e-type=\"widget\" data-widget_type=\"heading.default\">\n\t\t\t\t<div class=\"elementor-widget-container\">\n\t\t\t\t\t<h2 class=\"elementor-heading-title elementor-size-default\">Genie\u00dfen Sie Abad\u00eda Retuerta<\/h2>\t\t\t\t<\/div>\n\t\t\t\t<\/div>\n\t\t<div class=\"elementor-element elementor-element-c52d241 e-con-full e-flex e-con e-child\" data-id=\"c52d241\" data-element_type=\"container\" data-e-type=\"container\">\n\t\t\t\t<\/div>\n\t\t\t\t\t<\/div>\n\t\t\t\t<\/div>\n\t\t\t\t\t<\/div>\n\t\t\t\t<\/div>\n\t\t\t\t<div class=\"elementor-element elementor-element-53ee8d1 elementor-pagination-type-bullets elementor-pagination-position-outside elementor-widget elementor-widget-n-carousel\" data-id=\"53ee8d1\" data-element_type=\"widget\" data-e-type=\"widget\" data-settings=\"{&quot;carousel_items&quot;:[{&quot;slide_title&quot;:&quot;Diapositiva n\\u00ba 1&quot;,&quot;_id&quot;:&quot;873ea1b&quot;},{&quot;slide_title&quot;:&quot;Diapositiva n\\u00ba 2&quot;,&quot;_id&quot;:&quot;1647eac&quot;},{&quot;slide_title&quot;:&quot;Diapositiva n\\u00ba 3&quot;,&quot;_id&quot;:&quot;f9ff54d&quot;}],&quot;slides_to_show&quot;:&quot;3&quot;,&quot;slides_to_show_tablet&quot;:&quot;2&quot;,&quot;slides_to_show_mobile&quot;:&quot;1&quot;,&quot;speed&quot;:500,&quot;pagination&quot;:&quot;bullets&quot;,&quot;image_spacing_custom&quot;:{&quot;unit&quot;:&quot;px&quot;,&quot;size&quot;:10,&quot;sizes&quot;:[]},&quot;image_spacing_custom_tablet&quot;:{&quot;unit&quot;:&quot;px&quot;,&quot;size&quot;:&quot;&quot;,&quot;sizes&quot;:[]},&quot;image_spacing_custom_mobile&quot;:{&quot;unit&quot;:&quot;px&quot;,&quot;size&quot;:&quot;&quot;,&quot;sizes&quot;:[]}}\" data-widget_type=\"nested-carousel.default\">\n\t\t\t\t<div class=\"elementor-widget-container\">\n\t\t\t\t\t\t\t<div class=\"e-n-carousel swiper\" role=\"region\" aria-roledescription=\"carousel\" aria-label=\"Carrusel\" dir=\"ltr\">\n\t\t\t<div class=\"swiper-wrapper\" aria-live=\"polite\">\n\t\t\t\t\t\t\t\t\t\t<div class=\"swiper-slide\" data-slide=\"1\" role=\"group\" aria-roledescription=\"slide\" aria-label=\"1 von 3\">\n\t\t\t\t\t\t\t<div class=\"elementor-element elementor-element-48895fb e-flex e-con-boxed e-con e-child\" data-id=\"48895fb\" data-element_type=\"container\" data-e-type=\"container\">\n\t\t\t\t\t<div class=\"e-con-inner\">\n\t\t<div class=\"elementor-element elementor-element-f5aee9d e-con-full e-flex e-con e-child\" data-id=\"f5aee9d\" data-element_type=\"container\" data-e-type=\"container\">\n\t\t<div class=\"elementor-element elementor-element-3eae0d0 e-con-full e-flex e-con e-child\" data-id=\"3eae0d0\" data-element_type=\"container\" data-e-type=\"container\">\n\t\t\t\t<div class=\"elementor-element elementor-element-9788c6b elementor-widget elementor-widget-image\" data-id=\"9788c6b\" data-element_type=\"widget\" data-e-type=\"widget\" data-widget_type=\"image.default\">\n\t\t\t\t<div class=\"elementor-widget-container\">\n\t\t\t\t\t\t\t\t\t\t\t\t\t\t\t\t<a href=\"https:\/\/abadia-retuerta.com\/hotel\/\">\n\t\t\t\t\t\t\t<img decoding=\"async\" width=\"800\" height=\"800\" src=\"https:\/\/abadia-retuerta.com\/wp-content\/uploads\/2025\/09\/Rectangle-20-1.png\" class=\"attachment-large size-large wp-image-28339\" alt=\"\" srcset=\"https:\/\/abadia-retuerta.com\/wp-content\/uploads\/2025\/09\/Rectangle-20-1.png 1024w, https:\/\/abadia-retuerta.com\/wp-content\/uploads\/2025\/09\/Rectangle-20-1-300x300.png 300w, https:\/\/abadia-retuerta.com\/wp-content\/uploads\/2025\/09\/Rectangle-20-1-150x150.png 150w, https:\/\/abadia-retuerta.com\/wp-content\/uploads\/2025\/09\/Rectangle-20-1-768x768.png 768w, https:\/\/abadia-retuerta.com\/wp-content\/uploads\/2025\/09\/Rectangle-20-1-600x600.png 600w, https:\/\/abadia-retuerta.com\/wp-content\/uploads\/2025\/09\/Rectangle-20-1-100x100.png 100w\" sizes=\"(max-width: 800px) 100vw, 800px\" title=\"\">\t\t\t\t\t\t\t\t<\/a>\n\t\t\t\t\t\t\t\t\t\t\t\t\t\t\t<\/div>\n\t\t\t\t<\/div>\n\t\t\t\t<\/div>\n\t\t\t\t<div class=\"elementor-element elementor-element-414667d elementor-widget elementor-widget-heading\" data-id=\"414667d\" data-element_type=\"widget\" data-e-type=\"widget\" data-widget_type=\"heading.default\">\n\t\t\t\t<div class=\"elementor-widget-container\">\n\t\t\t\t\t<h4 class=\"elementor-heading-title elementor-size-default\"><a href=\"https:\/\/abadia-retuerta.com\/hotel\/\">Entdecken Sie unser Hotel<\/a><\/h4>\t\t\t\t<\/div>\n\t\t\t\t<\/div>\n\t\t\t\t<\/div>\n\t\t\t\t\t<\/div>\n\t\t\t\t<\/div>\n\t\t\t\t\t\t\t\t<\/div>\n\t\t\t\t\t\t\t\t\t\t\t<div class=\"swiper-slide\" data-slide=\"2\" role=\"group\" aria-roledescription=\"slide\" aria-label=\"2 von 3\">\n\t\t\t\t\t\t\t<div class=\"elementor-element elementor-element-e207be6 e-con-full e-flex e-con e-child\" data-id=\"e207be6\" data-element_type=\"container\" data-e-type=\"container\">\n\t\t<div class=\"elementor-element elementor-element-20033b0 e-con-full e-flex e-con e-child\" data-id=\"20033b0\" data-element_type=\"container\" data-e-type=\"container\">\n\t\t\t\t<div class=\"elementor-element elementor-element-44021d0 elementor-widget elementor-widget-image\" data-id=\"44021d0\" data-element_type=\"widget\" data-e-type=\"widget\" data-widget_type=\"image.default\">\n\t\t\t\t<div class=\"elementor-widget-container\">\n\t\t\t\t\t\t\t\t\t\t\t\t\t\t\t\t<a href=\"https:\/\/abadia-retuerta.com\/bodega\/\">\n\t\t\t\t\t\t\t<img decoding=\"async\" width=\"800\" height=\"800\" src=\"https:\/\/abadia-retuerta.com\/wp-content\/uploads\/2025\/09\/Rectangle-20-1.png\" class=\"attachment-large size-large wp-image-28339\" alt=\"\" srcset=\"https:\/\/abadia-retuerta.com\/wp-content\/uploads\/2025\/09\/Rectangle-20-1.png 1024w, https:\/\/abadia-retuerta.com\/wp-content\/uploads\/2025\/09\/Rectangle-20-1-300x300.png 300w, https:\/\/abadia-retuerta.com\/wp-content\/uploads\/2025\/09\/Rectangle-20-1-150x150.png 150w, https:\/\/abadia-retuerta.com\/wp-content\/uploads\/2025\/09\/Rectangle-20-1-768x768.png 768w, https:\/\/abadia-retuerta.com\/wp-content\/uploads\/2025\/09\/Rectangle-20-1-600x600.png 600w, https:\/\/abadia-retuerta.com\/wp-content\/uploads\/2025\/09\/Rectangle-20-1-100x100.png 100w\" sizes=\"(max-width: 800px) 100vw, 800px\" title=\"\">\t\t\t\t\t\t\t\t<\/a>\n\t\t\t\t\t\t\t\t\t\t\t\t\t\t\t<\/div>\n\t\t\t\t<\/div>\n\t\t\t\t<\/div>\n\t\t\t\t<div class=\"elementor-element elementor-element-fe7e9b3 elementor-widget elementor-widget-heading\" data-id=\"fe7e9b3\" data-element_type=\"widget\" data-e-type=\"widget\" data-widget_type=\"heading.default\">\n\t\t\t\t<div class=\"elementor-widget-container\">\n\t\t\t\t\t<h4 class=\"elementor-heading-title elementor-size-default\"><a href=\"https:\/\/abadia-retuerta.com\/bodega\/\">Entdecken Sie unser Weingut<\/a><\/h4>\t\t\t\t<\/div>\n\t\t\t\t<\/div>\n\t\t\t\t<\/div>\n\t\t\t\t\t\t\t\t<\/div>\n\t\t\t\t\t\t\t\t\t\t\t<div class=\"swiper-slide\" data-slide=\"3\" role=\"group\" aria-roledescription=\"slide\" aria-label=\"3 von 3\">\n\t\t\t\t\t\t\t<div class=\"elementor-element elementor-element-96e3705 e-flex e-con-boxed e-con e-child\" data-id=\"96e3705\" data-element_type=\"container\" data-e-type=\"container\">\n\t\t\t\t\t<div class=\"e-con-inner\">\n\t\t<div class=\"elementor-element elementor-element-1b4614e e-con-full e-flex e-con e-child\" data-id=\"1b4614e\" data-element_type=\"container\" data-e-type=\"container\">\n\t\t<div class=\"elementor-element elementor-element-ef3bdac e-con-full e-flex e-con e-child\" data-id=\"ef3bdac\" data-element_type=\"container\" data-e-type=\"container\">\n\t\t\t\t<div class=\"elementor-element elementor-element-1f5bf5d elementor-widget elementor-widget-image\" data-id=\"1f5bf5d\" data-element_type=\"widget\" data-e-type=\"widget\" data-widget_type=\"image.default\">\n\t\t\t\t<div class=\"elementor-widget-container\">\n\t\t\t\t\t\t\t\t\t\t\t\t\t\t\t\t<a href=\"https:\/\/abadia-retuerta.com\/santuario-wellness-spa\/\">\n\t\t\t\t\t\t\t<img decoding=\"async\" width=\"800\" height=\"800\" src=\"https:\/\/abadia-retuerta.com\/wp-content\/uploads\/2025\/09\/Rectangle-20-1.png\" class=\"attachment-large size-large wp-image-28339\" alt=\"\" srcset=\"https:\/\/abadia-retuerta.com\/wp-content\/uploads\/2025\/09\/Rectangle-20-1.png 1024w, https:\/\/abadia-retuerta.com\/wp-content\/uploads\/2025\/09\/Rectangle-20-1-300x300.png 300w, https:\/\/abadia-retuerta.com\/wp-content\/uploads\/2025\/09\/Rectangle-20-1-150x150.png 150w, https:\/\/abadia-retuerta.com\/wp-content\/uploads\/2025\/09\/Rectangle-20-1-768x768.png 768w, https:\/\/abadia-retuerta.com\/wp-content\/uploads\/2025\/09\/Rectangle-20-1-600x600.png 600w, https:\/\/abadia-retuerta.com\/wp-content\/uploads\/2025\/09\/Rectangle-20-1-100x100.png 100w\" sizes=\"(max-width: 800px) 100vw, 800px\" title=\"\">\t\t\t\t\t\t\t\t<\/a>\n\t\t\t\t\t\t\t\t\t\t\t\t\t\t\t<\/div>\n\t\t\t\t<\/div>\n\t\t\t\t<\/div>\n\t\t\t\t<div class=\"elementor-element elementor-element-01d2d9e elementor-widget elementor-widget-heading\" data-id=\"01d2d9e\" data-element_type=\"widget\" data-e-type=\"widget\" data-widget_type=\"heading.default\">\n\t\t\t\t<div class=\"elementor-widget-container\">\n\t\t\t\t\t<h4 class=\"elementor-heading-title elementor-size-default\"><a href=\"https:\/\/abadia-retuerta.com\/santuario-wellness-spa\/\">Genie\u00dfen Sie das Santuario Wellness &amp; Spa<\/a><\/h4>\t\t\t\t<\/div>\n\t\t\t\t<\/div>\n\t\t\t\t<\/div>\n\t\t\t\t\t<\/div>\n\t\t\t\t<\/div>\n\t\t\t\t\t\t\t\t<\/div>\n\t\t\t\t\t\t\t\t<\/div>\n\t\t<\/div>\n\t\t\t\t\t<div class=\"swiper-pagination\"><\/div>\n\t\t\t\t\t\t<\/div>\n\t\t\t\t<\/div>\n\t\t\t\t\t<\/div>\n\t\t\t\t<\/div>\n\t\t\t\t<\/div>\n\t\t","protected":false},"excerpt":{"rendered":"<p>Wir laden Sie zu einer Nacht ein Verl\u00e4ngern Sie Ihren Traumaufenthalt in der Abtei in der verdrehten Abtei Escapades LeDomaine Hotel 5 Sterne Vierter kostenloser Abend Wenn Sie einen Aufenthalt von 3 N\u00e4chten buchen , laden wir Sie f\u00fcr eine weitere Nacht ein, um die Umgebung und die Erlebnisse unseres k\u00fcrzlich ausgezeichneten Traumziels weiter zu [&hellip;]<\/p>\n","protected":false},"author":1,"featured_media":0,"parent":28653,"menu_order":0,"comment_status":"closed","ping_status":"closed","template":"elementor_header_footer","meta":{"footnotes":""},"class_list":["post-29742","page","type-page","status-publish","hentry"],"acf":[],"_links":{"self":[{"href":"https:\/\/abadia-retuerta.com\/de\/wp-json\/wp\/v2\/pages\/29742","targetHints":{"allow":["GET"]}}],"collection":[{"href":"https:\/\/abadia-retuerta.com\/de\/wp-json\/wp\/v2\/pages"}],"about":[{"href":"https:\/\/abadia-retuerta.com\/de\/wp-json\/wp\/v2\/types\/page"}],"author":[{"embeddable":true,"href":"https:\/\/abadia-retuerta.com\/de\/wp-json\/wp\/v2\/users\/1"}],"replies":[{"embeddable":true,"href":"https:\/\/abadia-retuerta.com\/de\/wp-json\/wp\/v2\/comments?post=29742"}],"version-history":[{"count":7,"href":"https:\/\/abadia-retuerta.com\/de\/wp-json\/wp\/v2\/pages\/29742\/revisions"}],"predecessor-version":[{"id":35852,"href":"https:\/\/abadia-retuerta.com\/de\/wp-json\/wp\/v2\/pages\/29742\/revisions\/35852"}],"up":[{"embeddable":true,"href":"https:\/\/abadia-retuerta.com\/de\/wp-json\/wp\/v2\/pages\/28653"}],"wp:attachment":[{"href":"https:\/\/abadia-retuerta.com\/de\/wp-json\/wp\/v2\/media?parent=29742"}],"curies":[{"name":"wp","href":"https:\/\/api.w.org\/{rel}","templated":true}]}}