{"id":29261,"date":"2025-09-02T21:17:42","date_gmt":"2025-09-02T21:17:42","guid":{"rendered":"http:\/\/abadia-retuerta.com\/rechtlicher-hinweis\/"},"modified":"2025-12-30T10:36:35","modified_gmt":"2025-12-30T10:36:35","slug":"rechtlicher-hinweis","status":"publish","type":"page","link":"https:\/\/abadia-retuerta.com\/de\/rechtlicher-hinweis\/","title":{"rendered":"Rechtlicher Hinweis"},"content":{"rendered":"\t\t<div data-elementor-type=\"wp-page\" data-elementor-id=\"29261\" class=\"elementor elementor-29261 elementor-23490\" data-elementor-post-type=\"page\">\n\t\t\t\t<div class=\"elementor-element elementor-element-04070e9 e-flex e-con-boxed e-con e-parent\" data-id=\"04070e9\" data-element_type=\"container\" data-e-type=\"container\">\n\t\t\t\t\t<div class=\"e-con-inner\">\n\t\t\t\t<div class=\"elementor-element elementor-element-672bc4f elementor-widget elementor-widget-heading\" data-id=\"672bc4f\" data-element_type=\"widget\" data-e-type=\"widget\" data-widget_type=\"heading.default\">\n\t\t\t\t<div class=\"elementor-widget-container\">\n\t\t\t\t\t<h2 class=\"elementor-heading-title elementor-size-default\">Rechtlicher Hinweis\n<\/h2>\t\t\t\t<\/div>\n\t\t\t\t<\/div>\n\t\t\t\t<div class=\"elementor-element elementor-element-a7cd034 elementor-widget elementor-widget-text-editor\" data-id=\"a7cd034\" data-element_type=\"widget\" data-e-type=\"widget\" data-widget_type=\"text-editor.default\">\n\t\t\t\t<div class=\"elementor-widget-container\">\n\t\t\t\t\t\t\t\t\t<h2>Gem\u00e4\u00df dem Gesetz 34\/2002 vom 11. Juli \u00fcber die Dienste der Informationsgesellschaft und den elektronischen Handel informieren wir Sie hiermit:<\/h2><p><strong>1. ZIEL<\/strong><\/p><p>Der Dienstanbieter der Website https:\/\/www.abadia-retuerta.com\/ ist ABADIA RETUERTA, S.A. mit Sitz in Carretera N-122, Km 332,5 Sard\u00f3n del Duero, 47340 (Valladolid), Umsatzsteuernummer A47348834. Das Unternehmen ist im Handelsregister von Valladolid, Band 573, Folio 38, Seite Va-5986, eingetragen.<\/p><p>F\u00fcr die Zwecke dieses rechtlichen Hinweises lautet die Kontakttelefonnummer <a class=\"gold\" href=\"tel:+34983680368\">+34 983 680 368<\/a> und die Kontakt-E-Mail-Adresse lautet <a class=\"gold\" href=\"mailto:info@abadia-retuerta.es\">info@abadia-retuerta.es.<\/a><\/p><p>Dieser rechtliche Hinweis regelt die Nutzung dieser Domain.<\/p><p>Die Nutzung dieser Website setzt voraus, dass der Nutzer die in diesem Hinweis enthaltenen Nutzungsbedingungen sowie unsere Richtlinien zum &#8218;Datenschutz und zur Privatsph\u00e4re&#8216; und zur &#8218;Cookies-Nutzung&#8216; akzeptiert. F\u00fcr den Fall, dass bestimmte Dienstleistungen und\/oder Tools, die \u00fcber dieses &#8222;Portal&#8220; angeboten werden, die Anwendung spezifischer Bedingungen erfordern, werden diese dem Nutzer zur Verf\u00fcgung gestellt.<\/p><p>Au\u00dferdem weist ABADIA RETUERTA, S.A. darauf hin, dass sowohl die Inhalte und Dienstleistungen dieser Website als auch die Nutzungsbedingungen ohne vorherige Ank\u00fcndigung ge\u00e4ndert werden k\u00f6nnen.<\/p><p>\u00a0<\/p><p><strong>2. \u00a0\u00a0 ALLGEMEINE NUTZUNGSBEDINGUNGEN<\/strong><\/p><p>Der Nutzer verpflichtet sich, wahrheitsgem\u00e4\u00dfe, genaue und vollst\u00e4ndige Angaben zu seiner Identit\u00e4t in den Bereichen zu machen, in denen er sich registrieren muss, um Zugang zu diesen Bereichen zu erhalten. Dar\u00fcber hinaus verpflichtet er sich, die pers\u00f6nlichen Daten, die er dem Domaininhaber zur Verf\u00fcgung stellt, auf dem neuesten Stand zu halten, und ist daher allein verantwortlich f\u00fcr falsche oder ungenaue Angaben, die er macht.<\/p><p>Bitte beachten Sie, dass Sie, wenn Sie minderj\u00e4hrig sind, die Erlaubnis Ihrer Eltern, Erziehungsberechtigten oder gesetzlichen Vertreter einholen m\u00fcssen, um auf die angebotenen Dienste zugreifen zu k\u00f6nnen. ABADIA RETUERTA, S.A. \u00fcbernimmt keine Verantwortung f\u00fcr den Fall, dass die Informationen zu diesem Thema ungenau oder falsch sind.<\/p><p>Das &#8222;Portal&#8220; darf nur zu legalen Zwecken genutzt werden. Daher verpflichtet sich der Nutzer, das Portal rechtm\u00e4\u00dfig und redlich und in \u00dcbereinstimmung mit diesen Allgemeinen Nutzungsbedingungen zu nutzen, die Dienste des &#8222;Portals&#8220; nicht zu nutzen, um Aktivit\u00e4ten durchzuf\u00fchren, die gegen die spanische Gesetzgebung, die Moral und die \u00f6ffentliche Ordnung versto\u00dfen, und \u00fcbernimmt jegliche Haftung f\u00fcr Sch\u00e4den gegen\u00fcber dem Inhaber der Domain oder Dritten, die aus illegalen oder unzul\u00e4ssigen Praktiken entstehen k\u00f6nnen, einschlie\u00dflich, aber nicht beschr\u00e4nkt auf, aber nicht beschr\u00e4nkt auf, das Folgende:<\/p><p>eine Manipulation oder Ver\u00e4nderung dieser Seite ohne vorherige Zustimmung des Domaininhabers vorzunehmen, wobei der Domaininhaber keine Haftung \u00fcbernimmt, die sich aus einer solchen Manipulation oder Ver\u00e4nderung durch Dritte ergeben k\u00f6nnte.<\/p><p>Handlungen vorzunehmen, die das Portal und die Dienste besch\u00e4digen, unbrauchbar machen, \u00fcberlasten oder verschlechtern und\/oder die normale Nutzung und Verwendung durch die Nutzer verhindern k\u00f6nnen<\/p><p>Computerprogramme, Daten, fehlerhafte Dateien, Viren, b\u00f6sartige Codes, Computer- oder Telekommunikationsger\u00e4te oder andere, gleich welcher Art, einzuf\u00fchren und\/oder zu verwenden, die dem Portal, einem der Dienste oder den (physischen oder logischen) Verm\u00f6genswerten der Informationssysteme des Domaininhabers Schaden zuf\u00fcgen k\u00f6nnen.<\/p><p>die Rechte Dritter auf Privatsph\u00e4re, Selbstbild, Datenschutz, Kommunikationsgeheimnis, geistiges und gewerbliches Eigentum verletzen.<\/p><p>Verstecken und F\u00e4lschen der Herkunft von E-Mails<\/p><p>Die Verwendung falscher Identit\u00e4ten oder das Vort\u00e4uschen einer anderen Person bei der Nutzung des Portals oder eines seiner Dienste<\/p><p>den Inhalt dieser Website zu vervielf\u00e4ltigen, zu verbreiten, zu ver\u00e4ndern oder zu kopieren, es sei denn, Sie haben die Genehmigung des Domaininhabers oder sind gesetzlich dazu befugt.<\/p><p>Weitergabe von Benutzernamen und Passw\u00f6rtern an unbefugte Dritte<\/p><p>ABADIA RETUERTA, S.A. ist nicht verantwortlich f\u00fcr die Links zu anderen Internetseiten von Dritten und ihre Existenz bedeutet nicht, dass ABADIA RETUERTA, S.A. deren Inhalte und Dienstleistungen billigt oder akzeptiert. Diese anderen Webseiten werden nicht von ABADIA RETUERTA, S.A. kontrolliert und fallen nicht unter die vorliegende Datenschutzrichtlinie. Wenn Sie \u00fcber die angegebenen Links auf andere Websites zugreifen, k\u00f6nnen die Betreiber dieser Websites Ihre pers\u00f6nlichen Daten erfassen. Bitte vergewissern Sie sich, dass Sie mit den Datenschutzrichtlinien dieser Websites einverstanden sind, bevor Sie pers\u00f6nliche Daten angeben.<\/p><p>Generell schlie\u00dft der Inhaber der Domain seine Haftung f\u00fcr Sch\u00e4den jeglicher Art und Beschaffenheit aus, die sich aus der Nutzung der Website ergeben k\u00f6nnen, sowie f\u00fcr Sch\u00e4den, die sich aus der Verletzung geistiger und gewerblicher Eigentumsrechte durch Nutzer und\/oder der mangelnden Wahrhaftigkeit, Genauigkeit und Aktualit\u00e4t der Inhalte ergeben, noch kann er f\u00fcr die Unterbrechung des Dienstes, den unzureichenden Betrieb oder die Unm\u00f6glichkeit des Zugriffs auf den Dienst haftbar gemacht werden.<\/p><p>Der Inhaber der Domain haftet nicht f\u00fcr Sch\u00e4den, die durch das Vorhandensein von Viren oder anderer sch\u00e4dlicher Software verursacht werden, die Ver\u00e4nderungen im Computersystem des Benutzers verursachen k\u00f6nnen.<\/p><p>Die Website, einschlie\u00dflich, aber nicht beschr\u00e4nkt auf ihre Programmierung, Designs, Logos, Texte und\/oder Grafiken, ist Eigentum des Anbieters oder, wo zutreffend, lizenziert oder autorisiert von den Autoren.<\/p><p>Unabh\u00e4ngig von dem Zweck, f\u00fcr den sie bestimmt sind, bedarf die vollst\u00e4ndige oder teilweise Vervielf\u00e4ltigung, Nutzung, Verwertung, Verbreitung und Kommerzialisierung in jedem Fall der vorherigen schriftlichen Genehmigung durch den Inhaber der Domain.<\/p><p>Der Benutzer verpflichtet sich, keine Handlungen gegen die geistigen oder gewerblichen Eigentumsrechte des Autors vorzunehmen.<\/p><p>Der Anbieter des Website-Dienstes gestattet Dritten ausdr\u00fccklich, direkt auf die spezifischen Inhalte der Website umzuleiten, und muss in jedem Fall auf die Haupt-Website des Anbieters umleiten.<\/p><p>\u00a0<\/p><p><strong>3. VERWENDUNG VON COOKIES<\/strong><\/p><p>ABADIA RETUERTA, S.A., als Dienstanbieter dieser Website, erkl\u00e4rt, dass er automatische Verfahren zur Erfassung von Informationen einsetzt, um die Nutzer, die seine Website besuchen, zu registrieren. Klicken Sie auf den folgenden Link, um zu unserer Richtlinie \u00fcber die Verwendung von Cookies zu gelangen.<\/p><p><a href=\"https:\/\/abadia-retuerta.com\/de\/cookie-richtlinie\/\">https:\/\/abadia-retuerta.com\/de\/cookie-richtlinie\/<\/a><\/p><p>\u00a0<\/p><p><strong>4. DATENSCHUTZ<\/strong><\/p><p>Sie k\u00f6nnen unsere Politik zum Schutz personenbezogener Daten in folgendem Abschnitt einsehen: <a href=\"https:\/\/abadia-retuerta.com\/de\/datenschutz\/\">https:\/\/abadia-retuerta.com\/de\/datenschutz\/<\/a><\/p><p>\u00a0<\/p><p><strong>5. ANWENDBARES RECHT<\/strong><\/p><p>Diese Allgemeinen Nutzungsbedingungen unterliegen zu jeder Zeit den Bestimmungen des spanischen Rechts.<\/p>\t\t\t\t\t\t\t\t<\/div>\n\t\t\t\t<\/div>\n\t\t\t\t\t<\/div>\n\t\t\t\t<\/div>\n\t\t\t\t<\/div>\n\t\t","protected":false},"excerpt":{"rendered":"<p>Rechtlicher Hinweis Gem\u00e4\u00df dem Gesetz 34\/2002 vom 11. Juli \u00fcber die Dienste der Informationsgesellschaft und den elektronischen Handel informieren wir Sie hiermit: 1. ZIEL Der Dienstanbieter der Website https:\/\/www.abadia-retuerta.com\/ ist ABADIA RETUERTA, S.A. mit Sitz in Carretera N-122, Km 332,5 Sard\u00f3n del Duero, 47340 (Valladolid), Umsatzsteuernummer A47348834. Das Unternehmen ist im Handelsregister von Valladolid, Band [&hellip;]<\/p>\n","protected":false},"author":1,"featured_media":0,"parent":0,"menu_order":0,"comment_status":"closed","ping_status":"closed","template":"elementor_header_footer","meta":{"footnotes":""},"class_list":["post-29261","page","type-page","status-publish","hentry"],"acf":[],"_links":{"self":[{"href":"https:\/\/abadia-retuerta.com\/de\/wp-json\/wp\/v2\/pages\/29261","targetHints":{"allow":["GET"]}}],"collection":[{"href":"https:\/\/abadia-retuerta.com\/de\/wp-json\/wp\/v2\/pages"}],"about":[{"href":"https:\/\/abadia-retuerta.com\/de\/wp-json\/wp\/v2\/types\/page"}],"author":[{"embeddable":true,"href":"https:\/\/abadia-retuerta.com\/de\/wp-json\/wp\/v2\/users\/1"}],"replies":[{"embeddable":true,"href":"https:\/\/abadia-retuerta.com\/de\/wp-json\/wp\/v2\/comments?post=29261"}],"version-history":[{"count":4,"href":"https:\/\/abadia-retuerta.com\/de\/wp-json\/wp\/v2\/pages\/29261\/revisions"}],"predecessor-version":[{"id":35687,"href":"https:\/\/abadia-retuerta.com\/de\/wp-json\/wp\/v2\/pages\/29261\/revisions\/35687"}],"wp:attachment":[{"href":"https:\/\/abadia-retuerta.com\/de\/wp-json\/wp\/v2\/media?parent=29261"}],"curies":[{"name":"wp","href":"https:\/\/api.w.org\/{rel}","templated":true}]}}