{"id":29257,"date":"2025-09-02T21:31:24","date_gmt":"2025-09-02T21:31:24","guid":{"rendered":"http:\/\/abadia-retuerta.com\/qualitaetspolitik\/"},"modified":"2025-11-09T17:35:19","modified_gmt":"2025-11-09T17:35:19","slug":"qualitaetspolitik","status":"publish","type":"page","link":"https:\/\/abadia-retuerta.com\/de\/qualitaetspolitik\/","title":{"rendered":"Qualit\u00e4tspolitik"},"content":{"rendered":"\t\t<div data-elementor-type=\"wp-page\" data-elementor-id=\"29257\" class=\"elementor elementor-29257 elementor-23503\" data-elementor-post-type=\"page\">\n\t\t\t\t<div class=\"elementor-element elementor-element-3deb711d e-flex e-con-boxed e-con e-parent\" data-id=\"3deb711d\" data-element_type=\"container\" data-e-type=\"container\">\n\t\t\t\t\t<div class=\"e-con-inner\">\n\t\t\t\t<div class=\"elementor-element elementor-element-6a1a0c2 elementor-widget elementor-widget-text-editor\" data-id=\"6a1a0c2\" data-element_type=\"widget\" data-e-type=\"widget\" data-widget_type=\"text-editor.default\">\n\t\t\t\t<div class=\"elementor-widget-container\">\n\t\t\t\t\t\t\t\t\t<h2>Qualit\u00e4ts- und Umweltpolitik<\/h2>\n<p>Das Management und die gesamte Organisation von ABAD\u00cdA RETUERTA, die sich dem Anbau von Trauben, der Vermarktung und der Produktion von Wei\u00df-, Ros\u00e9- und Rotwein widmet, st\u00fctzt sich auf eine integrierte Managementpolitik:<\/p><p><br><\/p>\n<p>STAKEHOLDER-BED\u00dcRFNISSE UND -ERWARTUNGEN: Erkennen, analysieren und verstehen Sie die Bed\u00fcrfnisse und Erwartungen der relevanten Stakeholder mit dem Ziel, ihre Anforderungen und Bed\u00fcrfnisse zu erf\u00fcllen und ihre Erwartungen zu erf\u00fcllen, insbesondere die unserer Kunden.<\/p><p><br><\/p>\n<p>KONTINUIERLICHE VERBESSERUNG: der Unternehmensprozesse, indem dem Management die notwendigen Ressourcen zur Verf\u00fcgung gestellt werden, um eine kontinuierliche Verbesserung der Organisation zu erreichen. Kontinuierliche Verbesserung beinhaltet auch die Verbesserung der Umweltleistung. <\/p><p><br><\/p>\n<p>NACHHALTIGE ENTWICKLUNG UND UMWELTSCHUTZ: Die Organisation verpflichtet sich, zu einer nachhaltigen Entwicklung und zur Eind\u00e4mmung des Klimawandels beizutragen. Au\u00dferdem wird die Umweltverschmutzung verhindert und der Verbrauch nat\u00fcrlicher Ressourcen durch die Verwendung von recycelten oder wiederverwertbaren Produkten sowie durch Energieeinsparungen verringert. Dar\u00fcber hinaus wird der Abfall durch geeignete Ma\u00dfnahmen zur Abfallverringerung, -r\u00fcckgewinnung und -wiederverwertung minimiert.  <\/p><p><br><\/p>\n<p>KOMPLIZIERUNG MIT ANFORDERUNGEN: Einhaltung aller gesetzlichen und produktspezifischen Anforderungen, der Anforderungen der Normen ISO 9001:2015 und 14001:2015, der von unserem Unternehmen festgelegten Anforderungen sowie der Anforderungen unserer relevanten Interessengruppen.<\/p><p><br><\/p>\n<p>TECHNISCHE UND TECHNOLOGISCHE INNOVATION: Schl\u00fcsselfaktor f\u00fcr die Verbesserung der Wettbewerbsf\u00e4higkeit des Unternehmens mit dem Ziel, unseren Kunden einen effektiven Mehrwert zu bieten.<\/p><p><br><\/p>\n<p>EFFIZIENTES MANAGEMENT DER ORGANISATION: Effizientes und wettbewerbsf\u00e4higes Management der Organisation, Verbesserung der internen Prozesse und der damit verbundenen Kosten.<\/p><p><br><\/p>\n<p>ERZEUGUNG EINER EINZIGARTIGEN ERFAHRUNG beim Endverbraucher, die ihn zum Markenbotschafter macht.<\/p><p><br><\/p>\n<p>Diese Qualit\u00e4ts- und Umweltpolitik wird von der Gesch\u00e4ftsleitung geplant und von der Organisation umgesetzt, indem die notwendigen Ressourcen f\u00fcr ihre Umsetzung bereitgestellt werden.<\/p>\n<p>Adresse<br>Sard\u00f3n de Duero, 27 Mai 2022<\/p>\t\t\t\t\t\t\t\t<\/div>\n\t\t\t\t<\/div>\n\t\t\t\t\t<\/div>\n\t\t\t\t<\/div>\n\t\t\t\t<\/div>\n\t\t","protected":false},"excerpt":{"rendered":"<p>Qualit\u00e4ts- und Umweltpolitik Das Management und die gesamte Organisation von ABAD\u00cdA RETUERTA, die sich dem Anbau von Trauben, der Vermarktung und der Produktion von Wei\u00df-, Ros\u00e9- und Rotwein widmet, st\u00fctzt sich auf eine integrierte Managementpolitik: STAKEHOLDER-BED\u00dcRFNISSE UND -ERWARTUNGEN: Erkennen, analysieren und verstehen Sie die Bed\u00fcrfnisse und Erwartungen der relevanten Stakeholder mit dem Ziel, ihre Anforderungen [&hellip;]<\/p>\n","protected":false},"author":1,"featured_media":0,"parent":0,"menu_order":0,"comment_status":"closed","ping_status":"closed","template":"elementor_header_footer","meta":{"footnotes":""},"class_list":["post-29257","page","type-page","status-publish","hentry"],"acf":[],"_links":{"self":[{"href":"https:\/\/abadia-retuerta.com\/de\/wp-json\/wp\/v2\/pages\/29257","targetHints":{"allow":["GET"]}}],"collection":[{"href":"https:\/\/abadia-retuerta.com\/de\/wp-json\/wp\/v2\/pages"}],"about":[{"href":"https:\/\/abadia-retuerta.com\/de\/wp-json\/wp\/v2\/types\/page"}],"author":[{"embeddable":true,"href":"https:\/\/abadia-retuerta.com\/de\/wp-json\/wp\/v2\/users\/1"}],"replies":[{"embeddable":true,"href":"https:\/\/abadia-retuerta.com\/de\/wp-json\/wp\/v2\/comments?post=29257"}],"version-history":[{"count":1,"href":"https:\/\/abadia-retuerta.com\/de\/wp-json\/wp\/v2\/pages\/29257\/revisions"}],"predecessor-version":[{"id":29258,"href":"https:\/\/abadia-retuerta.com\/de\/wp-json\/wp\/v2\/pages\/29257\/revisions\/29258"}],"wp:attachment":[{"href":"https:\/\/abadia-retuerta.com\/de\/wp-json\/wp\/v2\/media?parent=29257"}],"curies":[{"name":"wp","href":"https:\/\/api.w.org\/{rel}","templated":true}]}}