{"id":29167,"date":"2025-09-16T08:46:05","date_gmt":"2025-09-16T08:46:05","guid":{"rendered":"http:\/\/abadia-retuerta.com\/1-hotel\/gourmet-ausflug\/"},"modified":"2026-01-08T09:54:44","modified_gmt":"2026-01-08T09:54:44","slug":"gourmet-ausflug","status":"publish","type":"page","link":"https:\/\/abadia-retuerta.com\/de\/hotel\/gourmet-ausflug\/","title":{"rendered":"Gourmet-Ausflug"},"content":{"rendered":"\t\t<div data-elementor-type=\"wp-page\" data-elementor-id=\"29167\" class=\"elementor elementor-29167 elementor-25305\" data-elementor-post-type=\"page\">\n\t\t\t\t<div class=\"elementor-element elementor-element-b25f9db e-con-full e-flex e-con e-parent\" data-id=\"b25f9db\" data-element_type=\"container\" data-e-type=\"container\" data-settings=\"{&quot;background_background&quot;:&quot;classic&quot;,&quot;motion_fx_motion_fx_scrolling&quot;:&quot;yes&quot;,&quot;motion_fx_devices&quot;:[&quot;desktop&quot;,&quot;tablet&quot;,&quot;mobile&quot;]}\">\n\t\t<div class=\"elementor-element elementor-element-24e2a533 e-con-full e-flex e-con e-child\" data-id=\"24e2a533\" data-element_type=\"container\" data-e-type=\"container\">\n\t\t\t\t<div class=\"elementor-element elementor-element-5175d6fd elementor-widget elementor-widget-heading\" data-id=\"5175d6fd\" data-element_type=\"widget\" data-e-type=\"widget\" data-widget_type=\"heading.default\">\n\t\t\t\t<div class=\"elementor-widget-container\">\n\t\t\t\t\t<h1 class=\"elementor-heading-title elementor-size-default\">Gourmet-Ausflug<\/h1>\t\t\t\t<\/div>\n\t\t\t\t<\/div>\n\t\t\t\t<\/div>\n\t\t\t\t<\/div>\n\t\t<div class=\"elementor-element elementor-element-4a66854 e-flex e-con-boxed e-con e-parent\" data-id=\"4a66854\" data-element_type=\"container\" data-e-type=\"container\" data-settings=\"{&quot;background_background&quot;:&quot;classic&quot;}\">\n\t\t\t\t\t<div class=\"e-con-inner\">\n\t\t<div class=\"elementor-element elementor-element-f5bf87b e-flex e-con-boxed e-con e-child\" data-id=\"f5bf87b\" data-element_type=\"container\" data-e-type=\"container\">\n\t\t\t\t\t<div class=\"e-con-inner\">\n\t\t<div class=\"elementor-element elementor-element-51266dd e-grid e-con-boxed e-con e-child\" data-id=\"51266dd\" data-element_type=\"container\" data-e-type=\"container\">\n\t\t\t\t\t<div class=\"e-con-inner\">\n\t\t<div class=\"elementor-element elementor-element-332f7f2 e-con-full e-flex e-con e-child\" data-id=\"332f7f2\" data-element_type=\"container\" data-e-type=\"container\">\n\t\t\t\t<div class=\"elementor-element elementor-element-c32b454 elementor-widget elementor-widget-text-editor\" data-id=\"c32b454\" data-element_type=\"widget\" data-e-type=\"widget\" data-widget_type=\"text-editor.default\">\n\t\t\t\t<div class=\"elementor-widget-container\">\n\t\t\t\t\t\t\t\t\t<p>Escapades LeDomaine Hotel 5 Sterne<\/p>\t\t\t\t\t\t\t\t<\/div>\n\t\t\t\t<\/div>\n\t\t\t\t<div class=\"elementor-element elementor-element-a5679ca elementor-widget elementor-widget-heading\" data-id=\"a5679ca\" data-element_type=\"widget\" data-e-type=\"widget\" data-widget_type=\"heading.default\">\n\t\t\t\t<div class=\"elementor-widget-container\">\n\t\t\t\t\t<h2 class=\"elementor-heading-title elementor-size-default\">Worin besteht diese Erfahrung?  <\/h2>\t\t\t\t<\/div>\n\t\t\t\t<\/div>\n\t\t\t\t<\/div>\n\t\t<div class=\"elementor-element elementor-element-0c0fd8d e-con-full e-flex e-con e-child\" data-id=\"0c0fd8d\" data-element_type=\"container\" data-e-type=\"container\">\n\t\t\t\t<div class=\"elementor-element elementor-element-0ada754 elementor-widget elementor-widget-text-editor\" data-id=\"0ada754\" data-element_type=\"widget\" data-e-type=\"widget\" data-widget_type=\"text-editor.default\">\n\t\t\t\t<div class=\"elementor-widget-container\">\n\t\t\t\t\t\t\t\t\t<p class=\"no-plus\">Unser Restaurant Refectorio, das mit einem Michelin-Stern und einem Gr\u00fcnen Stern ausgezeichnet wurde, und das Restaurant Vinoteca bieten ein attraktives kulinarisches Angebot, das auf einer kreativen Vision der Tradition und der Verwendung lokaler, saisonal erneuerter Zutaten basiert.<\/p>\t\t\t\t\t\t\t\t<\/div>\n\t\t\t\t<\/div>\n\t\t\t\t<\/div>\n\t\t<div class=\"elementor-element elementor-element-8188090 e-con-full e-flex e-con e-child\" data-id=\"8188090\" data-element_type=\"container\" data-e-type=\"container\">\n\t\t\t\t<div class=\"elementor-element elementor-element-fc70010 elementor-widget elementor-widget-text-editor\" data-id=\"fc70010\" data-element_type=\"widget\" data-e-type=\"widget\" data-widget_type=\"text-editor.default\">\n\t\t\t\t<div class=\"elementor-widget-container\">\n\t\t\t\t\t\t\t\t\t<p>F\u00fcr weitere Informationen rufen Sie bitte T <a class=\"gold\" href=\"tel:+34983687600\">+34 983 687 600<\/a> an oder senden Sie eine E-Mail an <a class=\"gold\" href=\"mailto:reservations@ledomaine.es\">reservations@ledomaine.es.<\/a><\/p>\t\t\t\t\t\t\t\t<\/div>\n\t\t\t\t<\/div>\n\t\t\t\t<\/div>\n\t\t\t\t\t<\/div>\n\t\t\t\t<\/div>\n\t\t\t\t<div class=\"elementor-element elementor-element-795973c elementor-pagination-position-outside elementor-widget elementor-widget-image-carousel\" data-id=\"795973c\" data-element_type=\"widget\" data-e-type=\"widget\" data-settings=\"{&quot;slides_to_show&quot;:&quot;1&quot;,&quot;navigation&quot;:&quot;dots&quot;,&quot;effect&quot;:&quot;slide&quot;,&quot;speed&quot;:500}\" data-widget_type=\"image-carousel.default\">\n\t\t\t\t<div class=\"elementor-widget-container\">\n\t\t\t\t\t\t\t<div class=\"elementor-image-carousel-wrapper swiper\" role=\"region\" aria-roledescription=\"carousel\" aria-label=\"Carrusel de im\u00e1genes\" dir=\"ltr\">\n\t\t\t<div class=\"elementor-image-carousel swiper-wrapper\" aria-live=\"polite\">\n\t\t\t\t\t\t\t\t<div class=\"swiper-slide\" role=\"group\" aria-roledescription=\"slide\" aria-label=\"1 von 1\"><figure class=\"swiper-slide-inner\"><img decoding=\"async\" class=\"swiper-slide-image\" src=\"https:\/\/abadia-retuerta.com\/wp-content\/uploads\/2025\/09\/image-29.webp\" alt=\"Bild (29)\" title=\"\"><\/figure><\/div>\t\t\t<\/div>\n\t\t\t\t\t<\/div>\n\t\t\t\t\t\t<\/div>\n\t\t\t\t<\/div>\n\t\t\t\t\t<\/div>\n\t\t\t\t<\/div>\n\t\t\t\t\t<\/div>\n\t\t\t\t<\/div>\n\t\t<div class=\"elementor-element elementor-element-de45810 e-flex e-con-boxed e-con e-parent\" data-id=\"de45810\" data-element_type=\"container\" data-e-type=\"container\">\n\t\t\t\t\t<div class=\"e-con-inner\">\n\t\t<div class=\"elementor-element elementor-element-1b1717c e-con-full e-flex e-con e-child\" data-id=\"1b1717c\" data-element_type=\"container\" data-e-type=\"container\">\n\t\t\t\t<div class=\"elementor-element elementor-element-327b3be elementor-widget elementor-widget-heading\" data-id=\"327b3be\" data-element_type=\"widget\" data-e-type=\"widget\" data-widget_type=\"heading.default\">\n\t\t\t\t<div class=\"elementor-widget-container\">\n\t\t\t\t\t<h2 class=\"elementor-heading-title elementor-size-default\">Was beinhaltet sie?<\/h2>\t\t\t\t<\/div>\n\t\t\t\t<\/div>\n\t\t<div class=\"elementor-element elementor-element-9942d96 e-con-full e-grid e-con e-child\" data-id=\"9942d96\" data-element_type=\"container\" data-e-type=\"container\">\n\t\t\t\t<div class=\"elementor-element elementor-element-0b5acf4 elementor-widget elementor-widget-text-editor\" data-id=\"0b5acf4\" data-element_type=\"widget\" data-e-type=\"widget\" data-widget_type=\"text-editor.default\">\n\t\t\t\t<div class=\"elementor-widget-container\">\n\t\t\t\t\t\t\t\t\t<ul class=\"check-list-icon\"><li>Eine \u00dcbernachtung in einem Doppelzimmer.<\/li><li>Gourmet Abendessen im Restaur<\/li><li>Unbegrenzter Zugang zu den Einrichtungen des Santuario Wellness &amp; Spa, dem Schwimmbad, dem Fitnesscenter, den Fahrr\u00e4dern, dem Yogaraum und dem Fitnessstudio.<\/li><li>vor dem Refektorium<\/li><li>Vollst\u00e4ndiger Stewarding-Service.<\/li><\/ul>\t\t\t\t\t\t\t\t<\/div>\n\t\t\t\t<\/div>\n\t\t\t\t<div class=\"elementor-element elementor-element-f97414d elementor-widget elementor-widget-text-editor\" data-id=\"f97414d\" data-element_type=\"widget\" data-e-type=\"widget\" data-widget_type=\"text-editor.default\">\n\t\t\t\t<div class=\"elementor-widget-container\">\n\t\t\t\t\t\t\t\t\t<ul class=\"check-list-icon\"><li>Mittagessen im Restaurant Vinoteca.<\/li><li>Sp\u00e4ter Check-out je nach Verf\u00fcgbarkeit.<\/li><li>Fr\u00fchst\u00fcck \u00e0 la carte.<\/li><li>Unbegrenztes Internet mit freundlicher Genehmigung des Hotels.<\/li><\/ul>\t\t\t\t\t\t\t\t<\/div>\n\t\t\t\t<\/div>\n\t\t\t\t<\/div>\n\t\t\t\t<\/div>\n\t\t\t\t\t<\/div>\n\t\t\t\t<\/div>\n\t\t<div class=\"elementor-element elementor-element-522d56d e-flex e-con-boxed e-con e-parent\" data-id=\"522d56d\" data-element_type=\"container\" data-e-type=\"container\" data-settings=\"{&quot;background_background&quot;:&quot;classic&quot;}\">\n\t\t\t\t\t<div class=\"e-con-inner\">\n\t\t<div class=\"elementor-element elementor-element-3304074 e-con-full e-flex e-con e-child\" data-id=\"3304074\" data-element_type=\"container\" data-e-type=\"container\">\n\t\t\t\t<div class=\"elementor-element elementor-element-0bd1a4d elementor-widget elementor-widget-heading\" data-id=\"0bd1a4d\" data-element_type=\"widget\" data-e-type=\"widget\" data-widget_type=\"heading.default\">\n\t\t\t\t<div class=\"elementor-widget-container\">\n\t\t\t\t\t<h2 class=\"elementor-heading-title elementor-size-default\">Bedingungen<\/h2>\t\t\t\t<\/div>\n\t\t\t\t<\/div>\n\t\t<div class=\"elementor-element elementor-element-eea755a e-con-full e-grid e-con e-child\" data-id=\"eea755a\" data-element_type=\"container\" data-e-type=\"container\">\n\t\t<div class=\"elementor-element elementor-element-bd3fb8b e-con-full e-flex e-con e-child\" data-id=\"bd3fb8b\" data-element_type=\"container\" data-e-type=\"container\">\n\t\t\t\t<div class=\"elementor-element elementor-element-c58a5d2 elementor-widget-divider--view-line elementor-widget elementor-widget-divider\" data-id=\"c58a5d2\" data-element_type=\"widget\" data-e-type=\"widget\" data-widget_type=\"divider.default\">\n\t\t\t\t<div class=\"elementor-widget-container\">\n\t\t\t\t\t\t\t<div class=\"elementor-divider\">\n\t\t\t<span class=\"elementor-divider-separator\">\n\t\t\t\t\t\t<\/span>\n\t\t<\/div>\n\t\t\t\t\t\t<\/div>\n\t\t\t\t<\/div>\n\t\t\t\t<div class=\"elementor-element elementor-element-fbc68d0 elementor-widget elementor-widget-heading\" data-id=\"fbc68d0\" data-element_type=\"widget\" data-e-type=\"widget\" data-widget_type=\"heading.default\">\n\t\t\t\t<div class=\"elementor-widget-container\">\n\t\t\t\t\t<h2 class=\"elementor-heading-title elementor-size-default\">Von \u20ac1025\n<\/h2>\t\t\t\t<\/div>\n\t\t\t\t<\/div>\n\t\t\t\t<div class=\"elementor-element elementor-element-acec1f2 elementor-widget elementor-widget-text-editor\" data-id=\"acec1f2\" data-element_type=\"widget\" data-e-type=\"widget\" data-widget_type=\"text-editor.default\">\n\t\t\t\t<div class=\"elementor-widget-container\">\n\t\t\t\t\t\t\t\t\t<div class=\"condiciones\"><span class=\"title\">Bei Doppelbelegung<\/span><\/div><div class=\"details\"> <\/div>\t\t\t\t\t\t\t\t<\/div>\n\t\t\t\t<\/div>\n\t\t\t\t<div class=\"elementor-element elementor-element-a0e319e elementor-widget-divider--view-line elementor-widget elementor-widget-divider\" data-id=\"a0e319e\" data-element_type=\"widget\" data-e-type=\"widget\" data-widget_type=\"divider.default\">\n\t\t\t\t<div class=\"elementor-widget-container\">\n\t\t\t\t\t\t\t<div class=\"elementor-divider\">\n\t\t\t<span class=\"elementor-divider-separator\">\n\t\t\t\t\t\t<\/span>\n\t\t<\/div>\n\t\t\t\t\t\t<\/div>\n\t\t\t\t<\/div>\n\t\t\t\t<\/div>\n\t\t\t\t<div class=\"elementor-element elementor-element-7faa6ae elementor-widget elementor-widget-text-editor\" data-id=\"7faa6ae\" data-element_type=\"widget\" data-e-type=\"widget\" data-widget_type=\"text-editor.default\">\n\t\t\t\t<div class=\"elementor-widget-container\">\n\t\t\t\t\t\t\t\t\t<ul class=\"check-list-icon\"><li>Das Erlebnis ist von Mittwoch bis Freitag verf\u00fcgbar, gilt nicht f\u00fcr Gruppen und ist nicht mit anderen Angeboten kombinierbar. Je nach Verf\u00fcgbarkeit. <\/li><li>Die enthaltenen Leistungen sind nicht austauschbar und nicht erstattungsf\u00e4hig und m\u00fcssen im Voraus gebucht werden.<\/li><li>Inklusive Steuern. Siehe Stornierungsbedingungen. <br><div class=\"ab-detalles white\"><div class=\"details\"> <\/div><\/div><div class=\"ab-form beige\"><div class=\"left\"> <\/div><\/div><\/li><\/ul>\t\t\t\t\t\t\t\t<\/div>\n\t\t\t\t<\/div>\n\t\t\t\t<div class=\"elementor-element elementor-element-6770777 elementor-widget elementor-widget-text-editor\" data-id=\"6770777\" data-element_type=\"widget\" data-e-type=\"widget\" data-widget_type=\"text-editor.default\">\n\t\t\t\t<div class=\"elementor-widget-container\">\n\t\t\t\t\t\t\t\t\t<ul class=\"check-list-icon\"><li>Getr\u00e4nke beim Mittag- und Abendessen nicht inbegriffen.<\/li><li>Wenden Sie sich direkt an das Hotel, wenn Sie Ihren Aufenthalt auf 2 N\u00e4chte oder mehr verl\u00e4ngern m\u00f6chten, und Sie erhalten einen Rabatt von 10% auf den besten verf\u00fcgbaren Preis in der von Ihnen gew\u00e4hlten Zimmerkategorie.<\/li><li>Nicht g\u00fcltig f\u00fcr Aufenthalte mit Kindern oder Geschenkaufenthalte.<div class=\"ab-detalles beige condition\"><div class=\"details\"> <\/div><\/div><div class=\"ab-cards \"><div class=\"title\"> <\/div><\/div><\/li><\/ul>\t\t\t\t\t\t\t\t<\/div>\n\t\t\t\t<\/div>\n\t\t\t\t<\/div>\n\t\t\t\t<\/div>\n\t\t\t\t\t<\/div>\n\t\t\t\t<\/div>\n\t\t<div class=\"elementor-element elementor-element-52e76d3 e-flex e-con-boxed e-con e-parent\" data-id=\"52e76d3\" data-element_type=\"container\" data-e-type=\"container\" data-settings=\"{&quot;background_background&quot;:&quot;classic&quot;}\">\n\t\t\t\t\t<div class=\"e-con-inner\">\n\t\t<div class=\"elementor-element elementor-element-1d3be3a e-flex e-con-boxed e-con e-child\" data-id=\"1d3be3a\" data-element_type=\"container\" data-e-type=\"container\">\n\t\t\t\t\t<div class=\"e-con-inner\">\n\t\t<div class=\"elementor-element elementor-element-9a9ccfa e-grid e-con-boxed e-con e-child\" data-id=\"9a9ccfa\" data-element_type=\"container\" data-e-type=\"container\">\n\t\t\t\t\t<div class=\"e-con-inner\">\n\t\t\t\t<div class=\"elementor-element elementor-element-69e309d elementor-widget elementor-widget-heading\" data-id=\"69e309d\" data-element_type=\"widget\" data-e-type=\"widget\" data-widget_type=\"heading.default\">\n\t\t\t\t<div class=\"elementor-widget-container\">\n\t\t\t\t\t<h2 class=\"elementor-heading-title elementor-size-default\">Genie\u00dfen Sie Abad\u00eda Retuerta<\/h2>\t\t\t\t<\/div>\n\t\t\t\t<\/div>\n\t\t<div class=\"elementor-element elementor-element-8c58aaf e-con-full e-flex e-con e-child\" data-id=\"8c58aaf\" data-element_type=\"container\" data-e-type=\"container\">\n\t\t\t\t<\/div>\n\t\t\t\t\t<\/div>\n\t\t\t\t<\/div>\n\t\t\t\t\t<\/div>\n\t\t\t\t<\/div>\n\t\t\t\t<div class=\"elementor-element elementor-element-a6fb808 elementor-pagination-type-bullets elementor-pagination-position-outside elementor-widget elementor-widget-n-carousel\" data-id=\"a6fb808\" data-element_type=\"widget\" data-e-type=\"widget\" data-settings=\"{&quot;carousel_items&quot;:[{&quot;slide_title&quot;:&quot;Diapositiva n\\u00ba 1&quot;,&quot;_id&quot;:&quot;873ea1b&quot;},{&quot;slide_title&quot;:&quot;Diapositiva n\\u00ba 2&quot;,&quot;_id&quot;:&quot;1647eac&quot;},{&quot;slide_title&quot;:&quot;Diapositiva n\\u00ba 3&quot;,&quot;_id&quot;:&quot;f9ff54d&quot;}],&quot;slides_to_show&quot;:&quot;3&quot;,&quot;slides_to_show_tablet&quot;:&quot;2&quot;,&quot;slides_to_show_mobile&quot;:&quot;1&quot;,&quot;speed&quot;:500,&quot;pagination&quot;:&quot;bullets&quot;,&quot;image_spacing_custom&quot;:{&quot;unit&quot;:&quot;px&quot;,&quot;size&quot;:10,&quot;sizes&quot;:[]},&quot;image_spacing_custom_tablet&quot;:{&quot;unit&quot;:&quot;px&quot;,&quot;size&quot;:&quot;&quot;,&quot;sizes&quot;:[]},&quot;image_spacing_custom_mobile&quot;:{&quot;unit&quot;:&quot;px&quot;,&quot;size&quot;:&quot;&quot;,&quot;sizes&quot;:[]}}\" data-widget_type=\"nested-carousel.default\">\n\t\t\t\t<div class=\"elementor-widget-container\">\n\t\t\t\t\t\t\t<div class=\"e-n-carousel swiper\" role=\"region\" aria-roledescription=\"carousel\" aria-label=\"Carrusel\" dir=\"ltr\">\n\t\t\t<div class=\"swiper-wrapper\" aria-live=\"polite\">\n\t\t\t\t\t\t\t\t\t\t<div class=\"swiper-slide\" data-slide=\"1\" role=\"group\" aria-roledescription=\"slide\" aria-label=\"1 von 3\">\n\t\t\t\t\t\t\t<div class=\"elementor-element elementor-element-84ed0b5 e-flex e-con-boxed e-con e-child\" data-id=\"84ed0b5\" data-element_type=\"container\" data-e-type=\"container\">\n\t\t\t\t\t<div class=\"e-con-inner\">\n\t\t<div class=\"elementor-element elementor-element-61d1a28 e-con-full e-flex e-con e-child\" data-id=\"61d1a28\" data-element_type=\"container\" data-e-type=\"container\">\n\t\t<div class=\"elementor-element elementor-element-d771b46 e-con-full e-flex e-con e-child\" data-id=\"d771b46\" data-element_type=\"container\" data-e-type=\"container\">\n\t\t\t\t<div class=\"elementor-element elementor-element-49640df elementor-widget elementor-widget-image\" data-id=\"49640df\" data-element_type=\"widget\" data-e-type=\"widget\" data-widget_type=\"image.default\">\n\t\t\t\t<div class=\"elementor-widget-container\">\n\t\t\t\t\t\t\t\t\t\t\t\t\t\t\t\t<a href=\"https:\/\/abadia-retuerta.com\/hotel\/\">\n\t\t\t\t\t\t\t<img fetchpriority=\"high\" decoding=\"async\" width=\"800\" height=\"800\" src=\"https:\/\/abadia-retuerta.com\/wp-content\/uploads\/2025\/09\/Rectangle-20-1.png\" class=\"attachment-large size-large wp-image-28339\" alt=\"\" srcset=\"https:\/\/abadia-retuerta.com\/wp-content\/uploads\/2025\/09\/Rectangle-20-1.png 1024w, https:\/\/abadia-retuerta.com\/wp-content\/uploads\/2025\/09\/Rectangle-20-1-300x300.png 300w, https:\/\/abadia-retuerta.com\/wp-content\/uploads\/2025\/09\/Rectangle-20-1-150x150.png 150w, https:\/\/abadia-retuerta.com\/wp-content\/uploads\/2025\/09\/Rectangle-20-1-768x768.png 768w, https:\/\/abadia-retuerta.com\/wp-content\/uploads\/2025\/09\/Rectangle-20-1-600x600.png 600w, https:\/\/abadia-retuerta.com\/wp-content\/uploads\/2025\/09\/Rectangle-20-1-100x100.png 100w\" sizes=\"(max-width: 800px) 100vw, 800px\" title=\"\">\t\t\t\t\t\t\t\t<\/a>\n\t\t\t\t\t\t\t\t\t\t\t\t\t\t\t<\/div>\n\t\t\t\t<\/div>\n\t\t\t\t<\/div>\n\t\t\t\t<div class=\"elementor-element elementor-element-d64d389 elementor-widget elementor-widget-heading\" data-id=\"d64d389\" data-element_type=\"widget\" data-e-type=\"widget\" data-widget_type=\"heading.default\">\n\t\t\t\t<div class=\"elementor-widget-container\">\n\t\t\t\t\t<h4 class=\"elementor-heading-title elementor-size-default\"><a href=\"https:\/\/abadia-retuerta.com\/hotel\/\">Entdecken Sie unser Hotel<\/a><\/h4>\t\t\t\t<\/div>\n\t\t\t\t<\/div>\n\t\t\t\t<\/div>\n\t\t\t\t\t<\/div>\n\t\t\t\t<\/div>\n\t\t\t\t\t\t\t\t<\/div>\n\t\t\t\t\t\t\t\t\t\t\t<div class=\"swiper-slide\" data-slide=\"2\" role=\"group\" aria-roledescription=\"slide\" aria-label=\"2 von 3\">\n\t\t\t\t\t\t\t<div class=\"elementor-element elementor-element-86fce03 e-con-full e-flex e-con e-child\" data-id=\"86fce03\" data-element_type=\"container\" data-e-type=\"container\">\n\t\t<div class=\"elementor-element elementor-element-0244cea e-con-full e-flex e-con e-child\" data-id=\"0244cea\" data-element_type=\"container\" data-e-type=\"container\">\n\t\t\t\t<div class=\"elementor-element elementor-element-1653e32 elementor-widget elementor-widget-image\" data-id=\"1653e32\" data-element_type=\"widget\" data-e-type=\"widget\" data-widget_type=\"image.default\">\n\t\t\t\t<div class=\"elementor-widget-container\">\n\t\t\t\t\t\t\t\t\t\t\t\t\t\t\t\t<a href=\"https:\/\/abadia-retuerta.com\/bodega\/\">\n\t\t\t\t\t\t\t<img fetchpriority=\"high\" decoding=\"async\" width=\"800\" height=\"800\" src=\"https:\/\/abadia-retuerta.com\/wp-content\/uploads\/2025\/09\/Rectangle-20-1.png\" class=\"attachment-large size-large wp-image-28339\" alt=\"\" srcset=\"https:\/\/abadia-retuerta.com\/wp-content\/uploads\/2025\/09\/Rectangle-20-1.png 1024w, https:\/\/abadia-retuerta.com\/wp-content\/uploads\/2025\/09\/Rectangle-20-1-300x300.png 300w, https:\/\/abadia-retuerta.com\/wp-content\/uploads\/2025\/09\/Rectangle-20-1-150x150.png 150w, https:\/\/abadia-retuerta.com\/wp-content\/uploads\/2025\/09\/Rectangle-20-1-768x768.png 768w, https:\/\/abadia-retuerta.com\/wp-content\/uploads\/2025\/09\/Rectangle-20-1-600x600.png 600w, https:\/\/abadia-retuerta.com\/wp-content\/uploads\/2025\/09\/Rectangle-20-1-100x100.png 100w\" sizes=\"(max-width: 800px) 100vw, 800px\" title=\"\">\t\t\t\t\t\t\t\t<\/a>\n\t\t\t\t\t\t\t\t\t\t\t\t\t\t\t<\/div>\n\t\t\t\t<\/div>\n\t\t\t\t<\/div>\n\t\t\t\t<div class=\"elementor-element elementor-element-b4540b9 elementor-widget elementor-widget-heading\" data-id=\"b4540b9\" data-element_type=\"widget\" data-e-type=\"widget\" data-widget_type=\"heading.default\">\n\t\t\t\t<div class=\"elementor-widget-container\">\n\t\t\t\t\t<h4 class=\"elementor-heading-title elementor-size-default\"><a href=\"https:\/\/abadia-retuerta.com\/bodega\/\">Entdecken Sie unser Weingut<\/a><\/h4>\t\t\t\t<\/div>\n\t\t\t\t<\/div>\n\t\t\t\t<\/div>\n\t\t\t\t\t\t\t\t<\/div>\n\t\t\t\t\t\t\t\t\t\t\t<div class=\"swiper-slide\" data-slide=\"3\" role=\"group\" aria-roledescription=\"slide\" aria-label=\"3 von 3\">\n\t\t\t\t\t\t\t<div class=\"elementor-element elementor-element-fc34bde e-flex e-con-boxed e-con e-child\" data-id=\"fc34bde\" data-element_type=\"container\" data-e-type=\"container\">\n\t\t\t\t\t<div class=\"e-con-inner\">\n\t\t<div class=\"elementor-element elementor-element-78b6b66 e-con-full e-flex e-con e-child\" data-id=\"78b6b66\" data-element_type=\"container\" data-e-type=\"container\">\n\t\t<div class=\"elementor-element elementor-element-87bca60 e-con-full e-flex e-con e-child\" data-id=\"87bca60\" data-element_type=\"container\" data-e-type=\"container\">\n\t\t\t\t<div class=\"elementor-element elementor-element-ff05c00 elementor-widget elementor-widget-image\" data-id=\"ff05c00\" data-element_type=\"widget\" data-e-type=\"widget\" data-widget_type=\"image.default\">\n\t\t\t\t<div class=\"elementor-widget-container\">\n\t\t\t\t\t\t\t\t\t\t\t\t\t\t\t\t<a href=\"https:\/\/abadia-retuerta.com\/santuario-wellness-spa\/\">\n\t\t\t\t\t\t\t<img fetchpriority=\"high\" decoding=\"async\" width=\"800\" height=\"800\" src=\"https:\/\/abadia-retuerta.com\/wp-content\/uploads\/2025\/09\/Rectangle-20-1.png\" class=\"attachment-large size-large wp-image-28339\" alt=\"\" srcset=\"https:\/\/abadia-retuerta.com\/wp-content\/uploads\/2025\/09\/Rectangle-20-1.png 1024w, https:\/\/abadia-retuerta.com\/wp-content\/uploads\/2025\/09\/Rectangle-20-1-300x300.png 300w, https:\/\/abadia-retuerta.com\/wp-content\/uploads\/2025\/09\/Rectangle-20-1-150x150.png 150w, https:\/\/abadia-retuerta.com\/wp-content\/uploads\/2025\/09\/Rectangle-20-1-768x768.png 768w, https:\/\/abadia-retuerta.com\/wp-content\/uploads\/2025\/09\/Rectangle-20-1-600x600.png 600w, https:\/\/abadia-retuerta.com\/wp-content\/uploads\/2025\/09\/Rectangle-20-1-100x100.png 100w\" sizes=\"(max-width: 800px) 100vw, 800px\" title=\"\">\t\t\t\t\t\t\t\t<\/a>\n\t\t\t\t\t\t\t\t\t\t\t\t\t\t\t<\/div>\n\t\t\t\t<\/div>\n\t\t\t\t<\/div>\n\t\t\t\t<div class=\"elementor-element elementor-element-e160bb3 elementor-widget elementor-widget-heading\" data-id=\"e160bb3\" data-element_type=\"widget\" data-e-type=\"widget\" data-widget_type=\"heading.default\">\n\t\t\t\t<div class=\"elementor-widget-container\">\n\t\t\t\t\t<h4 class=\"elementor-heading-title elementor-size-default\"><a href=\"https:\/\/abadia-retuerta.com\/santuario-wellness-spa\/\">Genie\u00dfen Sie das Santuario Wellness &amp; Spa<\/a><\/h4>\t\t\t\t<\/div>\n\t\t\t\t<\/div>\n\t\t\t\t<\/div>\n\t\t\t\t\t<\/div>\n\t\t\t\t<\/div>\n\t\t\t\t\t\t\t\t<\/div>\n\t\t\t\t\t\t\t\t<\/div>\n\t\t<\/div>\n\t\t\t\t\t<div class=\"swiper-pagination\"><\/div>\n\t\t\t\t\t\t<\/div>\n\t\t\t\t<\/div>\n\t\t\t\t\t<\/div>\n\t\t\t\t<\/div>\n\t\t\t\t<\/div>\n\t\t","protected":false},"excerpt":{"rendered":"<p>Gourmet-Ausflug Escapades LeDomaine Hotel 5 Sterne Worin besteht diese Erfahrung? Unser Restaurant Refectorio, das mit einem Michelin-Stern und einem Gr\u00fcnen Stern ausgezeichnet wurde, und das Restaurant Vinoteca bieten ein attraktives kulinarisches Angebot, das auf einer kreativen Vision der Tradition und der Verwendung lokaler, saisonal erneuerter Zutaten basiert. F\u00fcr weitere Informationen rufen Sie bitte T +34 [&hellip;]<\/p>\n","protected":false},"author":1,"featured_media":0,"parent":28653,"menu_order":0,"comment_status":"closed","ping_status":"closed","template":"","meta":{"footnotes":""},"class_list":["post-29167","page","type-page","status-publish","hentry"],"acf":[],"_links":{"self":[{"href":"https:\/\/abadia-retuerta.com\/de\/wp-json\/wp\/v2\/pages\/29167","targetHints":{"allow":["GET"]}}],"collection":[{"href":"https:\/\/abadia-retuerta.com\/de\/wp-json\/wp\/v2\/pages"}],"about":[{"href":"https:\/\/abadia-retuerta.com\/de\/wp-json\/wp\/v2\/types\/page"}],"author":[{"embeddable":true,"href":"https:\/\/abadia-retuerta.com\/de\/wp-json\/wp\/v2\/users\/1"}],"replies":[{"embeddable":true,"href":"https:\/\/abadia-retuerta.com\/de\/wp-json\/wp\/v2\/comments?post=29167"}],"version-history":[{"count":7,"href":"https:\/\/abadia-retuerta.com\/de\/wp-json\/wp\/v2\/pages\/29167\/revisions"}],"predecessor-version":[{"id":35843,"href":"https:\/\/abadia-retuerta.com\/de\/wp-json\/wp\/v2\/pages\/29167\/revisions\/35843"}],"up":[{"embeddable":true,"href":"https:\/\/abadia-retuerta.com\/de\/wp-json\/wp\/v2\/pages\/28653"}],"wp:attachment":[{"href":"https:\/\/abadia-retuerta.com\/de\/wp-json\/wp\/v2\/media?parent=29167"}],"curies":[{"name":"wp","href":"https:\/\/api.w.org\/{rel}","templated":true}]}}