{"id":28804,"date":"2025-06-12T08:59:22","date_gmt":"2025-06-12T08:59:22","guid":{"rendered":"http:\/\/abadia-retuerta.com\/6-nachhaltigkeit\/engagement-fuer-die-kunst\/"},"modified":"2025-11-09T17:33:05","modified_gmt":"2025-11-09T17:33:05","slug":"engagement-fuer-die-kunst","status":"publish","type":"page","link":"https:\/\/abadia-retuerta.com\/de\/nachhaltigkeit\/engagement-fuer-die-kunst\/","title":{"rendered":"Engagement f\u00fcr die Kunst"},"content":{"rendered":"\t\t<div data-elementor-type=\"wp-page\" data-elementor-id=\"28804\" class=\"elementor elementor-28804 elementor-742\" data-elementor-post-type=\"page\">\n\t\t\t\t<div class=\"elementor-element elementor-element-792574a e-con-full e-flex e-con e-parent\" data-id=\"792574a\" data-element_type=\"container\" data-e-type=\"container\" data-settings=\"{&quot;background_background&quot;:&quot;classic&quot;,&quot;motion_fx_motion_fx_scrolling&quot;:&quot;yes&quot;,&quot;motion_fx_devices&quot;:[&quot;desktop&quot;,&quot;tablet&quot;,&quot;mobile&quot;]}\">\n\t\t<div class=\"elementor-element elementor-element-4918d89 e-con-full e-flex e-con e-child\" data-id=\"4918d89\" data-element_type=\"container\" data-e-type=\"container\">\n\t\t\t\t<div class=\"elementor-element elementor-element-072f0e6 elementor-widget elementor-widget-heading\" data-id=\"072f0e6\" data-element_type=\"widget\" data-e-type=\"widget\" data-widget_type=\"heading.default\">\n\t\t\t\t<div class=\"elementor-widget-container\">\n\t\t\t\t\t<h1 class=\"elementor-heading-title elementor-size-default\">Unser Engagement f\u00fcr die Kunst<\/h1>\t\t\t\t<\/div>\n\t\t\t\t<\/div>\n\t\t\t\t<\/div>\n\t\t\t\t<\/div>\n\t\t<div class=\"elementor-element elementor-element-4b32971 e-flex e-con-boxed e-con e-parent\" data-id=\"4b32971\" data-element_type=\"container\" data-e-type=\"container\" data-settings=\"{&quot;background_background&quot;:&quot;classic&quot;}\">\n\t\t\t\t\t<div class=\"e-con-inner\">\n\t\t<div class=\"elementor-element elementor-element-b5ef319 e-flex e-con-boxed e-con e-child\" data-id=\"b5ef319\" data-element_type=\"container\" data-e-type=\"container\">\n\t\t\t\t\t<div class=\"e-con-inner\">\n\t\t<div class=\"elementor-element elementor-element-be307c8 e-grid e-con-boxed e-con e-child\" data-id=\"be307c8\" data-element_type=\"container\" data-e-type=\"container\">\n\t\t\t\t\t<div class=\"e-con-inner\">\n\t\t<div class=\"elementor-element elementor-element-c010e39 e-con-full e-flex e-con e-child\" data-id=\"c010e39\" data-element_type=\"container\" data-e-type=\"container\">\n\t\t\t\t<div class=\"elementor-element elementor-element-9f543fc elementor-widget elementor-widget-text-editor\" data-id=\"9f543fc\" data-element_type=\"widget\" data-e-type=\"widget\" data-widget_type=\"text-editor.default\">\n\t\t\t\t<div class=\"elementor-widget-container\">\n\t\t\t\t\t\t\t\t\t<p>Kunst in der Abad\u00eda Retuerta<\/p>\t\t\t\t\t\t\t\t<\/div>\n\t\t\t\t<\/div>\n\t\t\t\t<div class=\"elementor-element elementor-element-08d374a elementor-widget elementor-widget-heading\" data-id=\"08d374a\" data-element_type=\"widget\" data-e-type=\"widget\" data-widget_type=\"heading.default\">\n\t\t\t\t<div class=\"elementor-widget-container\">\n\t\t\t\t\t<h2 class=\"elementor-heading-title elementor-size-default\">Engagement f\u00fcr Respekt und Verbesserung  <\/h2>\t\t\t\t<\/div>\n\t\t\t\t<\/div>\n\t\t\t\t<\/div>\n\t\t<div class=\"elementor-element elementor-element-409d9da e-con-full e-flex e-con e-child\" data-id=\"409d9da\" data-element_type=\"container\" data-e-type=\"container\">\n\t\t\t\t<div class=\"elementor-element elementor-element-fc20696 elementor-widget elementor-widget-text-editor\" data-id=\"fc20696\" data-element_type=\"widget\" data-e-type=\"widget\" data-widget_type=\"text-editor.default\">\n\t\t\t\t<div class=\"elementor-widget-container\">\n\t\t\t\t\t\t\t\t\t<p>Abad\u00eda Retuerta ist ein Synonym f\u00fcr das Erbe, das nat\u00fcrliche und historische Erbe, das seit der Gr\u00fcndung der Abtei Santa Mar\u00eda de Retuerta im Jahr 1146 an den Ufern des Duero durch<\/p>\t\t\t\t\t\t\t\t<\/div>\n\t\t\t\t<\/div>\n\t\t\t\t<\/div>\n\t\t<div class=\"elementor-element elementor-element-316d371 e-con-full e-flex e-con e-child\" data-id=\"316d371\" data-element_type=\"container\" data-e-type=\"container\">\n\t\t\t\t<div class=\"elementor-element elementor-element-164991b elementor-widget elementor-widget-text-editor\" data-id=\"164991b\" data-element_type=\"widget\" data-e-type=\"widget\" data-widget_type=\"text-editor.default\">\n\t\t\t\t<div class=\"elementor-widget-container\">\n\t\t\t\t\t\t\t\t\t<p>den Pr\u00e4monstratenserorden. Wir haben uns einem Projekt verschrieben, das dieses nat\u00fcrliche und historische Erbe in den Mittelpunkt stellt, mit einer Philosophie, in der Nachhaltigkeit die Speerspitze unseres Handelns ist. <\/p>\t\t\t\t\t\t\t\t<\/div>\n\t\t\t\t<\/div>\n\t\t\t\t<\/div>\n\t\t\t\t\t<\/div>\n\t\t\t\t<\/div>\n\t\t\t\t\t<\/div>\n\t\t\t\t<\/div>\n\t\t\t\t\t<\/div>\n\t\t\t\t<\/div>\n\t\t<div class=\"elementor-element elementor-element-43f1489 e-flex e-con-boxed e-con e-parent\" data-id=\"43f1489\" data-element_type=\"container\" data-e-type=\"container\" data-settings=\"{&quot;background_background&quot;:&quot;classic&quot;}\">\n\t\t\t\t\t<div class=\"e-con-inner\">\n\t\t<div class=\"elementor-element elementor-element-acd9e2d e-con-full e-flex e-con e-child\" data-id=\"acd9e2d\" data-element_type=\"container\" data-e-type=\"container\">\n\t\t\t\t<div class=\"elementor-element elementor-element-3f50d9a elementor-widget elementor-widget-image\" data-id=\"3f50d9a\" data-element_type=\"widget\" data-e-type=\"widget\" data-widget_type=\"image.default\">\n\t\t\t\t<div class=\"elementor-widget-container\">\n\t\t\t\t\t\t\t\t\t\t\t\t\t\t\t<img fetchpriority=\"high\" decoding=\"async\" width=\"1040\" height=\"1040\" src=\"https:\/\/abadia-retuerta.com\/wp-content\/uploads\/2025\/07\/image-SS1P2.webp\" class=\"attachment-full size-full wp-image-28805\" alt=\"\" srcset=\"https:\/\/abadia-retuerta.com\/wp-content\/uploads\/2025\/07\/image-SS1P2.webp 1040w, https:\/\/abadia-retuerta.com\/wp-content\/uploads\/2025\/07\/image-SS1P2-300x300.webp 300w, https:\/\/abadia-retuerta.com\/wp-content\/uploads\/2025\/07\/image-SS1P2-1024x1024.webp 1024w, https:\/\/abadia-retuerta.com\/wp-content\/uploads\/2025\/07\/image-SS1P2-150x150.webp 150w, https:\/\/abadia-retuerta.com\/wp-content\/uploads\/2025\/07\/image-SS1P2-768x768.webp 768w, https:\/\/abadia-retuerta.com\/wp-content\/uploads\/2025\/07\/image-SS1P2-600x600.webp 600w, https:\/\/abadia-retuerta.com\/wp-content\/uploads\/2025\/07\/image-SS1P2-100x100.webp 100w\" sizes=\"(max-width: 1040px) 100vw, 1040px\" title=\"\">\t\t\t\t\t\t\t\t\t\t\t\t\t\t\t<\/div>\n\t\t\t\t<\/div>\n\t\t\t\t<\/div>\n\t\t<div class=\"elementor-element elementor-element-4598f5a e-con-full e-flex e-con e-child\" data-id=\"4598f5a\" data-element_type=\"container\" data-e-type=\"container\">\n\t\t\t\t<div class=\"elementor-element elementor-element-53f8123 elementor-widget elementor-widget-heading\" data-id=\"53f8123\" data-element_type=\"widget\" data-e-type=\"widget\" data-widget_type=\"heading.default\">\n\t\t\t\t<div class=\"elementor-widget-container\">\n\t\t\t\t\t<h2 class=\"elementor-heading-title elementor-size-default\">Das historische Erbe bewahren  <\/h2>\t\t\t\t<\/div>\n\t\t\t\t<\/div>\n\t\t\t\t<div class=\"elementor-element elementor-element-74e9d03 elementor-widget elementor-widget-heading\" data-id=\"74e9d03\" data-element_type=\"widget\" data-e-type=\"widget\" data-widget_type=\"heading.default\">\n\t\t\t\t<div class=\"elementor-widget-container\">\n\t\t\t\t\t<h2 class=\"elementor-heading-title elementor-size-default\">Die Erfahrung<\/h2>\t\t\t\t<\/div>\n\t\t\t\t<\/div>\n\t\t\t\t<div class=\"elementor-element elementor-element-9c41b78 elementor-widget elementor-widget-text-editor\" data-id=\"9c41b78\" data-element_type=\"widget\" data-e-type=\"widget\" data-widget_type=\"text-editor.default\">\n\t\t\t\t<div class=\"elementor-widget-container\">\n\t\t\t\t\t\t\t\t\t<p class=\"plus\">Die Renovierungsarbeiten begannen im Mai 2008. Von Anfang an war das Projekt nicht nur als Hotel und Weinkeller konzipiert, sondern auch als ein Universum, in dem man eine einzigartige Erfahrung machen kann, nat\u00fcrlich durch das k\u00fcnstlerische und historische Erbe. Verantwortlich f\u00fcr das Projekt war der italienische Architekt Marco Serra, der das architektonische und philosophische Erbe sowie die urspr\u00fcnglichen Strukturen des Klosters gewissenhaft respektierte. Dabei hat er sowohl die architektonischen Stile als auch die Lebensweise der Pr\u00e4monstratenser bewahrt. Europa Nostra verlieh der Abtei Retuerta LeDomaine den Preis der Europ\u00e4ischen Union f\u00fcr das kulturelle Erbe.    <\/p><p class=\"\">Ein weiteres Beispiel ist der Museumsgarten, der den Frieden und die Ruhe des Innenraums perfekt widerspiegelt, obwohl die Skulpturen von R\u00fcckriem einen avantgardistischen Stil haben, der in perfektem Kontrast zu dem alten Stein des Geb\u00e4udes steht.<\/p>\t\t\t\t\t\t\t\t<\/div>\n\t\t\t\t<\/div>\n\t\t\t\t<\/div>\n\t\t\t\t\t<\/div>\n\t\t\t\t<\/div>\n\t\t<div class=\"elementor-element elementor-element-528e660 e-flex e-con-boxed e-con e-parent\" data-id=\"528e660\" data-element_type=\"container\" data-e-type=\"container\" data-settings=\"{&quot;background_background&quot;:&quot;classic&quot;}\">\n\t\t\t\t\t<div class=\"e-con-inner\">\n\t\t<div class=\"elementor-element elementor-element-71a947e e-con-full e-flex e-con e-child\" data-id=\"71a947e\" data-element_type=\"container\" data-e-type=\"container\">\n\t\t\t\t<div class=\"elementor-element elementor-element-a96ea78 elementor-widget elementor-widget-heading\" data-id=\"a96ea78\" data-element_type=\"widget\" data-e-type=\"widget\" data-widget_type=\"heading.default\">\n\t\t\t\t<div class=\"elementor-widget-container\">\n\t\t\t\t\t<h2 class=\"elementor-heading-title elementor-size-default\">Ger\u00fccht von Limits V, Eduardo Chillida<\/h2>\t\t\t\t<\/div>\n\t\t\t\t<\/div>\n\t\t\t\t<div class=\"elementor-element elementor-element-69971bb elementor-widget elementor-widget-text-editor\" data-id=\"69971bb\" data-element_type=\"widget\" data-e-type=\"widget\" data-widget_type=\"text-editor.default\">\n\t\t\t\t<div class=\"elementor-widget-container\">\n\t\t\t\t\t\t\t\t\t<p>Die neueste Erg\u00e4nzung der Kunstsammlung ist ein einzigartiges Werk aus Stahl von Eduardo Chillida aus dem Jahr 1959. Rumor de L\u00edmites V&#8216; ist das Werk des K\u00fcnstlers aus San Sebasti\u00e1n, das nun in der Abtei Santa Mar\u00eda de Retuerta zu sehen ist. Der Ort wurde aufgrund der perfekten Verbindung, die der Raum mit dem Werk und dem Bildhauer herstellt, als Standort gew\u00e4hlt. <\/p>\t\t\t\t\t\t\t\t<\/div>\n\t\t\t\t<\/div>\n\t\t\t\t<\/div>\n\t\t<div class=\"elementor-element elementor-element-5a6d056 e-con-full e-flex e-con e-child\" data-id=\"5a6d056\" data-element_type=\"container\" data-e-type=\"container\">\n\t\t\t\t<div class=\"elementor-element elementor-element-8eebc2a elementor-widget elementor-widget-image\" data-id=\"8eebc2a\" data-element_type=\"widget\" data-e-type=\"widget\" data-widget_type=\"image.default\">\n\t\t\t\t<div class=\"elementor-widget-container\">\n\t\t\t\t\t\t\t\t\t\t\t\t\t\t\t<img decoding=\"async\" width=\"1040\" height=\"1040\" src=\"https:\/\/abadia-retuerta.com\/wp-content\/uploads\/2025\/07\/image-2-SS1P2.webp\" class=\"attachment-full size-full wp-image-28808\" alt=\"\" srcset=\"https:\/\/abadia-retuerta.com\/wp-content\/uploads\/2025\/07\/image-2-SS1P2.webp 1040w, https:\/\/abadia-retuerta.com\/wp-content\/uploads\/2025\/07\/image-2-SS1P2-300x300.webp 300w, https:\/\/abadia-retuerta.com\/wp-content\/uploads\/2025\/07\/image-2-SS1P2-1024x1024.webp 1024w, https:\/\/abadia-retuerta.com\/wp-content\/uploads\/2025\/07\/image-2-SS1P2-150x150.webp 150w, https:\/\/abadia-retuerta.com\/wp-content\/uploads\/2025\/07\/image-2-SS1P2-768x768.webp 768w, https:\/\/abadia-retuerta.com\/wp-content\/uploads\/2025\/07\/image-2-SS1P2-600x600.webp 600w, https:\/\/abadia-retuerta.com\/wp-content\/uploads\/2025\/07\/image-2-SS1P2-100x100.webp 100w\" sizes=\"(max-width: 1040px) 100vw, 1040px\" title=\"\">\t\t\t\t\t\t\t\t\t\t\t\t\t\t\t<\/div>\n\t\t\t\t<\/div>\n\t\t\t\t<\/div>\n\t\t\t\t\t<\/div>\n\t\t\t\t<\/div>\n\t\t<div class=\"elementor-element elementor-element-61f08aa e-flex e-con-boxed e-con e-parent\" data-id=\"61f08aa\" data-element_type=\"container\" data-e-type=\"container\" data-settings=\"{&quot;background_background&quot;:&quot;classic&quot;}\">\n\t\t\t\t\t<div class=\"e-con-inner\">\n\t\t<div class=\"elementor-element elementor-element-eeaa13a e-con-full e-flex e-con e-child\" data-id=\"eeaa13a\" data-element_type=\"container\" data-e-type=\"container\">\n\t\t\t\t<div class=\"elementor-element elementor-element-e89cd8c elementor-widget elementor-widget-image\" data-id=\"e89cd8c\" data-element_type=\"widget\" data-e-type=\"widget\" data-widget_type=\"image.default\">\n\t\t\t\t<div class=\"elementor-widget-container\">\n\t\t\t\t\t\t\t\t\t\t\t\t\t\t\t<img decoding=\"async\" width=\"1040\" height=\"1040\" src=\"https:\/\/abadia-retuerta.com\/wp-content\/uploads\/2025\/07\/image-3-SS1P2.webp\" class=\"attachment-full size-full wp-image-28807\" alt=\"\" srcset=\"https:\/\/abadia-retuerta.com\/wp-content\/uploads\/2025\/07\/image-3-SS1P2.webp 1040w, https:\/\/abadia-retuerta.com\/wp-content\/uploads\/2025\/07\/image-3-SS1P2-300x300.webp 300w, https:\/\/abadia-retuerta.com\/wp-content\/uploads\/2025\/07\/image-3-SS1P2-1024x1024.webp 1024w, https:\/\/abadia-retuerta.com\/wp-content\/uploads\/2025\/07\/image-3-SS1P2-150x150.webp 150w, https:\/\/abadia-retuerta.com\/wp-content\/uploads\/2025\/07\/image-3-SS1P2-768x768.webp 768w, https:\/\/abadia-retuerta.com\/wp-content\/uploads\/2025\/07\/image-3-SS1P2-600x600.webp 600w, https:\/\/abadia-retuerta.com\/wp-content\/uploads\/2025\/07\/image-3-SS1P2-100x100.webp 100w\" sizes=\"(max-width: 1040px) 100vw, 1040px\" title=\"\">\t\t\t\t\t\t\t\t\t\t\t\t\t\t\t<\/div>\n\t\t\t\t<\/div>\n\t\t\t\t<\/div>\n\t\t<div class=\"elementor-element elementor-element-4094d88 e-con-full e-flex e-con e-child\" data-id=\"4094d88\" data-element_type=\"container\" data-e-type=\"container\">\n\t\t\t\t<div class=\"elementor-element elementor-element-351527d elementor-widget elementor-widget-heading\" data-id=\"351527d\" data-element_type=\"widget\" data-e-type=\"widget\" data-widget_type=\"heading.default\">\n\t\t\t\t<div class=\"elementor-widget-container\">\n\t\t\t\t\t<h2 class=\"elementor-heading-title elementor-size-default\">Leben mit Kunst<\/h2>\t\t\t\t<\/div>\n\t\t\t\t<\/div>\n\t\t\t\t<div class=\"elementor-element elementor-element-71934fb elementor-widget elementor-widget-text-editor\" data-id=\"71934fb\" data-element_type=\"widget\" data-e-type=\"widget\" data-widget_type=\"text-editor.default\">\n\t\t\t\t<div class=\"elementor-widget-container\">\n\t\t\t\t\t\t\t\t\t<p>Kurz gesagt, Abad\u00eda Retuerta festigt seine Position als ein Reiseziel, das auf der Kunst basiert: Die architektonische Komplexit\u00e4t, die einzigartige und gro\u00dfartige Sammlung von Kunstwerken und die Entschlossenheit, diesen Reichtum mit unseren Besuchern durch Aktionen wie das Erlebnis &#8222;Leben mit der Kunst&#8220; zu teilen, verbinden sich zu einem historischen Erbe, das sich mit der Vielfalt eines nat\u00fcrlichen Erbes verbindet, das sich in jedem unserer Weine widerspiegelt.<\/p>\t\t\t\t\t\t\t\t<\/div>\n\t\t\t\t<\/div>\n\t\t\t\t<\/div>\n\t\t\t\t\t<\/div>\n\t\t\t\t<\/div>\n\t\t\t\t<\/div>\n\t\t","protected":false},"excerpt":{"rendered":"<p>Unser Engagement f\u00fcr die Kunst Kunst in der Abad\u00eda Retuerta Engagement f\u00fcr Respekt und Verbesserung Abad\u00eda Retuerta ist ein Synonym f\u00fcr das Erbe, das nat\u00fcrliche und historische Erbe, das seit der Gr\u00fcndung der Abtei Santa Mar\u00eda de Retuerta im Jahr 1146 an den Ufern des Duero durch den Pr\u00e4monstratenserorden. Wir haben uns einem Projekt verschrieben, [&hellip;]<\/p>\n","protected":false},"author":1,"featured_media":0,"parent":28781,"menu_order":0,"comment_status":"closed","ping_status":"closed","template":"","meta":{"footnotes":""},"class_list":["post-28804","page","type-page","status-publish","hentry"],"acf":[],"_links":{"self":[{"href":"https:\/\/abadia-retuerta.com\/de\/wp-json\/wp\/v2\/pages\/28804","targetHints":{"allow":["GET"]}}],"collection":[{"href":"https:\/\/abadia-retuerta.com\/de\/wp-json\/wp\/v2\/pages"}],"about":[{"href":"https:\/\/abadia-retuerta.com\/de\/wp-json\/wp\/v2\/types\/page"}],"author":[{"embeddable":true,"href":"https:\/\/abadia-retuerta.com\/de\/wp-json\/wp\/v2\/users\/1"}],"replies":[{"embeddable":true,"href":"https:\/\/abadia-retuerta.com\/de\/wp-json\/wp\/v2\/comments?post=28804"}],"version-history":[{"count":1,"href":"https:\/\/abadia-retuerta.com\/de\/wp-json\/wp\/v2\/pages\/28804\/revisions"}],"predecessor-version":[{"id":28810,"href":"https:\/\/abadia-retuerta.com\/de\/wp-json\/wp\/v2\/pages\/28804\/revisions\/28810"}],"up":[{"embeddable":true,"href":"https:\/\/abadia-retuerta.com\/de\/wp-json\/wp\/v2\/pages\/28781"}],"wp:attachment":[{"href":"https:\/\/abadia-retuerta.com\/de\/wp-json\/wp\/v2\/media?parent=28804"}],"curies":[{"name":"wp","href":"https:\/\/api.w.org\/{rel}","templated":true}]}}