{"id":28753,"date":"2025-05-06T15:30:01","date_gmt":"2025-05-06T15:30:01","guid":{"rendered":"http:\/\/abadia-retuerta.com\/datenschutz\/"},"modified":"2025-11-09T17:32:58","modified_gmt":"2025-11-09T17:32:58","slug":"datenschutz","status":"publish","type":"page","link":"https:\/\/abadia-retuerta.com\/de\/datenschutz\/","title":{"rendered":"Datenschutz"},"content":{"rendered":"\t\t<div data-elementor-type=\"wp-page\" data-elementor-id=\"28753\" class=\"elementor elementor-28753 elementor-3\" data-elementor-post-type=\"page\">\n\t\t\t\t<div class=\"elementor-element elementor-element-6440f017 e-flex e-con-boxed e-con e-parent\" data-id=\"6440f017\" data-element_type=\"container\" data-e-type=\"container\">\n\t\t\t\t\t<div class=\"e-con-inner\">\n\t\t\t\t<div class=\"elementor-element elementor-element-1f8b38b3 elementor-widget elementor-widget-text-editor\" data-id=\"1f8b38b3\" data-element_type=\"widget\" data-e-type=\"widget\" data-widget_type=\"text-editor.default\">\n\t\t\t\t<div class=\"elementor-widget-container\">\n\t\t\t\t\t\t\t\t\t<h2>Individuelle Rechte<\/h2>\n<p>Abad\u00eda Retuerta, S.A. verpflichtet sich, Ihre Privatsph\u00e4re zu respektieren und Ihre pers\u00f6nlichen Daten ordnungsgem\u00e4\u00df zu sch\u00fctzen, wenn es im Rahmen seiner legitimen Gesch\u00e4ftsaktivit\u00e4ten Daten sammelt und mit anderen teilt.<\/p>\n<p>Zur Erg\u00e4nzung der Novartis-Politik zum Schutz personenbezogener Daten hat Abad\u00eda Retuerta, S.A. die Binding Corporate Rules (BCR) angenommen, eine Reihe von Grunds\u00e4tzen, die die internationale \u00dcbermittlung personenbezogener Daten von Mitarbeitern, Kunden und Gesch\u00e4ftspartnern von Abad\u00eda Retuerta, S.A. sowie anderer Personen, deren Daten in der EU und der Schweiz erhoben und verarbeitet werden, regeln. Die Genehmigung der Novartis Binding Corporate Rules durch die Datenschutzbeh\u00f6rden der EU und der Schweiz erm\u00f6glicht es Novartis, die Datenschutzgesetze der EU-L\u00e4nder und der Schweiz einzuhalten, wenn sie Ihre pers\u00f6nlichen Daten aus diesen L\u00e4ndern an ihre Tochtergesellschaften in aller Welt \u00fcbermittelt.<\/p>\n<p> <\/p>\n<p><strong>Welche Grunds\u00e4tze zum Schutz personenbezogener Daten gelten?<\/strong><\/p>\n<p>Novartis Unternehmen, die Ihre pers\u00f6nlichen Daten aus der EU oder der Schweiz in andere L\u00e4nder \u00fcbermitteln, m\u00fcssen zus\u00e4tzlich zu den Novartis Richtlinien und den Binding Corporate Rules die geltenden Gesetze einhalten. Vor allem diese Unternehmen:<\/p>\n<ul>\n<li>Ihre pers\u00f6nlichen Daten auf transparente und rechtm\u00e4\u00dfige Weise sammeln und verarbeiten;<\/li>\n<li>Ihre pers\u00f6nlichen Daten nur f\u00fcr festgelegte und rechtm\u00e4\u00dfige Zwecke verarbeiten und sie nicht f\u00fcr andere Zwecke verwenden;<\/li>\n<li>Sie \u00fcber die Weitergabe Ihrer pers\u00f6nlichen Daten zu informieren und, falls erforderlich, Ihre Zustimmung einzuholen, sofern dies nach lokalem Recht erforderlich ist.<\/li>\n<li>Ihre pers\u00f6nlichen Daten nur so lange wie n\u00f6tig aufbewahren, es sei denn, l\u00e4ngere oder k\u00fcrzere Aufbewahrungsfristen sind gesetzlich vorgeschrieben oder zul\u00e4ssig.<\/li>\n<li>die Vertraulichkeit Ihrer pers\u00f6nlichen Daten zu wahren und geeignete und angemessene Sicherheitsma\u00dfnahmen zu ergreifen, um Sie vor unbefugtem Zugriff, versehentlichem Verlust oder Besch\u00e4digung, Missbrauch und unbefugter \u00c4nderung oder L\u00f6schung zu sch\u00fctzen.<\/li>\n<\/ul>\n<p> <\/p>\n<p><strong>Was sind meine Rechte?<\/strong><\/p>\n<p>Wenn Sie ein Mitarbeiter, Kunde oder Gesch\u00e4ftspartner von Abad\u00eda Retuerta, S.A. oder eine andere Person sind, deren pers\u00f6nliche Daten von Abad\u00eda Retuerta, S.A. in der EU oder der Schweiz gesammelt und verarbeitet wurden, haben Sie die folgenden Rechte:<\/p>\n<ul>\n<li>k\u00f6nnen Sie Abad\u00eda Retuerta, S.A. auffordern, Sie \u00fcber die Erfassung und Verwendung Ihrer pers\u00f6nlichen Daten durch Abad\u00eda Retuerta, S.A. in \u00dcbereinstimmung mit den geltenden lokalen Gesetzen zu informieren;<\/li>\n<li>k\u00f6nnen Sie Abad\u00eda Retuerta, S.A. auffordern, Ihre pers\u00f6nlichen Daten zu korrigieren, zu l\u00f6schen oder nicht zu verwenden, wenn sie unvollst\u00e4ndig oder ungenau sind;<\/li>\n<li>Sie k\u00f6nnen der Verarbeitung Ihrer pers\u00f6nlichen Daten widersprechen und von Abad\u00eda Retuerta, S.A. verlangen, die Verarbeitung Ihrer Daten nicht fortzusetzen, sofern Sie eine legitime Rechtfertigung daf\u00fcr haben.<\/li>\n<li>Sie k\u00f6nnen eine \u00dcberpr\u00fcfung von Entscheidungen verlangen, die durch die automatische Verarbeitung Ihrer pers\u00f6nlichen Daten getroffen wurden, wenn diese Entscheidungen Sie erheblich betreffen.<\/li>\n<\/ul>\n<p> <\/p>\n<p><strong>Wie kann ich meine Rechte wahrnehmen?<\/strong><\/p>\n<p>Wenn Ihre pers\u00f6nlichen Daten an ein Unternehmen der Novartis Gruppe in einem Nicht-EU-Land au\u00dfer der Schweiz gesendet wurden und dieses Unternehmen kein angemessenes Schutzniveau bietet und Sie glauben, dass Ihre pers\u00f6nlichen Daten unter Versto\u00df gegen die Binding Corporate Rules verarbeitet wurden, k\u00f6nnen Sie wie folgt vorgehen:<\/p>\n<ul>\n<li>eine Beschwerde beim Novartis Business Practices Office (BPO) einreichen, indem Sie eine E-Mail senden an: <a href=\"mailto:business.practicesofficer@novartis.com\">business.practicesofficer@novartis.com.<\/a> Ihre Beschwerde wird gem\u00e4\u00df unseren internen Verfahren untersucht.<\/li>\n<li>eine Beschwerde bei der zust\u00e4ndigen Datenschutzbeh\u00f6rde einreichen oder eine Klage bei den Gerichten in der Schweiz oder in dem EU-Land einreichen, aus dem Ihre pers\u00f6nlichen Daten gesendet wurden.<\/li>\n<\/ul>\t\t\t\t\t\t\t\t<\/div>\n\t\t\t\t<\/div>\n\t\t\t\t\t<\/div>\n\t\t\t\t<\/div>\n\t\t\t\t<\/div>\n\t\t","protected":false},"excerpt":{"rendered":"<p>Individuelle Rechte Abad\u00eda Retuerta, S.A. verpflichtet sich, Ihre Privatsph\u00e4re zu respektieren und Ihre pers\u00f6nlichen Daten ordnungsgem\u00e4\u00df zu sch\u00fctzen, wenn es im Rahmen seiner legitimen Gesch\u00e4ftsaktivit\u00e4ten Daten sammelt und mit anderen teilt. Zur Erg\u00e4nzung der Novartis-Politik zum Schutz personenbezogener Daten hat Abad\u00eda Retuerta, S.A. die Binding Corporate Rules (BCR) angenommen, eine Reihe von Grunds\u00e4tzen, die die [&hellip;]<\/p>\n","protected":false},"author":1,"featured_media":0,"parent":0,"menu_order":0,"comment_status":"closed","ping_status":"closed","template":"elementor_header_footer","meta":{"footnotes":""},"class_list":["post-28753","page","type-page","status-publish","hentry"],"acf":[],"_links":{"self":[{"href":"https:\/\/abadia-retuerta.com\/de\/wp-json\/wp\/v2\/pages\/28753","targetHints":{"allow":["GET"]}}],"collection":[{"href":"https:\/\/abadia-retuerta.com\/de\/wp-json\/wp\/v2\/pages"}],"about":[{"href":"https:\/\/abadia-retuerta.com\/de\/wp-json\/wp\/v2\/types\/page"}],"author":[{"embeddable":true,"href":"https:\/\/abadia-retuerta.com\/de\/wp-json\/wp\/v2\/users\/1"}],"replies":[{"embeddable":true,"href":"https:\/\/abadia-retuerta.com\/de\/wp-json\/wp\/v2\/comments?post=28753"}],"version-history":[{"count":1,"href":"https:\/\/abadia-retuerta.com\/de\/wp-json\/wp\/v2\/pages\/28753\/revisions"}],"predecessor-version":[{"id":28754,"href":"https:\/\/abadia-retuerta.com\/de\/wp-json\/wp\/v2\/pages\/28753\/revisions\/28754"}],"wp:attachment":[{"href":"https:\/\/abadia-retuerta.com\/de\/wp-json\/wp\/v2\/media?parent=28753"}],"curies":[{"name":"wp","href":"https:\/\/api.w.org\/{rel}","templated":true}]}}