{"id":28319,"date":"2025-06-10T08:45:06","date_gmt":"2025-06-10T08:45:06","guid":{"rendered":"http:\/\/abadia-retuerta.com\/team\/"},"modified":"2025-11-09T17:32:04","modified_gmt":"2025-11-09T17:32:04","slug":"team","status":"publish","type":"page","link":"https:\/\/abadia-retuerta.com\/de\/keller\/team\/","title":{"rendered":"Team"},"content":{"rendered":"\t\t<div data-elementor-type=\"wp-page\" data-elementor-id=\"28319\" class=\"elementor elementor-28319 elementor-500\" data-elementor-post-type=\"page\">\n\t\t\t\t<div class=\"elementor-element elementor-element-287704e5 e-con-full e-flex e-con e-parent\" data-id=\"287704e5\" data-element_type=\"container\" data-e-type=\"container\" data-settings=\"{&quot;background_background&quot;:&quot;classic&quot;,&quot;motion_fx_motion_fx_scrolling&quot;:&quot;yes&quot;,&quot;motion_fx_devices&quot;:[&quot;desktop&quot;,&quot;tablet&quot;,&quot;mobile&quot;]}\">\n\t\t<div class=\"elementor-element elementor-element-21592c0a e-con-full e-flex e-con e-child\" data-id=\"21592c0a\" data-element_type=\"container\" data-e-type=\"container\">\n\t\t\t\t<div class=\"elementor-element elementor-element-7826044d elementor-widget elementor-widget-heading\" data-id=\"7826044d\" data-element_type=\"widget\" data-e-type=\"widget\" data-widget_type=\"heading.default\">\n\t\t\t\t<div class=\"elementor-widget-container\">\n\t\t\t\t\t<h1 class=\"elementor-heading-title elementor-size-default\">Team<\/h1>\t\t\t\t<\/div>\n\t\t\t\t<\/div>\n\t\t\t\t<\/div>\n\t\t\t\t<\/div>\n\t\t<div class=\"elementor-element elementor-element-2fe72b7 e-flex e-con-boxed e-con e-parent\" data-id=\"2fe72b7\" data-element_type=\"container\" data-e-type=\"container\" data-settings=\"{&quot;background_background&quot;:&quot;classic&quot;}\">\n\t\t\t\t\t<div class=\"e-con-inner\">\n\t\t<div class=\"elementor-element elementor-element-4809d51 e-con-full e-flex e-con e-child\" data-id=\"4809d51\" data-element_type=\"container\" data-e-type=\"container\">\n\t\t\t\t<div class=\"elementor-element elementor-element-cf2f0d3 elementor-widget__width-initial elementor-widget elementor-widget-image\" data-id=\"cf2f0d3\" data-element_type=\"widget\" data-e-type=\"widget\" data-widget_type=\"image.default\">\n\t\t\t\t<div class=\"elementor-widget-container\">\n\t\t\t\t\t\t\t\t\t\t\t\t\t\t\t<img fetchpriority=\"high\" decoding=\"async\" width=\"800\" height=\"534\" src=\"https:\/\/abadia-retuerta.com\/wp-content\/uploads\/2025\/06\/N4B7536-min-1024x683-BH2E.webp\" class=\"attachment-large size-large wp-image-28321\" alt=\"\" srcset=\"https:\/\/abadia-retuerta.com\/wp-content\/uploads\/2025\/06\/N4B7536-min-1024x683-BH2E.webp 1024w, https:\/\/abadia-retuerta.com\/wp-content\/uploads\/2025\/06\/N4B7536-min-1024x683-BH2E-300x200.webp 300w, https:\/\/abadia-retuerta.com\/wp-content\/uploads\/2025\/06\/N4B7536-min-1024x683-BH2E-768x512.webp 768w, https:\/\/abadia-retuerta.com\/wp-content\/uploads\/2025\/06\/N4B7536-min-1024x683-BH2E-600x400.webp 600w\" sizes=\"(max-width: 800px) 100vw, 800px\" title=\"\">\t\t\t\t\t\t\t\t\t\t\t\t\t\t\t<\/div>\n\t\t\t\t<\/div>\n\t\t\t\t<\/div>\n\t\t\t\t\t<\/div>\n\t\t\t\t<\/div>\n\t\t<div class=\"elementor-element elementor-element-dd1710a e-flex e-con-boxed e-con e-parent\" data-id=\"dd1710a\" data-element_type=\"container\" data-e-type=\"container\" data-settings=\"{&quot;background_background&quot;:&quot;classic&quot;}\">\n\t\t\t\t\t<div class=\"e-con-inner\">\n\t\t\t\t<div class=\"elementor-element elementor-element-d435b6b elementor-widget elementor-widget-text-editor\" data-id=\"d435b6b\" data-element_type=\"widget\" data-e-type=\"widget\" data-widget_type=\"text-editor.default\">\n\t\t\t\t<div class=\"elementor-widget-container\">\n\t\t\t\t\t\t\t\t\t<p>Ein historisches Weingut, dessen Wurzeln bis ins 12. Jahrhundert zur\u00fcckreichen und das einen Wein der Rasse hervorbringt, mit Charakter und einer einzigartigen Pers\u00f6nlichkeit, die ihn von den gro\u00dfen Weinen der Welt unterscheidet und vergleichbar macht.<\/p><p>Seele, Leidenschaft und Exzellenz sind das R\u00fcckgrat eines einzigartigen Projekts und sein wertvollstes Gut, der Wein, in Gro\u00dfbuchstaben.<\/p><p><b>Die Alma Mater<\/b><\/p><p>Abad\u00eda Retuerta findet sein Wesen und seine Daseinsberechtigung in Weinen aus Einzellagen.<\/p><p>Deren Alma Mater ist Pascal Delbeck, der der Ideologe war und das ins Leben rief, was wir heute als Weingut Abad\u00eda Retuerta kennen. Aus seiner Hand stammt \u00c1ngel Anoc\u00edbar, der heutige \u00d6nologe und Direktor, der den Staffelstab von ihm \u00fcbernommen hat. Jetzt ist er es, der die fachkundigen H\u00e4nde anleitet, um einen der einzigartigsten Weine zu schaffen, der die Pers\u00f6nlichkeit und Einzigartigkeit des Terroirs am besten widerspiegelt.  <\/p><p><b>\u00c1ngel Anoc\u00edbar<\/b>, \u00d6nologe und Direktor von Vi\u00f1edo y Bodega<br>Er wurde in einem kleinen Dorf in der Provinz Navarra geboren. Er studierte Weinbau und \u00d6nologie an der &#8222;Escuela de la Vid&#8220; in Madrid. Sp\u00e4ter zog er nach Bordeaux, wo er sein Diplome Nacional d&#8217;Oenologie, Diplome d&#8217;Etudes Approfondies erwarb. Und 1998 promovierte er in \u00d6nologie und Ampelographie mit dem europ\u00e4ischen G\u00fctesiegel und war damit der einzige Spanier, der einen solchen Abschluss erlangte.   <\/p><p>Nachdem er in Frankreich gearbeitet hatte, unter anderem bei Chateau la Jalgue (Cubeirac) und Calon Segur (San Est\u00e9phe), begann er 1996 bei Abad\u00eda Retuerta unter der Leitung von Pascal Delbeck, einem franz\u00f6sischen Winzer und Berater des Weinguts.<\/p><p>Anoc\u00edbar hat zahlreiche Auszeichnungen erhalten, ebenso wie die Weine, die von den Kritikern mit hohen Noten und Medaillen bedacht wurden.<\/p><p>Er wurde 2005 von der International Wine Challenge (Wine Magazine) zum Winzer des Jahres ernannt und ist Mitglied der International Wine Academy of France.<\/p>\t\t\t\t\t\t\t\t<\/div>\n\t\t\t\t<\/div>\n\t\t\t\t\t<\/div>\n\t\t\t\t<\/div>\n\t\t<div class=\"elementor-element elementor-element-f3de00f e-flex e-con-boxed e-con e-parent\" data-id=\"f3de00f\" data-element_type=\"container\" data-e-type=\"container\" data-settings=\"{&quot;background_background&quot;:&quot;classic&quot;}\">\n\t\t\t\t\t<div class=\"e-con-inner\">\n\t\t<div class=\"elementor-element elementor-element-ecd6887 e-con-full e-flex e-con e-child\" data-id=\"ecd6887\" data-element_type=\"container\" data-e-type=\"container\">\n\t\t\t\t<div class=\"elementor-element elementor-element-cd3b3b7 elementor-widget__width-initial elementor-widget elementor-widget-image\" data-id=\"cd3b3b7\" data-element_type=\"widget\" data-e-type=\"widget\" data-widget_type=\"image.default\">\n\t\t\t\t<div class=\"elementor-widget-container\">\n\t\t\t\t\t\t\t\t\t\t\t\t\t\t\t<img decoding=\"async\" width=\"800\" height=\"534\" src=\"https:\/\/abadia-retuerta.com\/wp-content\/uploads\/2025\/06\/N4B7345-min-1024x683-BH2E.webp\" class=\"attachment-large size-large wp-image-28320\" alt=\"\" srcset=\"https:\/\/abadia-retuerta.com\/wp-content\/uploads\/2025\/06\/N4B7345-min-1024x683-BH2E.webp 1024w, https:\/\/abadia-retuerta.com\/wp-content\/uploads\/2025\/06\/N4B7345-min-1024x683-BH2E-300x200.webp 300w, https:\/\/abadia-retuerta.com\/wp-content\/uploads\/2025\/06\/N4B7345-min-1024x683-BH2E-768x512.webp 768w, https:\/\/abadia-retuerta.com\/wp-content\/uploads\/2025\/06\/N4B7345-min-1024x683-BH2E-600x400.webp 600w\" sizes=\"(max-width: 800px) 100vw, 800px\" title=\"\">\t\t\t\t\t\t\t\t\t\t\t\t\t\t\t<\/div>\n\t\t\t\t<\/div>\n\t\t\t\t<\/div>\n\t\t\t\t\t<\/div>\n\t\t\t\t<\/div>\n\t\t<div class=\"elementor-element elementor-element-2b60728 e-flex e-con-boxed e-con e-parent\" data-id=\"2b60728\" data-element_type=\"container\" data-e-type=\"container\" data-settings=\"{&quot;background_background&quot;:&quot;classic&quot;}\">\n\t\t\t\t\t<div class=\"e-con-inner\">\n\t\t\t\t<div class=\"elementor-element elementor-element-a802e62 elementor-widget elementor-widget-text-editor\" data-id=\"a802e62\" data-element_type=\"widget\" data-e-type=\"widget\" data-widget_type=\"text-editor.default\">\n\t\t\t\t<div class=\"elementor-widget-container\">\n\t\t\t\t\t\t\t\t\t<p><b>Pascal Delbeck<\/b>: Winzer und Berater<br>Als Nachkomme einer Familie, die seit 5 Generationen im Weinbau t\u00e4tig ist und Weinbau und \u00d6nologie in Bordeaux und Libourne studiert hat, begann er 1979 mit der Entwicklung von Patenten im Zusammenhang mit der Arbeit im Weinberg und dem Wein, wie z.B. dem Schwerkraftregalsystem, dem &#8222;ouillage&#8220;-System mit Mikro-Sauerstoffzufuhr, der Ernte in kleinen Kisten, dem Selektionstisch und dem Konzept f\u00fcr den Transport der Ernten, um nur einige zu nennen.<\/p><p>Er ist derzeit Eigent\u00fcmer von Ch\u00e2teau Tour du Pas Saint-Georges in Saint-Georges Saint-Emilion und ber\u00e4t auch viele Immobilien im Ausland, in der T\u00fcrkei, in den Vereinigten Staaten und seit den Anf\u00e4ngen von Abad\u00eda Retuerta.<\/p><p>Pascal ist Mitglied des Rates der Internationalen Weinakademie von Genf, neben anderen Weinbruderschaften, und Offizier des Ordens f\u00fcr landwirtschaftliche Verdienste.<\/p>\t\t\t\t\t\t\t\t<\/div>\n\t\t\t\t<\/div>\n\t\t\t\t\t<\/div>\n\t\t\t\t<\/div>\n\t\t\t\t<\/div>\n\t\t","protected":false},"excerpt":{"rendered":"<p>Team Ein historisches Weingut, dessen Wurzeln bis ins 12. Jahrhundert zur\u00fcckreichen und das einen Wein der Rasse hervorbringt, mit Charakter und einer einzigartigen Pers\u00f6nlichkeit, die ihn von den gro\u00dfen Weinen der Welt unterscheidet und vergleichbar macht. Seele, Leidenschaft und Exzellenz sind das R\u00fcckgrat eines einzigartigen Projekts und sein wertvollstes Gut, der Wein, in Gro\u00dfbuchstaben. Die [&hellip;]<\/p>\n","protected":false},"author":1,"featured_media":0,"parent":28470,"menu_order":0,"comment_status":"closed","ping_status":"closed","template":"elementor_header_footer","meta":{"footnotes":""},"class_list":["post-28319","page","type-page","status-publish","hentry"],"acf":[],"_links":{"self":[{"href":"https:\/\/abadia-retuerta.com\/de\/wp-json\/wp\/v2\/pages\/28319","targetHints":{"allow":["GET"]}}],"collection":[{"href":"https:\/\/abadia-retuerta.com\/de\/wp-json\/wp\/v2\/pages"}],"about":[{"href":"https:\/\/abadia-retuerta.com\/de\/wp-json\/wp\/v2\/types\/page"}],"author":[{"embeddable":true,"href":"https:\/\/abadia-retuerta.com\/de\/wp-json\/wp\/v2\/users\/1"}],"replies":[{"embeddable":true,"href":"https:\/\/abadia-retuerta.com\/de\/wp-json\/wp\/v2\/comments?post=28319"}],"version-history":[{"count":3,"href":"https:\/\/abadia-retuerta.com\/de\/wp-json\/wp\/v2\/pages\/28319\/revisions"}],"predecessor-version":[{"id":28325,"href":"https:\/\/abadia-retuerta.com\/de\/wp-json\/wp\/v2\/pages\/28319\/revisions\/28325"}],"up":[{"embeddable":true,"href":"https:\/\/abadia-retuerta.com\/de\/wp-json\/wp\/v2\/pages\/28470"}],"wp:attachment":[{"href":"https:\/\/abadia-retuerta.com\/de\/wp-json\/wp\/v2\/media?parent=28319"}],"curies":[{"name":"wp","href":"https:\/\/api.w.org\/{rel}","templated":true}]}}